{"id":2070,"date":"2018-03-25T23:28:20","date_gmt":"2018-03-25T21:28:20","guid":{"rendered":"http:\/\/jkoehler.diskstation.me\/wordpress\/?page_id=2070"},"modified":"2019-03-16T14:16:32","modified_gmt":"2019-03-16T13:16:32","slug":"21-marz-1994-weltenrausch","status":"publish","type":"page","link":"http:\/\/jkoehler.diskstation.me\/wordpress\/diaries\/tgb-since-1993\/berlin-neuanfang-1993-95-familiengrundung-studium\/1994-2\/21-marz-1994-weltenrausch\/","title":{"rendered":"21. M\u00e4rz 1994: Weltenrausch"},"content":{"rendered":"<p>Zum WELTENRAUSCH<br \/>\nAlexanders Weltbild:<br \/>\n&#8211; Kausalit\u00e4tsprinzip der Energiehaushalte (trampen, Energievampire, Hunde, Technik &#8230; ) ;<br \/>\nDavid:<br \/>\n&#8211; Wandelnder Zerrspiegel, der wie Wei\u00dfer Zwerg die Raumstruktur der Umgebung ver\u00e4ndert;<\/p>\n<p>Frauen, die die verr\u00fccktesten Dinge tun, um den Spinner, den sie lieben, in die Sph\u00e4ren zu heben, die diese f\u00fcr sieb ertr\u00e4umen. Warum? Vielleicht ein beengendes Gef\u00fchl der eigenen Erdung (Kind, Blut, Zyklus) und Kompensation \u00fcber das mobile Geschlecht?<\/p>\n<p>&#8211;&gt; <a href=\"http:\/\/jkoehler.diskstation.me\/wordpress\/diaries\/tgb-since-1993\/berlin-neuanfang-1993-95-familiengrundung-studium\/1994-2\/home-parties\/\">next page<\/a><\/p>\n","protected":false},"excerpt":{"rendered":"<p>Zum WELTENRAUSCH Alexanders Weltbild: &#8211; Kausalit\u00e4tsprinzip der Energiehaushalte (trampen, Energievampire, Hunde, Technik &#8230; ) ; David: &#8211; Wandelnder Zerrspiegel, der wie Wei\u00dfer Zwerg die Raumstruktur der Umgebung ver\u00e4ndert; Frauen, die die verr\u00fccktesten Dinge tun, um den Spinner, den sie lieben, in die Sph\u00e4ren zu heben, die diese f\u00fcr sieb ertr\u00e4umen. Warum? Vielleicht ein beengendes Gef\u00fchl &hellip; <\/p>\n<p class=\"link-more\"><a href=\"http:\/\/jkoehler.diskstation.me\/wordpress\/diaries\/tgb-since-1993\/berlin-neuanfang-1993-95-familiengrundung-studium\/1994-2\/21-marz-1994-weltenrausch\/\" class=\"more-link\">Continue reading<span class=\"screen-reader-text\"> &#8220;21. M\u00e4rz 1994: Weltenrausch&#8221;<\/span><\/a><\/p>\n","protected":false},"author":1,"featured_media":2073,"parent":4604,"menu_order":7,"comment_status":"closed","ping_status":"closed","template":"","meta":{"footnotes":""},"class_list":["post-2070","page","type-page","status-publish","has-post-thumbnail","hentry"],"_links":{"self":[{"href":"http:\/\/jkoehler.diskstation.me\/wordpress\/wp-json\/wp\/v2\/pages\/2070","targetHints":{"allow":["GET"]}}],"collection":[{"href":"http:\/\/jkoehler.diskstation.me\/wordpress\/wp-json\/wp\/v2\/pages"}],"about":[{"href":"http:\/\/jkoehler.diskstation.me\/wordpress\/wp-json\/wp\/v2\/types\/page"}],"author":[{"embeddable":true,"href":"http:\/\/jkoehler.diskstation.me\/wordpress\/wp-json\/wp\/v2\/users\/1"}],"replies":[{"embeddable":true,"href":"http:\/\/jkoehler.diskstation.me\/wordpress\/wp-json\/wp\/v2\/comments?post=2070"}],"version-history":[{"count":6,"href":"http:\/\/jkoehler.diskstation.me\/wordpress\/wp-json\/wp\/v2\/pages\/2070\/revisions"}],"predecessor-version":[{"id":4716,"href":"http:\/\/jkoehler.diskstation.me\/wordpress\/wp-json\/wp\/v2\/pages\/2070\/revisions\/4716"}],"up":[{"embeddable":true,"href":"http:\/\/jkoehler.diskstation.me\/wordpress\/wp-json\/wp\/v2\/pages\/4604"}],"wp:featuredmedia":[{"embeddable":true,"href":"http:\/\/jkoehler.diskstation.me\/wordpress\/wp-json\/wp\/v2\/media\/2073"}],"wp:attachment":[{"href":"http:\/\/jkoehler.diskstation.me\/wordpress\/wp-json\/wp\/v2\/media?parent=2070"}],"curies":[{"name":"wp","href":"https:\/\/api.w.org\/{rel}","templated":true}]}}