{"id":2066,"date":"2018-03-25T23:19:20","date_gmt":"2018-03-25T21:19:20","guid":{"rendered":"http:\/\/jkoehler.diskstation.me\/wordpress\/?page_id=2066"},"modified":"2019-03-16T14:16:32","modified_gmt":"2019-03-16T13:16:32","slug":"18-januar-1994-diktat-der-schonheit","status":"publish","type":"page","link":"http:\/\/jkoehler.diskstation.me\/wordpress\/diaries\/tgb-since-1993\/berlin-neuanfang-1993-95-familiengrundung-studium\/1994-2\/18-januar-1994-diktat-der-schonheit\/","title":{"rendered":"18. Januar 1994: Diktat der Sch\u00f6nheit"},"content":{"rendered":"<p>Das Diktat der Sch\u00f6nheit.<br \/>\nUnappetitlich, wenn ein Mensch sein Schicksal zu offensichtlich verk\u00f6rpert. Macht ist Unfreiheit (Scott, Bloch, Handlungsfreiraum im Ausw\u00e4rtigen\u00a0Dienst). Warum sehnen sich V\u00f6lker in ihren Sagen und Legenden immer wieder nach den Zeiten zur\u00fcck, in denen sie m\u00e4chtig waren?<\/p>\n<p>&#8211;&gt; <a href=\"http:\/\/jkoehler.diskstation.me\/wordpress\/diaries\/berlin-neuanfang-1993-95-familiengrundung-studium\/21-marz-1994-weltenrausch\/\">next page<\/a><\/p>\n","protected":false},"excerpt":{"rendered":"<p>Das Diktat der Sch\u00f6nheit. Unappetitlich, wenn ein Mensch sein Schicksal zu offensichtlich verk\u00f6rpert. Macht ist Unfreiheit (Scott, Bloch, Handlungsfreiraum im Ausw\u00e4rtigen\u00a0Dienst). Warum sehnen sich V\u00f6lker in ihren Sagen und Legenden immer wieder nach den Zeiten zur\u00fcck, in denen sie m\u00e4chtig waren? &#8211;&gt; next page<\/p>\n","protected":false},"author":1,"featured_media":2069,"parent":4604,"menu_order":6,"comment_status":"closed","ping_status":"closed","template":"","meta":{"footnotes":""},"class_list":["post-2066","page","type-page","status-publish","has-post-thumbnail","hentry"],"_links":{"self":[{"href":"http:\/\/jkoehler.diskstation.me\/wordpress\/wp-json\/wp\/v2\/pages\/2066","targetHints":{"allow":["GET"]}}],"collection":[{"href":"http:\/\/jkoehler.diskstation.me\/wordpress\/wp-json\/wp\/v2\/pages"}],"about":[{"href":"http:\/\/jkoehler.diskstation.me\/wordpress\/wp-json\/wp\/v2\/types\/page"}],"author":[{"embeddable":true,"href":"http:\/\/jkoehler.diskstation.me\/wordpress\/wp-json\/wp\/v2\/users\/1"}],"replies":[{"embeddable":true,"href":"http:\/\/jkoehler.diskstation.me\/wordpress\/wp-json\/wp\/v2\/comments?post=2066"}],"version-history":[{"count":2,"href":"http:\/\/jkoehler.diskstation.me\/wordpress\/wp-json\/wp\/v2\/pages\/2066\/revisions"}],"predecessor-version":[{"id":2072,"href":"http:\/\/jkoehler.diskstation.me\/wordpress\/wp-json\/wp\/v2\/pages\/2066\/revisions\/2072"}],"up":[{"embeddable":true,"href":"http:\/\/jkoehler.diskstation.me\/wordpress\/wp-json\/wp\/v2\/pages\/4604"}],"wp:featuredmedia":[{"embeddable":true,"href":"http:\/\/jkoehler.diskstation.me\/wordpress\/wp-json\/wp\/v2\/media\/2069"}],"wp:attachment":[{"href":"http:\/\/jkoehler.diskstation.me\/wordpress\/wp-json\/wp\/v2\/media?parent=2066"}],"curies":[{"name":"wp","href":"https:\/\/api.w.org\/{rel}","templated":true}]}}