{"id":2039,"date":"2018-03-24T19:56:21","date_gmt":"2018-03-24T18:56:21","guid":{"rendered":"http:\/\/jkoehler.diskstation.me\/wordpress\/?page_id=2039"},"modified":"2019-03-16T14:16:32","modified_gmt":"2019-03-16T13:16:32","slug":"15-november-1993-magische-quellen","status":"publish","type":"page","link":"http:\/\/jkoehler.diskstation.me\/wordpress\/diaries\/tgb-since-1993\/berlin-neuanfang-1993-95-familiengrundung-studium\/1993-2\/15-november-1993-magische-quellen\/","title":{"rendered":"15. November 1993: Magische Quellen"},"content":{"rendered":"<p>Der Begriff der romantischen, idealisierten Liebe hat in der Institution des Szorperi Eingang gefunden. Der Szorperi erscheint als poetisches Ideal, frei von allem irdischen &#8211; Sex, Fruchtbarkeit, Entjungferung (Iniziation) usw .. Trotzdem schlie\u00dft er Sinnlichkeit als &#8220;s\u00fc\u00dfe Qual&#8221; mit ein. Genauso ist anderes Irdisches, Zyklisches, Verg\u00e4ngliches weitest m\u00f6glich aus der (M\u00e4nner)gesellschaft ausgegliedert. So z.B. Menstruation lmd Geburt. In der Darstellung sind diese weiblichen Dom\u00e4nen sogar den Frauen als verbindendes Erlebnis verwehrt und geschehen in Abgeschiedenheit.<\/p>\n<p>Die M\u00e4nner werden als wehm\u00fctig und einsam beschrieben, in der ausgefeilten Welt, die sie sich nach ihren Vorstellungen, im Aufbegehren gegen das Nat\u00fcrliche geschaffen haben und beherrschen. Alle Werte sind sehr direkt gegen das Irdische gerichtet, einschlie\u00dflich der Dichtungen, Ehrenkodex, Todesverh\u00e4ltnis usw ..<br \/>\nDie Pl\u00e4tze, die Frauen blieben, in solchen ausgefuchsten M\u00e4nnergesellschaften, w\u00e4re f\u00fcr Swanetien interessant zu untersuchen [wie organisiert sich die &#8220;secret transcription&#8221; bei ihnen?].<\/p>\n<p>Wie wurde in unserer Kultur das Verst\u00e4ndnis von romantischer Liebe gepr\u00e4gt? =&gt;Antike, Renaissance, B\u00fcrgertum, [christlicher Humanismus(?)]. Gerade das Romantische der Liebe wird ja ausgemacht von einer verkl\u00e4rten Sicht des Geliebten, damit er &#8211; und in der Reflektion zwangsl\u00e4ufig man selbst &#8211; mehr scheint zu sein, als ein gew\u00f6hnliches Gesch\u00f6pf. (s. Werthers Liebesdefinition). Durch den Sexual trieb werden diese Tr\u00e4umereien oft wieder zur\u00fcck in den Scho\u00df der Natur geholt, oder aber pervertieren im Kampf der rom. Verkl\u00e4rung gegen die Natur. Daher ist vielleicht die hewsurische Institution der Szorperi eine besonders weit zivilisierte.<\/p>\n<p>&#8211;&gt; <a href=\"http:\/\/jkoehler.diskstation.me\/wordpress\/diaries\/berlin-neuanfang-1993-95-familiengrundung-studium\/10-dezember-1993-kultur-als-religionsersatz\/\">next page<\/a><\/p>\n","protected":false},"excerpt":{"rendered":"<p>Der Begriff der romantischen, idealisierten Liebe hat in der Institution des Szorperi Eingang gefunden. Der Szorperi erscheint als poetisches Ideal, frei von allem irdischen &#8211; Sex, Fruchtbarkeit, Entjungferung (Iniziation) usw .. Trotzdem schlie\u00dft er Sinnlichkeit als &#8220;s\u00fc\u00dfe Qual&#8221; mit ein. Genauso ist anderes Irdisches, Zyklisches, Verg\u00e4ngliches weitest m\u00f6glich aus der (M\u00e4nner)gesellschaft ausgegliedert. So z.B. Menstruation &hellip; <\/p>\n<p class=\"link-more\"><a href=\"http:\/\/jkoehler.diskstation.me\/wordpress\/diaries\/tgb-since-1993\/berlin-neuanfang-1993-95-familiengrundung-studium\/1993-2\/15-november-1993-magische-quellen\/\" class=\"more-link\">Continue reading<span class=\"screen-reader-text\"> &#8220;15. November 1993: Magische Quellen&#8221;<\/span><\/a><\/p>\n","protected":false},"author":1,"featured_media":2062,"parent":4601,"menu_order":2,"comment_status":"closed","ping_status":"closed","template":"","meta":{"footnotes":""},"class_list":["post-2039","page","type-page","status-publish","has-post-thumbnail","hentry"],"_links":{"self":[{"href":"http:\/\/jkoehler.diskstation.me\/wordpress\/wp-json\/wp\/v2\/pages\/2039","targetHints":{"allow":["GET"]}}],"collection":[{"href":"http:\/\/jkoehler.diskstation.me\/wordpress\/wp-json\/wp\/v2\/pages"}],"about":[{"href":"http:\/\/jkoehler.diskstation.me\/wordpress\/wp-json\/wp\/v2\/types\/page"}],"author":[{"embeddable":true,"href":"http:\/\/jkoehler.diskstation.me\/wordpress\/wp-json\/wp\/v2\/users\/1"}],"replies":[{"embeddable":true,"href":"http:\/\/jkoehler.diskstation.me\/wordpress\/wp-json\/wp\/v2\/comments?post=2039"}],"version-history":[{"count":5,"href":"http:\/\/jkoehler.diskstation.me\/wordpress\/wp-json\/wp\/v2\/pages\/2039\/revisions"}],"predecessor-version":[{"id":2058,"href":"http:\/\/jkoehler.diskstation.me\/wordpress\/wp-json\/wp\/v2\/pages\/2039\/revisions\/2058"}],"up":[{"embeddable":true,"href":"http:\/\/jkoehler.diskstation.me\/wordpress\/wp-json\/wp\/v2\/pages\/4601"}],"wp:featuredmedia":[{"embeddable":true,"href":"http:\/\/jkoehler.diskstation.me\/wordpress\/wp-json\/wp\/v2\/media\/2062"}],"wp:attachment":[{"href":"http:\/\/jkoehler.diskstation.me\/wordpress\/wp-json\/wp\/v2\/media?parent=2039"}],"curies":[{"name":"wp","href":"https:\/\/api.w.org\/{rel}","templated":true}]}}