{"id":1902,"date":"2018-03-17T19:26:46","date_gmt":"2018-03-17T18:26:46","guid":{"rendered":"http:\/\/jkoehler.diskstation.me\/wordpress\/?page_id=1902"},"modified":"2019-03-16T14:19:26","modified_gmt":"2019-03-16T13:19:26","slug":"texte","status":"publish","type":"page","link":"http:\/\/jkoehler.diskstation.me\/wordpress\/texte\/","title":{"rendered":"Texte"},"content":{"rendered":"\n<p>Sammlung von Texten f\u00fcr Cross-Referenzen zu den privaten und Feldtageb\u00fcchern:<\/p>\n\n\n\n<ul class=\"wp-block-list\"><li>Wissenschaft<\/li><li>Gedichte<\/li><li>Literatur<\/li><\/ul>\n\n\n\n<p>Struktur der Textsektion (in Teilen passwortgesch\u00fctzt)<\/p>\n\n\n\n<!-- Page-list plugin v.5.9 wordpress.org\/plugins\/page-list\/ -->\n<ul class=\"page-list subpages-page-list \">\n<li class=\"page_item page-item-1910\"><a href=\"http:\/\/jkoehler.diskstation.me\/wordpress\/texte\/helden\/\">Helden [1991]<\/a><\/li>\n<li class=\"page_item page-item-5681\"><a href=\"http:\/\/jkoehler.diskstation.me\/wordpress\/texte\/herbstgeschichte\/\">HERBSTGESCHICHTE [1990]<\/a><\/li>\n<li class=\"page_item page-item-5683\"><a href=\"http:\/\/jkoehler.diskstation.me\/wordpress\/texte\/winter\/\">WINTER [1993]<\/a><\/li>\n<li class=\"page_item page-item-6088 page_item_has_children\"><a href=\"http:\/\/jkoehler.diskstation.me\/wordpress\/texte\/dato-short-story-written-in-russian\/\">Dato &#8211; short story written in Russian [1993]<\/a><\/li>\n\n<\/ul>\n\n\n\n<p><\/p>\n","protected":false},"excerpt":{"rendered":"<p>Sammlung von Texten f\u00fcr Cross-Referenzen zu den privaten und Feldtageb\u00fcchern: Wissenschaft Gedichte Literatur Struktur der Textsektion (in Teilen passwortgesch\u00fctzt)<\/p>\n","protected":false},"author":1,"featured_media":0,"parent":0,"menu_order":0,"comment_status":"closed","ping_status":"closed","template":"","meta":{"footnotes":""},"class_list":["post-1902","page","type-page","status-publish","hentry"],"_links":{"self":[{"href":"http:\/\/jkoehler.diskstation.me\/wordpress\/wp-json\/wp\/v2\/pages\/1902","targetHints":{"allow":["GET"]}}],"collection":[{"href":"http:\/\/jkoehler.diskstation.me\/wordpress\/wp-json\/wp\/v2\/pages"}],"about":[{"href":"http:\/\/jkoehler.diskstation.me\/wordpress\/wp-json\/wp\/v2\/types\/page"}],"author":[{"embeddable":true,"href":"http:\/\/jkoehler.diskstation.me\/wordpress\/wp-json\/wp\/v2\/users\/1"}],"replies":[{"embeddable":true,"href":"http:\/\/jkoehler.diskstation.me\/wordpress\/wp-json\/wp\/v2\/comments?post=1902"}],"version-history":[{"count":6,"href":"http:\/\/jkoehler.diskstation.me\/wordpress\/wp-json\/wp\/v2\/pages\/1902\/revisions"}],"predecessor-version":[{"id":6204,"href":"http:\/\/jkoehler.diskstation.me\/wordpress\/wp-json\/wp\/v2\/pages\/1902\/revisions\/6204"}],"wp:attachment":[{"href":"http:\/\/jkoehler.diskstation.me\/wordpress\/wp-json\/wp\/v2\/media?parent=1902"}],"curies":[{"name":"wp","href":"https:\/\/api.w.org\/{rel}","templated":true}]}}