{"id":1530,"date":"2018-03-13T14:41:34","date_gmt":"2018-03-13T13:41:34","guid":{"rendered":"http:\/\/jkoehler.diskstation.me\/wordpress\/?page_id=1530"},"modified":"2026-03-16T10:15:39","modified_gmt":"2026-03-16T09:15:39","slug":"piter-juli-1993-fotos-und-erinnerungen","status":"publish","type":"page","link":"http:\/\/jkoehler.diskstation.me\/wordpress\/diaries\/tagebuch-leningrad-st-petersburg-tbilisi-1991-1993\/russland-ruckkehr-und-abschied\/piter-juli-1993-fotos-und-erinnerungen\/","title":{"rendered":"Piter, Juli 1993 &#8211; Fotos und Erinnerungen"},"content":{"rendered":"\n<p>Wei\u00dfe N\u00e4chte, Inna, Horst, Karin, Albrecht, Dato, M\u00fcllo und andere Helden (leider nur Fotos und keine TGB-Aufzeichnungen aus dieser ausgelassenen und frohen Zeit; also dem Juli 1993)<\/p>\n\n\n\n<p>Zwei zukunftsweisende Episoden fehlen hier &#8211; sie ereigneten sich wohl auch etwas sp\u00e4ter, kurz vor meiner Abreise aus Russland: Jo Minderjahn&#8217;s Besuch und Teilnahme an einem Abschiedsessen mit Inna, Tatjana Sergeevna und georgischen G\u00e4sten in meiner Wohnung, das ihm ziemlich imponiert hatte (Eloquenz und Sinnlichkeit der Anwesenden), und Gelas Stipvisite in Moskau, in der er sein Interesse an Gesch\u00e4ftskontakten unterstrich und ich das erste Mal Minderjahn und Gela im Geiste zusammenbrachte. <\/p>\n\n\n<div class=\"wp-block-image\">\n<figure class=\"alignleft\"><a href=\"http:\/\/jkoehler.diskstation.me\/wordpress\/wp-content\/uploads\/2018\/03\/STP_93_july-56.jpg\"><img loading=\"lazy\" decoding=\"async\" width=\"1000\" height=\"664\" src=\"http:\/\/jkoehler.diskstation.me\/wordpress\/wp-content\/uploads\/2018\/03\/STP_93_july-56.jpg\" alt=\"\" class=\"wp-image-1545\" srcset=\"http:\/\/jkoehler.diskstation.me\/wordpress\/wp-content\/uploads\/2018\/03\/STP_93_july-56.jpg 1000w, http:\/\/jkoehler.diskstation.me\/wordpress\/wp-content\/uploads\/2018\/03\/STP_93_july-56-300x199.jpg 300w, http:\/\/jkoehler.diskstation.me\/wordpress\/wp-content\/uploads\/2018\/03\/STP_93_july-56-768x510.jpg 768w\" sizes=\"auto, (max-width: 767px) 89vw, (max-width: 1000px) 54vw, (max-width: 1071px) 543px, 580px\" \/><\/a><\/figure><\/div>\n\n\n<p>Mit Nina Sergeevna, Inna, Dyadya Volodya, Roma und Horst, Karin und Albrecht an der Niva in der N\u00e4che von Volodyas Dacha<\/p>\n\n\n<div class=\"wp-block-image\">\n<figure class=\"alignleft\"><a href=\"http:\/\/jkoehler.diskstation.me\/wordpress\/wp-content\/uploads\/2018\/03\/STP_93_july-65.jpg\"><img loading=\"lazy\" decoding=\"async\" width=\"1000\" height=\"664\" src=\"http:\/\/jkoehler.diskstation.me\/wordpress\/wp-content\/uploads\/2018\/03\/STP_93_july-65.jpg\" alt=\"\" class=\"wp-image-1546\" srcset=\"http:\/\/jkoehler.diskstation.me\/wordpress\/wp-content\/uploads\/2018\/03\/STP_93_july-65.jpg 1000w, http:\/\/jkoehler.diskstation.me\/wordpress\/wp-content\/uploads\/2018\/03\/STP_93_july-65-300x199.jpg 300w, http:\/\/jkoehler.diskstation.me\/wordpress\/wp-content\/uploads\/2018\/03\/STP_93_july-65-768x510.jpg 768w\" sizes=\"auto, (max-width: 767px) 89vw, (max-width: 1000px) 54vw, (max-width: 1071px) 543px, 580px\" \/><\/a><\/figure><\/div>\n\n\n<p>Bei Nina und Inna zu Hause in Puschkin, mit meinen Eltern und Albrecht<\/p>\n\n\n<div class=\"wp-block-image\">\n<figure class=\"alignleft\"><a href=\"http:\/\/jkoehler.diskstation.me\/wordpress\/wp-content\/uploads\/2018\/03\/STP_93_july-4.jpg\"><img loading=\"lazy\" decoding=\"async\" width=\"1000\" height=\"661\" src=\"http:\/\/jkoehler.diskstation.me\/wordpress\/wp-content\/uploads\/2018\/03\/STP_93_july-4.jpg\" alt=\"\" class=\"wp-image-1547\" srcset=\"http:\/\/jkoehler.diskstation.me\/wordpress\/wp-content\/uploads\/2018\/03\/STP_93_july-4.jpg 1000w, http:\/\/jkoehler.diskstation.me\/wordpress\/wp-content\/uploads\/2018\/03\/STP_93_july-4-300x198.jpg 300w, http:\/\/jkoehler.diskstation.me\/wordpress\/wp-content\/uploads\/2018\/03\/STP_93_july-4-768x508.jpg 768w\" sizes=\"auto, (max-width: 767px) 89vw, (max-width: 1000px) 54vw, (max-width: 1071px) 543px, 580px\" \/><\/a><\/figure><\/div>\n\n\n<p>Frank M\u00fcller, Klopapierdieb, und Dato in meiner Wohnung in der Kuznetsovskaya<\/p>\n\n\n<div class=\"wp-block-image\">\n<figure class=\"alignleft\"><a href=\"http:\/\/jkoehler.diskstation.me\/wordpress\/wp-content\/uploads\/2018\/03\/STP_93_july-13.jpg\"><img loading=\"lazy\" decoding=\"async\" width=\"1000\" height=\"661\" src=\"http:\/\/jkoehler.diskstation.me\/wordpress\/wp-content\/uploads\/2018\/03\/STP_93_july-13.jpg\" alt=\"\" class=\"wp-image-1548\" srcset=\"http:\/\/jkoehler.diskstation.me\/wordpress\/wp-content\/uploads\/2018\/03\/STP_93_july-13.jpg 1000w, http:\/\/jkoehler.diskstation.me\/wordpress\/wp-content\/uploads\/2018\/03\/STP_93_july-13-300x198.jpg 300w, http:\/\/jkoehler.diskstation.me\/wordpress\/wp-content\/uploads\/2018\/03\/STP_93_july-13-768x508.jpg 768w\" sizes=\"auto, (max-width: 767px) 89vw, (max-width: 1000px) 54vw, (max-width: 1071px) 543px, 580px\" \/><\/a><\/figure><\/div>\n\n\n<p>Inna singt<\/p>\n\n\n<div class=\"wp-block-image\">\n<figure class=\"alignleft\"><a href=\"http:\/\/jkoehler.diskstation.me\/wordpress\/wp-content\/uploads\/2018\/03\/STP_93_july-21.jpg\"><img loading=\"lazy\" decoding=\"async\" width=\"668\" height=\"1000\" src=\"http:\/\/jkoehler.diskstation.me\/wordpress\/wp-content\/uploads\/2018\/03\/STP_93_july-21.jpg\" alt=\"\" class=\"wp-image-1549\" srcset=\"http:\/\/jkoehler.diskstation.me\/wordpress\/wp-content\/uploads\/2018\/03\/STP_93_july-21.jpg 668w, http:\/\/jkoehler.diskstation.me\/wordpress\/wp-content\/uploads\/2018\/03\/STP_93_july-21-200x300.jpg 200w\" sizes=\"auto, (max-width: 668px) 100vw, 668px\" \/><\/a><\/figure><\/div>\n\n<div class=\"wp-block-image\">\n<figure class=\"alignleft\"><a href=\"http:\/\/jkoehler.diskstation.me\/wordpress\/wp-content\/uploads\/2018\/03\/STP_93_july-22.jpg\"><img loading=\"lazy\" decoding=\"async\" width=\"664\" height=\"1000\" src=\"http:\/\/jkoehler.diskstation.me\/wordpress\/wp-content\/uploads\/2018\/03\/STP_93_july-22.jpg\" alt=\"\" class=\"wp-image-1550\" srcset=\"http:\/\/jkoehler.diskstation.me\/wordpress\/wp-content\/uploads\/2018\/03\/STP_93_july-22.jpg 664w, http:\/\/jkoehler.diskstation.me\/wordpress\/wp-content\/uploads\/2018\/03\/STP_93_july-22-199x300.jpg 199w\" sizes=\"auto, (max-width: 664px) 100vw, 664px\" \/><\/a><\/figure><\/div>\n\n<div class=\"wp-block-image\">\n<figure class=\"alignleft\"><a href=\"http:\/\/jkoehler.diskstation.me\/wordpress\/wp-content\/uploads\/2018\/03\/STP_93_july-27.jpg\"><img loading=\"lazy\" decoding=\"async\" width=\"664\" height=\"1000\" src=\"http:\/\/jkoehler.diskstation.me\/wordpress\/wp-content\/uploads\/2018\/03\/STP_93_july-27.jpg\" alt=\"\" class=\"wp-image-1551\" srcset=\"http:\/\/jkoehler.diskstation.me\/wordpress\/wp-content\/uploads\/2018\/03\/STP_93_july-27.jpg 664w, http:\/\/jkoehler.diskstation.me\/wordpress\/wp-content\/uploads\/2018\/03\/STP_93_july-27-199x300.jpg 199w\" sizes=\"auto, (max-width: 664px) 100vw, 664px\" \/><\/a><\/figure><\/div>\n\n<div class=\"wp-block-image\">\n<figure class=\"alignleft\"><a href=\"http:\/\/jkoehler.diskstation.me\/wordpress\/wp-content\/uploads\/2018\/03\/STP_93_july-28.jpg\"><img loading=\"lazy\" decoding=\"async\" width=\"664\" height=\"1000\" src=\"http:\/\/jkoehler.diskstation.me\/wordpress\/wp-content\/uploads\/2018\/03\/STP_93_july-28.jpg\" alt=\"\" class=\"wp-image-1552\" srcset=\"http:\/\/jkoehler.diskstation.me\/wordpress\/wp-content\/uploads\/2018\/03\/STP_93_july-28.jpg 664w, http:\/\/jkoehler.diskstation.me\/wordpress\/wp-content\/uploads\/2018\/03\/STP_93_july-28-199x300.jpg 199w\" sizes=\"auto, (max-width: 664px) 100vw, 664px\" \/><\/a><\/figure><\/div>\n\n\n<p><\/p>\n\n\n<div class=\"wp-block-image\">\n<figure class=\"alignleft\"><a href=\"http:\/\/jkoehler.diskstation.me\/wordpress\/wp-content\/uploads\/2018\/03\/1993_stp_horstkarinalbrecht-50.jpg\"><img loading=\"lazy\" decoding=\"async\" width=\"656\" height=\"1000\" src=\"http:\/\/jkoehler.diskstation.me\/wordpress\/wp-content\/uploads\/2018\/03\/1993_stp_horstkarinalbrecht-50.jpg\" alt=\"\" class=\"wp-image-1534\" srcset=\"http:\/\/jkoehler.diskstation.me\/wordpress\/wp-content\/uploads\/2018\/03\/1993_stp_horstkarinalbrecht-50.jpg 656w, http:\/\/jkoehler.diskstation.me\/wordpress\/wp-content\/uploads\/2018\/03\/1993_stp_horstkarinalbrecht-50-197x300.jpg 197w\" sizes=\"auto, (max-width: 656px) 100vw, 656px\" \/><\/a><\/figure><\/div>\n\n<div class=\"wp-block-image\">\n<figure class=\"alignleft\"><a href=\"http:\/\/jkoehler.diskstation.me\/wordpress\/wp-content\/uploads\/2018\/03\/1993_stp_horstkarinalbrecht-52.jpg\"><img loading=\"lazy\" decoding=\"async\" width=\"1000\" height=\"656\" src=\"http:\/\/jkoehler.diskstation.me\/wordpress\/wp-content\/uploads\/2018\/03\/1993_stp_horstkarinalbrecht-52.jpg\" alt=\"\" class=\"wp-image-1535\" srcset=\"http:\/\/jkoehler.diskstation.me\/wordpress\/wp-content\/uploads\/2018\/03\/1993_stp_horstkarinalbrecht-52.jpg 1000w, http:\/\/jkoehler.diskstation.me\/wordpress\/wp-content\/uploads\/2018\/03\/1993_stp_horstkarinalbrecht-52-300x197.jpg 300w, http:\/\/jkoehler.diskstation.me\/wordpress\/wp-content\/uploads\/2018\/03\/1993_stp_horstkarinalbrecht-52-768x504.jpg 768w\" sizes=\"auto, (max-width: 767px) 89vw, (max-width: 1000px) 54vw, (max-width: 1071px) 543px, 580px\" \/><\/a><\/figure><\/div>\n\n<div class=\"wp-block-image\">\n<figure class=\"alignleft\"><a href=\"http:\/\/jkoehler.diskstation.me\/wordpress\/wp-content\/uploads\/2018\/03\/1993_stp_horstkarinalbrecht-64.jpg\"><img loading=\"lazy\" decoding=\"async\" width=\"656\" height=\"1000\" src=\"http:\/\/jkoehler.diskstation.me\/wordpress\/wp-content\/uploads\/2018\/03\/1993_stp_horstkarinalbrecht-64.jpg\" alt=\"\" class=\"wp-image-1536\" srcset=\"http:\/\/jkoehler.diskstation.me\/wordpress\/wp-content\/uploads\/2018\/03\/1993_stp_horstkarinalbrecht-64.jpg 656w, http:\/\/jkoehler.diskstation.me\/wordpress\/wp-content\/uploads\/2018\/03\/1993_stp_horstkarinalbrecht-64-197x300.jpg 197w\" sizes=\"auto, (max-width: 656px) 100vw, 656px\" \/><\/a><\/figure><\/div>\n\n<div class=\"wp-block-image\">\n<figure class=\"alignleft\"><a href=\"http:\/\/jkoehler.diskstation.me\/wordpress\/wp-content\/uploads\/2018\/03\/1993_stp_horstkarinalbrecht-68.jpg\"><img loading=\"lazy\" decoding=\"async\" width=\"656\" height=\"1000\" src=\"http:\/\/jkoehler.diskstation.me\/wordpress\/wp-content\/uploads\/2018\/03\/1993_stp_horstkarinalbrecht-68.jpg\" alt=\"\" class=\"wp-image-1537\" srcset=\"http:\/\/jkoehler.diskstation.me\/wordpress\/wp-content\/uploads\/2018\/03\/1993_stp_horstkarinalbrecht-68.jpg 656w, http:\/\/jkoehler.diskstation.me\/wordpress\/wp-content\/uploads\/2018\/03\/1993_stp_horstkarinalbrecht-68-197x300.jpg 197w\" sizes=\"auto, (max-width: 656px) 100vw, 656px\" \/><\/a><\/figure><\/div>\n\n<div class=\"wp-block-image\">\n<figure class=\"alignleft\"><a href=\"http:\/\/jkoehler.diskstation.me\/wordpress\/wp-content\/uploads\/2018\/03\/1993_stp_horstkarinalbrecht-69.jpg\"><img loading=\"lazy\" decoding=\"async\" width=\"656\" height=\"1000\" src=\"http:\/\/jkoehler.diskstation.me\/wordpress\/wp-content\/uploads\/2018\/03\/1993_stp_horstkarinalbrecht-69.jpg\" alt=\"\" class=\"wp-image-1538\" srcset=\"http:\/\/jkoehler.diskstation.me\/wordpress\/wp-content\/uploads\/2018\/03\/1993_stp_horstkarinalbrecht-69.jpg 656w, http:\/\/jkoehler.diskstation.me\/wordpress\/wp-content\/uploads\/2018\/03\/1993_stp_horstkarinalbrecht-69-197x300.jpg 197w\" sizes=\"auto, (max-width: 656px) 100vw, 656px\" \/><\/a><\/figure><\/div>\n\n\n<p>Die etwas sinnlose Gaspistole, die Karin ein Jahr zuvor \u00fcber die Grenze geschmuggelt hatte<\/p>\n\n\n<div class=\"wp-block-image\">\n<figure class=\"alignleft\"><a href=\"http:\/\/jkoehler.diskstation.me\/wordpress\/wp-content\/uploads\/2018\/03\/1993_stp_horstkarinalbrecht-80.jpg\"><img loading=\"lazy\" decoding=\"async\" width=\"1000\" height=\"662\" src=\"http:\/\/jkoehler.diskstation.me\/wordpress\/wp-content\/uploads\/2018\/03\/1993_stp_horstkarinalbrecht-80.jpg\" alt=\"\" class=\"wp-image-1539\" srcset=\"http:\/\/jkoehler.diskstation.me\/wordpress\/wp-content\/uploads\/2018\/03\/1993_stp_horstkarinalbrecht-80.jpg 1000w, http:\/\/jkoehler.diskstation.me\/wordpress\/wp-content\/uploads\/2018\/03\/1993_stp_horstkarinalbrecht-80-300x199.jpg 300w, http:\/\/jkoehler.diskstation.me\/wordpress\/wp-content\/uploads\/2018\/03\/1993_stp_horstkarinalbrecht-80-768x508.jpg 768w\" sizes=\"auto, (max-width: 767px) 89vw, (max-width: 1000px) 54vw, (max-width: 1071px) 543px, 580px\" \/><\/a><\/figure><\/div>\n\n\n<p>Sehr wei\u00dfe N\u00e4chte<\/p>\n\n\n<div class=\"wp-block-image\">\n<figure class=\"alignleft\"><a href=\"http:\/\/jkoehler.diskstation.me\/wordpress\/wp-content\/uploads\/2018\/03\/1993_stp_horstkarinalbrecht-85.jpg\"><img loading=\"lazy\" decoding=\"async\" width=\"1000\" height=\"662\" src=\"http:\/\/jkoehler.diskstation.me\/wordpress\/wp-content\/uploads\/2018\/03\/1993_stp_horstkarinalbrecht-85.jpg\" alt=\"\" class=\"wp-image-1540\" srcset=\"http:\/\/jkoehler.diskstation.me\/wordpress\/wp-content\/uploads\/2018\/03\/1993_stp_horstkarinalbrecht-85.jpg 1000w, http:\/\/jkoehler.diskstation.me\/wordpress\/wp-content\/uploads\/2018\/03\/1993_stp_horstkarinalbrecht-85-300x199.jpg 300w, http:\/\/jkoehler.diskstation.me\/wordpress\/wp-content\/uploads\/2018\/03\/1993_stp_horstkarinalbrecht-85-768x508.jpg 768w\" sizes=\"auto, (max-width: 767px) 89vw, (max-width: 1000px) 54vw, (max-width: 1071px) 543px, 580px\" \/><\/a><\/figure><\/div>\n\n<div class=\"wp-block-image\">\n<figure class=\"alignleft\"><a href=\"http:\/\/jkoehler.diskstation.me\/wordpress\/wp-content\/uploads\/2018\/03\/1993_stp_horstkarinalbrecht-86.jpg\"><img loading=\"lazy\" decoding=\"async\" width=\"662\" height=\"1000\" src=\"http:\/\/jkoehler.diskstation.me\/wordpress\/wp-content\/uploads\/2018\/03\/1993_stp_horstkarinalbrecht-86.jpg\" alt=\"\" class=\"wp-image-1541\" srcset=\"http:\/\/jkoehler.diskstation.me\/wordpress\/wp-content\/uploads\/2018\/03\/1993_stp_horstkarinalbrecht-86.jpg 662w, http:\/\/jkoehler.diskstation.me\/wordpress\/wp-content\/uploads\/2018\/03\/1993_stp_horstkarinalbrecht-86-199x300.jpg 199w\" sizes=\"auto, (max-width: 662px) 100vw, 662px\" \/><\/a><\/figure><\/div>\n\n<div class=\"wp-block-image\">\n<figure class=\"alignleft\"><a href=\"http:\/\/jkoehler.diskstation.me\/wordpress\/wp-content\/uploads\/2018\/03\/1993_stp_horstkarinalbrecht-44.jpg\"><img loading=\"lazy\" decoding=\"async\" width=\"1000\" height=\"656\" src=\"http:\/\/jkoehler.diskstation.me\/wordpress\/wp-content\/uploads\/2018\/03\/1993_stp_horstkarinalbrecht-44.jpg\" alt=\"\" class=\"wp-image-1543\" srcset=\"http:\/\/jkoehler.diskstation.me\/wordpress\/wp-content\/uploads\/2018\/03\/1993_stp_horstkarinalbrecht-44.jpg 1000w, http:\/\/jkoehler.diskstation.me\/wordpress\/wp-content\/uploads\/2018\/03\/1993_stp_horstkarinalbrecht-44-300x197.jpg 300w, http:\/\/jkoehler.diskstation.me\/wordpress\/wp-content\/uploads\/2018\/03\/1993_stp_horstkarinalbrecht-44-768x504.jpg 768w\" sizes=\"auto, (max-width: 767px) 89vw, (max-width: 1000px) 54vw, (max-width: 1071px) 543px, 580px\" \/><\/a><\/figure><\/div>\n\n\n<p>Panzerkreuzer Potemkin<\/p>\n\n\n<div class=\"wp-block-image\">\n<figure class=\"alignleft\"><a href=\"http:\/\/jkoehler.diskstation.me\/wordpress\/wp-content\/uploads\/2018\/03\/1993_stp_horstkarinalbrecht-45.jpg\"><img loading=\"lazy\" decoding=\"async\" width=\"1000\" height=\"656\" src=\"http:\/\/jkoehler.diskstation.me\/wordpress\/wp-content\/uploads\/2018\/03\/1993_stp_horstkarinalbrecht-45.jpg\" alt=\"\" class=\"wp-image-1544\" srcset=\"http:\/\/jkoehler.diskstation.me\/wordpress\/wp-content\/uploads\/2018\/03\/1993_stp_horstkarinalbrecht-45.jpg 1000w, http:\/\/jkoehler.diskstation.me\/wordpress\/wp-content\/uploads\/2018\/03\/1993_stp_horstkarinalbrecht-45-300x197.jpg 300w, http:\/\/jkoehler.diskstation.me\/wordpress\/wp-content\/uploads\/2018\/03\/1993_stp_horstkarinalbrecht-45-768x504.jpg 768w\" sizes=\"auto, (max-width: 767px) 89vw, (max-width: 1000px) 54vw, (max-width: 1071px) 543px, 580px\" \/><\/a><\/figure><\/div>\n\n\n<p><\/p>\n\n\n\n<p>&#8211;&gt; <a href=\"http:\/\/jkoehler.diskstation.me\/wordpress\/diaries\/tagebuch-leningrad-st-petersburg-tbilisi-1991-1993\/russland-ruckkehr-und-abschied\/petersburg-18-juli-1993\/\">next page<\/a><\/p>\n\n\n\n<p>&nbsp;<\/p>\n","protected":false},"excerpt":{"rendered":"<p>Wei\u00dfe N\u00e4chte, Inna, Horst, Karin, Albrecht, Dato, M\u00fcllo und andere Helden (leider nur Fotos und keine TGB-Aufzeichnungen aus dieser ausgelassenen und frohen Zeit; also dem Juli 1993) Zwei zukunftsweisende Episoden fehlen hier &#8211; sie ereigneten sich wohl auch etwas sp\u00e4ter, kurz vor meiner Abreise aus Russland: Jo Minderjahn&#8217;s Besuch und Teilnahme an einem Abschiedsessen mit &hellip; <\/p>\n<p class=\"link-more\"><a href=\"http:\/\/jkoehler.diskstation.me\/wordpress\/diaries\/tagebuch-leningrad-st-petersburg-tbilisi-1991-1993\/russland-ruckkehr-und-abschied\/piter-juli-1993-fotos-und-erinnerungen\/\" class=\"more-link\">Continue reading<span class=\"screen-reader-text\"> &#8220;Piter, Juli 1993 &#8211; Fotos und Erinnerungen&#8221;<\/span><\/a><\/p>\n","protected":false},"author":1,"featured_media":1531,"parent":1501,"menu_order":0,"comment_status":"closed","ping_status":"closed","template":"","meta":{"footnotes":""},"class_list":["post-1530","page","type-page","status-publish","has-post-thumbnail","hentry"],"_links":{"self":[{"href":"http:\/\/jkoehler.diskstation.me\/wordpress\/wp-json\/wp\/v2\/pages\/1530","targetHints":{"allow":["GET"]}}],"collection":[{"href":"http:\/\/jkoehler.diskstation.me\/wordpress\/wp-json\/wp\/v2\/pages"}],"about":[{"href":"http:\/\/jkoehler.diskstation.me\/wordpress\/wp-json\/wp\/v2\/types\/page"}],"author":[{"embeddable":true,"href":"http:\/\/jkoehler.diskstation.me\/wordpress\/wp-json\/wp\/v2\/users\/1"}],"replies":[{"embeddable":true,"href":"http:\/\/jkoehler.diskstation.me\/wordpress\/wp-json\/wp\/v2\/comments?post=1530"}],"version-history":[{"count":7,"href":"http:\/\/jkoehler.diskstation.me\/wordpress\/wp-json\/wp\/v2\/pages\/1530\/revisions"}],"predecessor-version":[{"id":11704,"href":"http:\/\/jkoehler.diskstation.me\/wordpress\/wp-json\/wp\/v2\/pages\/1530\/revisions\/11704"}],"up":[{"embeddable":true,"href":"http:\/\/jkoehler.diskstation.me\/wordpress\/wp-json\/wp\/v2\/pages\/1501"}],"wp:featuredmedia":[{"embeddable":true,"href":"http:\/\/jkoehler.diskstation.me\/wordpress\/wp-json\/wp\/v2\/media\/1531"}],"wp:attachment":[{"href":"http:\/\/jkoehler.diskstation.me\/wordpress\/wp-json\/wp\/v2\/media?parent=1530"}],"curies":[{"name":"wp","href":"https:\/\/api.w.org\/{rel}","templated":true}]}}