{"id":1501,"date":"2018-03-13T13:44:39","date_gmt":"2018-03-13T12:44:39","guid":{"rendered":"http:\/\/jkoehler.diskstation.me\/wordpress\/?page_id=1501"},"modified":"2019-03-16T14:16:31","modified_gmt":"2019-03-16T13:16:31","slug":"russland-ruckkehr-und-abschied","status":"publish","type":"page","link":"http:\/\/jkoehler.diskstation.me\/wordpress\/diaries\/tagebuch-leningrad-st-petersburg-tbilisi-1991-1993\/russland-ruckkehr-und-abschied\/","title":{"rendered":"Russland &#8211; R\u00fcckkehr und Neuanfang"},"content":{"rendered":"<ul>\n<li>Wei\u00dfe N\u00e4chte, Inna, Horst, Karin, Albrecht, Dato, M\u00fcllo und andere Helden (leider nur Fotos und keine TGB-Aufzeichnungen aus dieser ausgelassenen und frohen Zeit; also dem Juli 1993)<\/li>\n<li>Wine and those women<\/li>\n<li>Berlinunterbrechung, um den wahnsinnig gewordenen Sascha von Fee abzuhalten<\/li>\n<li>Entschluss, mit Inna sein zu wollen<\/li>\n<li>Epilog<\/li>\n<\/ul>\n<p>&#8211;&gt; <a href=\"http:\/\/jkoehler.diskstation.me\/wordpress\/diaries\/tagebuch-leningrad-st-petersburg-tbilisi-1991-1993\/russland-ruckkehr-und-abschied\/piter-juli-1993-fotos-und-erinnerungen\/\">zum Tagebuch<\/a><\/p>\n<p>Struktur der Tagebuchsektion (in Teilen passwortgesch\u00fctzt)<\/p>\n\n<!-- Page-list plugin v.5.9 wordpress.org\/plugins\/page-list\/ -->\n<ul class=\"page-list subpages-page-list \">\n<li class=\"page_item page-item-1530\"><a href=\"http:\/\/jkoehler.diskstation.me\/wordpress\/diaries\/tagebuch-leningrad-st-petersburg-tbilisi-1991-1993\/russland-ruckkehr-und-abschied\/piter-juli-1993-fotos-und-erinnerungen\/\">Piter, Juli 1993 &#8211; Fotos und Erinnerungen<\/a><\/li>\n<li class=\"page_item page-item-1510\"><a href=\"http:\/\/jkoehler.diskstation.me\/wordpress\/diaries\/tagebuch-leningrad-st-petersburg-tbilisi-1991-1993\/russland-ruckkehr-und-abschied\/petersburg-18-juli-1993\/\">Petersburg, 18. Juli 1993 &#8211; k\u00f6rperliche Fluchtbewegungen<\/a><\/li>\n<li class=\"page_item page-item-1515\"><a href=\"http:\/\/jkoehler.diskstation.me\/wordpress\/diaries\/tagebuch-leningrad-st-petersburg-tbilisi-1991-1993\/russland-ruckkehr-und-abschied\/petersburg-20-juli-1993\/\">Petersburg, 20. Juli 1993 &#8211; \u00c4ugen<\/a><\/li>\n<li class=\"page_item page-item-1518\"><a href=\"http:\/\/jkoehler.diskstation.me\/wordpress\/diaries\/tagebuch-leningrad-st-petersburg-tbilisi-1991-1993\/russland-ruckkehr-und-abschied\/berlin-28-juli-1993\/\">Berlin, 28. Juli 1993 &#8211; Missionarshow<\/a><\/li>\n<li class=\"page_item page-item-1524\"><a href=\"http:\/\/jkoehler.diskstation.me\/wordpress\/diaries\/tagebuch-leningrad-st-petersburg-tbilisi-1991-1993\/russland-ruckkehr-und-abschied\/petersburg-10-august-1993\/\">Petersburg, 10. August 1993 &#8211; Schuld ohne S\u00fchne und eine Entscheidung<\/a><\/li>\n<li class=\"page_item page-item-2004\"><a href=\"http:\/\/jkoehler.diskstation.me\/wordpress\/diaries\/tagebuch-leningrad-st-petersburg-tbilisi-1991-1993\/russland-ruckkehr-und-abschied\/epilog\/\">Epilog<\/a><\/li>\n\n<\/ul>\n","protected":false},"excerpt":{"rendered":"<p>Wei\u00dfe N\u00e4chte, Inna, Horst, Karin, Albrecht, Dato, M\u00fcllo und andere Helden (leider nur Fotos und keine TGB-Aufzeichnungen aus dieser ausgelassenen und frohen Zeit; also dem Juli 1993) Wine and those women Berlinunterbrechung, um den wahnsinnig gewordenen Sascha von Fee abzuhalten Entschluss, mit Inna sein zu wollen Epilog &#8211;&gt; zum Tagebuch Struktur der Tagebuchsektion (in Teilen &hellip; <\/p>\n<p class=\"link-more\"><a href=\"http:\/\/jkoehler.diskstation.me\/wordpress\/diaries\/tagebuch-leningrad-st-petersburg-tbilisi-1991-1993\/russland-ruckkehr-und-abschied\/\" class=\"more-link\">Continue reading<span class=\"screen-reader-text\"> &#8220;Russland &#8211; R\u00fcckkehr und Neuanfang&#8221;<\/span><\/a><\/p>\n","protected":false},"author":1,"featured_media":1507,"parent":214,"menu_order":6,"comment_status":"closed","ping_status":"closed","template":"","meta":{"footnotes":""},"class_list":["post-1501","page","type-page","status-publish","has-post-thumbnail","hentry"],"_links":{"self":[{"href":"http:\/\/jkoehler.diskstation.me\/wordpress\/wp-json\/wp\/v2\/pages\/1501","targetHints":{"allow":["GET"]}}],"collection":[{"href":"http:\/\/jkoehler.diskstation.me\/wordpress\/wp-json\/wp\/v2\/pages"}],"about":[{"href":"http:\/\/jkoehler.diskstation.me\/wordpress\/wp-json\/wp\/v2\/types\/page"}],"author":[{"embeddable":true,"href":"http:\/\/jkoehler.diskstation.me\/wordpress\/wp-json\/wp\/v2\/users\/1"}],"replies":[{"embeddable":true,"href":"http:\/\/jkoehler.diskstation.me\/wordpress\/wp-json\/wp\/v2\/comments?post=1501"}],"version-history":[{"count":13,"href":"http:\/\/jkoehler.diskstation.me\/wordpress\/wp-json\/wp\/v2\/pages\/1501\/revisions"}],"predecessor-version":[{"id":3418,"href":"http:\/\/jkoehler.diskstation.me\/wordpress\/wp-json\/wp\/v2\/pages\/1501\/revisions\/3418"}],"up":[{"embeddable":true,"href":"http:\/\/jkoehler.diskstation.me\/wordpress\/wp-json\/wp\/v2\/pages\/214"}],"wp:featuredmedia":[{"embeddable":true,"href":"http:\/\/jkoehler.diskstation.me\/wordpress\/wp-json\/wp\/v2\/media\/1507"}],"wp:attachment":[{"href":"http:\/\/jkoehler.diskstation.me\/wordpress\/wp-json\/wp\/v2\/media?parent=1501"}],"curies":[{"name":"wp","href":"https:\/\/api.w.org\/{rel}","templated":true}]}}