{"id":1492,"date":"2018-03-13T13:15:11","date_gmt":"2018-03-13T12:15:11","guid":{"rendered":"http:\/\/jkoehler.diskstation.me\/wordpress\/?page_id=1492"},"modified":"2019-03-16T14:16:30","modified_gmt":"2019-03-16T13:16:30","slug":"tbilissi-11-mai-1993","status":"publish","type":"page","link":"http:\/\/jkoehler.diskstation.me\/wordpress\/diaries\/tagebuch-leningrad-st-petersburg-tbilisi-1991-1993\/georgien-1992-93\/tbilissi-11-mai-1993\/","title":{"rendered":"Tbilissi, 11. Mai 1993: Geschichten aus Deutschland, Georgien und dem russischen Dorf"},"content":{"rendered":"<p>Der Neffe Naemarkovnas (Filmkritikerin aus Moskau) wurde von seinen Eltern nach Deutschland verschleppt. Und das auch noch mit vier Jahren. In K\u00f6ln angekommen, zeigte er zuerst auf den Rhein. &#8220;\u042d\u0442\u043e \u0413\u0435\u0440\u043c\u0430\u043d\u0438\u044f?&#8221;. Der Vater bejahte. &#8220;\u0418 \u044d\u0442\u043e \u0442\u043e\u0436\u0435 \u0413\u0435\u0440\u043c\u0430\u043d\u0438\u044f?!&#8221;, fuhr der Kleine erstaunt fort. &#8220;\u0414\u0430, \u044d\u0442\u043e \u0442\u043e\u0436\u0435 \u0413\u0435\u0440\u043c\u0430\u043d\u0438\u044f &#8220;. Der Knirps sieht den Vater entsetzt an: &#8220;\u0410 \u0433\u0434\u0435 \u0436\u0435 \u043d\u0435\u043c\u0446\u044b?&#8221;<\/p>\n<p>&nbsp;<\/p>\n<p>Kitowani und Jussuljani sind von ihren Posten zur\u00fcckgetreten (worden). Anstelle Kitow. wurde Georgi \u00b0Cha\u00b0char&#8217;aschwili (=&gt;Der Dieb) zum Verteidigungsminister ernannt. Ein 26j\u00e4hriger Komandant, dem Kitowani, als er verwundet im Kranken\u00adhaus lag, einst das Leben rettete. Wohl der einzige Kandidat anstelle Kitowa\u00adnis, der von den Soldaten mehr geachtet wird als dieser selbst.<\/p>\n<p>Jussuliani trat freiwillig zur\u00fcck. Er bekam, wie auch Kitowani, von Shewadnadse den h\u00f6chsten Orden Georgiens verliehen (Wachtangi Gorgasali Orden), &#8220;Dem Kampf f\u00fcr Demokratie&#8221; gewidmet. Dem Orden Jussulianis setzte Schewadnadse hand\u00adschrif\u00adtlich hinzu: &#8220;Und f\u00fcr ritterliches Betragen.&#8221;<\/p>\n<p>&nbsp;<\/p>\n<p>In einem russischen Dorfe in Sibirien gastierten Geographen aus Petersburg. Die M\u00e4nner unter ihnen entschieden, da\u00df es Zeit f\u00fcr eine Reinigungseinlage sei und gingen ins banja. Sich waschend, beobachteten sie, wie ein altes Hutzelm\u00e4nnchen eine Sch\u00fcssel voll mit hei\u00dfem Wasser an ihnen vor\u00fcbertrug und vor einer ge\u00adschlossenen T\u00fcr halt machte. Einer von ihnen ging hin zu ihm, in der Annahme, da\u00df sich hinter dieser T\u00fcr das Dampfbad befinde und stie\u00df die T\u00fcr lax mit einem Fu\u00dftritt auf. Klapprig und aller H\u00fcllen bar stand der Alte so einer Herde von fluchenden Dorfweibsen ausge\u00adsetzt, die sich im Frauenbad wuschen.<\/p>\n<p>&nbsp;<\/p>\n<p>&#8211;&gt; <a href=\"http:\/\/jkoehler.diskstation.me\/wordpress\/diaries\/tagebuch-leningrad-st-petersburg-tbilisi-1991-1993\/georgien-1992-93\/tbilissi-20-mai-1993\/\">next page<\/a><\/p>\n","protected":false},"excerpt":{"rendered":"<p>Der Neffe Naemarkovnas (Filmkritikerin aus Moskau) wurde von seinen Eltern nach Deutschland verschleppt. Und das auch noch mit vier Jahren. In K\u00f6ln angekommen, zeigte er zuerst auf den Rhein. &#8220;\u042d\u0442\u043e \u0413\u0435\u0440\u043c\u0430\u043d\u0438\u044f?&#8221;. Der Vater bejahte. &#8220;\u0418 \u044d\u0442\u043e \u0442\u043e\u0436\u0435 \u0413\u0435\u0440\u043c\u0430\u043d\u0438\u044f?!&#8221;, fuhr der Kleine erstaunt fort. &#8220;\u0414\u0430, \u044d\u0442\u043e \u0442\u043e\u0436\u0435 \u0413\u0435\u0440\u043c\u0430\u043d\u0438\u044f &#8220;. Der Knirps sieht den Vater entsetzt an: &hellip; <\/p>\n<p class=\"link-more\"><a href=\"http:\/\/jkoehler.diskstation.me\/wordpress\/diaries\/tagebuch-leningrad-st-petersburg-tbilisi-1991-1993\/georgien-1992-93\/tbilissi-11-mai-1993\/\" class=\"more-link\">Continue reading<span class=\"screen-reader-text\"> &#8220;Tbilissi, 11. Mai 1993: Geschichten aus Deutschland, Georgien und dem russischen Dorf&#8221;<\/span><\/a><\/p>\n","protected":false},"author":1,"featured_media":0,"parent":1077,"menu_order":69,"comment_status":"closed","ping_status":"closed","template":"","meta":{"footnotes":""},"class_list":["post-1492","page","type-page","status-publish","hentry"],"_links":{"self":[{"href":"http:\/\/jkoehler.diskstation.me\/wordpress\/wp-json\/wp\/v2\/pages\/1492","targetHints":{"allow":["GET"]}}],"collection":[{"href":"http:\/\/jkoehler.diskstation.me\/wordpress\/wp-json\/wp\/v2\/pages"}],"about":[{"href":"http:\/\/jkoehler.diskstation.me\/wordpress\/wp-json\/wp\/v2\/types\/page"}],"author":[{"embeddable":true,"href":"http:\/\/jkoehler.diskstation.me\/wordpress\/wp-json\/wp\/v2\/users\/1"}],"replies":[{"embeddable":true,"href":"http:\/\/jkoehler.diskstation.me\/wordpress\/wp-json\/wp\/v2\/comments?post=1492"}],"version-history":[{"count":3,"href":"http:\/\/jkoehler.diskstation.me\/wordpress\/wp-json\/wp\/v2\/pages\/1492\/revisions"}],"predecessor-version":[{"id":2000,"href":"http:\/\/jkoehler.diskstation.me\/wordpress\/wp-json\/wp\/v2\/pages\/1492\/revisions\/2000"}],"up":[{"embeddable":true,"href":"http:\/\/jkoehler.diskstation.me\/wordpress\/wp-json\/wp\/v2\/pages\/1077"}],"wp:attachment":[{"href":"http:\/\/jkoehler.diskstation.me\/wordpress\/wp-json\/wp\/v2\/media?parent=1492"}],"curies":[{"name":"wp","href":"https:\/\/api.w.org\/{rel}","templated":true}]}}