{"id":1486,"date":"2018-03-13T13:11:02","date_gmt":"2018-03-13T12:11:02","guid":{"rendered":"http:\/\/jkoehler.diskstation.me\/wordpress\/?page_id=1486"},"modified":"2019-03-16T14:16:30","modified_gmt":"2019-03-16T13:16:30","slug":"tbilissi-29-april-1993","status":"publish","type":"page","link":"http:\/\/jkoehler.diskstation.me\/wordpress\/diaries\/tagebuch-leningrad-st-petersburg-tbilisi-1991-1993\/georgien-1992-93\/tbilissi-29-april-1993\/","title":{"rendered":"Tbilissi, 29. April 1993: Eichen unterhalb Genfs im Jahre 1917"},"content":{"rendered":"<p>Noch so eine Detailaufnahme, von Inna gespendet:<a href=\"http:\/\/jkoehler.diskstation.me\/wordpress\/wp-content\/uploads\/2018\/03\/Bearbeitet-1.jpg\"><img loading=\"lazy\" decoding=\"async\" class=\"alignleft size-full wp-image-1703\" src=\"http:\/\/jkoehler.diskstation.me\/wordpress\/wp-content\/uploads\/2018\/03\/Bearbeitet-1.jpg\" alt=\"\" width=\"649\" height=\"1000\" srcset=\"http:\/\/jkoehler.diskstation.me\/wordpress\/wp-content\/uploads\/2018\/03\/Bearbeitet-1.jpg 649w, http:\/\/jkoehler.diskstation.me\/wordpress\/wp-content\/uploads\/2018\/03\/Bearbeitet-1-195x300.jpg 195w\" sizes=\"auto, (max-width: 649px) 100vw, 649px\" \/><\/a><\/p>\n<p>In Jemal, auf einer Nord-West-Sibirschen Halbinsel lebt ein 92 j\u00e4hriger Graf, der seine Zeit damit verbringt, jeden Tag zum Flu\u00df herunterzugehen, ein Loch ins Eis zu schlagen, die Wassertempera\u00adtur und Flie\u00dfgeschwindigkeit zu messen, um dann die Daten per Funk an die Zentrale durchzugeben. In einer mit den eigenen Kunstwerken zu\u00adgestellten Barrake haust er, der sich nach verrichteter Zwangs\u00adarbeit (eine Eisen\u00adbahntrasse aus dem Nirgendwo ins Nirgendwo durch unbegehbaren Sumpf) dort vor den Stalin\/Beria-H\u00e4schern verkrochen hat. Nach der Revolution in Petersburg sich eine Her\u00adkunft aus Bauernfamilie erlogen, unter Stalin dann doch aufgeflo\u00adgen und in die Verbannung gegangen. Der Rest seiner Familie, der nicht umgebracht wurde, lebt im Ausland.<\/p>\n<p>Noch zu Sowjetzeiten konnte er von seinem Gehalt nicht leben und verdiente sich durch den Verkauf von Bildern an Kerle von den Bohrt\u00fcrmen etwas Geld hinzu (Bilder mit Darstellungen von Eichen unterhalb Genfs im Jahre 1917 z.B.).<\/p>\n<p>Kein Zorn und keine Verbitterung waren ihm zu eigen.<\/p>\n<p>&nbsp;<\/p>\n<p>Weiter erz\u00e4hlte sie, wie sie in Petersburg Zeuge einer h\u00e4\u00dflichen Situation wurde. In einem aserbaidschanischen Pilz arbeitet ein russisches M\u00e4dchen. Niedere Ange\u00adstellte der S\u00fcdl\u00e4nder sind auch in Ru\u00dfland fast immer Russen. Juden, Kaukasier und Mittelasier sind fester Organisiert und wohlhabender. Au\u00dferdem verbietet ihnen ihr Stolz viele Arbeiten: Selbst in den L\u00e4ndern, in denen Russen als Kolonialherren galten, werden Arbeiten, die als niedrig gelten (putzen, in staatl. Gesch. ver\u00adkaufen, bedienen) von Russen ausge\u00adf\u00fchrt. In diesem Pilz nun sah Inna, wie ein kr\u00e4ziger Asaib. ohne einsichtigen Grund seine Zigarette im Gesicht des M\u00e4dchens aus\u00addr\u00fcckte. Das M\u00e4dchen schrie nicht einmal auf und wagte es nicht, zu reagieren. Inna erkl\u00e4rte, da\u00df viele der M\u00e4dchen, die unter solchen Umst\u00e4nden arbeiten, als Alterna\u00adtive nur die Brotprostitu\u00adtion am Bahnhof h\u00e4tten. Ein hoher Preis f\u00fcr W\u00fcrde. Es seien oft Kinder aus typischen Sowjetfamilien (d.h. Familien, in denen es keinen Vater gibt), in denen die Mutter auf die eine oder andere Weise ausgefallen ist. Die Jugendlichen bleiben in einer zefalle\u00adnen Welt alleine und werden nat\u00fcrlich von allerlei Gesocks aufge\u00adgriffen, gebraucht und mi\u00dfbraucht wie es gef\u00e4llt.<\/p>\n<p>So auch eine Brotprostituierte, die Inna um ein Uhr Nachts, selbst stockbesof\u00adfen zusammen mit unbekannten Kunststudenten durch die Gassen schlendernd, am Bahnhof aufgabelte. Sie fanden sie, irgend\u00adeine Stalowaja-Schei\u00dfe essend, die ihr der letzte Toiletten-Fick mit einem Penner eingebracht hatte.<\/p>\n<p>Der Abgrund kennt noch einen Boden, in den Metropolen der gefalle\u00adnen Welt.<\/p>\n<p>&nbsp;<\/p>\n<p>&#8211;&gt; <a href=\"http:\/\/jkoehler.diskstation.me\/wordpress\/diaries\/tagebuch-leningrad-st-petersburg-tbilisi-1991-1993\/georgien-1992-93\/tbilissi-30-april-1993\/\">next page<\/a><\/p>\n","protected":false},"excerpt":{"rendered":"<p>Noch so eine Detailaufnahme, von Inna gespendet: In Jemal, auf einer Nord-West-Sibirschen Halbinsel lebt ein 92 j\u00e4hriger Graf, der seine Zeit damit verbringt, jeden Tag zum Flu\u00df herunterzugehen, ein Loch ins Eis zu schlagen, die Wassertempera\u00adtur und Flie\u00dfgeschwindigkeit zu messen, um dann die Daten per Funk an die Zentrale durchzugeben. In einer mit den eigenen &hellip; <\/p>\n<p class=\"link-more\"><a href=\"http:\/\/jkoehler.diskstation.me\/wordpress\/diaries\/tagebuch-leningrad-st-petersburg-tbilisi-1991-1993\/georgien-1992-93\/tbilissi-29-april-1993\/\" class=\"more-link\">Continue reading<span class=\"screen-reader-text\"> &#8220;Tbilissi, 29. April 1993: Eichen unterhalb Genfs im Jahre 1917&#8221;<\/span><\/a><\/p>\n","protected":false},"author":1,"featured_media":1702,"parent":1077,"menu_order":67,"comment_status":"closed","ping_status":"closed","template":"","meta":{"footnotes":""},"class_list":["post-1486","page","type-page","status-publish","has-post-thumbnail","hentry"],"_links":{"self":[{"href":"http:\/\/jkoehler.diskstation.me\/wordpress\/wp-json\/wp\/v2\/pages\/1486","targetHints":{"allow":["GET"]}}],"collection":[{"href":"http:\/\/jkoehler.diskstation.me\/wordpress\/wp-json\/wp\/v2\/pages"}],"about":[{"href":"http:\/\/jkoehler.diskstation.me\/wordpress\/wp-json\/wp\/v2\/types\/page"}],"author":[{"embeddable":true,"href":"http:\/\/jkoehler.diskstation.me\/wordpress\/wp-json\/wp\/v2\/users\/1"}],"replies":[{"embeddable":true,"href":"http:\/\/jkoehler.diskstation.me\/wordpress\/wp-json\/wp\/v2\/comments?post=1486"}],"version-history":[{"count":6,"href":"http:\/\/jkoehler.diskstation.me\/wordpress\/wp-json\/wp\/v2\/pages\/1486\/revisions"}],"predecessor-version":[{"id":1998,"href":"http:\/\/jkoehler.diskstation.me\/wordpress\/wp-json\/wp\/v2\/pages\/1486\/revisions\/1998"}],"up":[{"embeddable":true,"href":"http:\/\/jkoehler.diskstation.me\/wordpress\/wp-json\/wp\/v2\/pages\/1077"}],"wp:featuredmedia":[{"embeddable":true,"href":"http:\/\/jkoehler.diskstation.me\/wordpress\/wp-json\/wp\/v2\/media\/1702"}],"wp:attachment":[{"href":"http:\/\/jkoehler.diskstation.me\/wordpress\/wp-json\/wp\/v2\/media?parent=1486"}],"curies":[{"name":"wp","href":"https:\/\/api.w.org\/{rel}","templated":true}]}}