{"id":1482,"date":"2018-03-13T13:08:48","date_gmt":"2018-03-13T12:08:48","guid":{"rendered":"http:\/\/jkoehler.diskstation.me\/wordpress\/?page_id=1482"},"modified":"2019-03-16T14:16:30","modified_gmt":"2019-03-16T13:16:30","slug":"tbilissi-28-april-1993","status":"publish","type":"page","link":"http:\/\/jkoehler.diskstation.me\/wordpress\/diaries\/tagebuch-leningrad-st-petersburg-tbilisi-1991-1993\/georgien-1992-93\/tbilissi-28-april-1993\/","title":{"rendered":"Tbilissi, 28. April 1993: St. Elms Feuer"},"content":{"rendered":"<p>Inna liegt heulend im Bett hier neben mir. Angesichts unserer Beziehung, des Regen\u00adwetters, das sie ans Haus fesselt, der gegan\u00adgenen, verheirateten Freunde, der verloschenen St. Elms Flamme ihrer Jugend, der vergangenen Jahre von Sorglosigkeit und der Hoffnung auf ein volles Leben, treibt ihr die empfundene Leere Tr\u00e4nen in die Augen. Ich fand sie in der K\u00fcche, das Make-Up im Gesicht verlaufen, als sie mitten in der Nacht v\u00f6llig verzweifelt ihre vergangenen Freunde anrief. Verzweifelt er\u00adinnert sie sehr an Susan.<\/p>\n<p>&#8211;&gt; <a href=\"http:\/\/jkoehler.diskstation.me\/wordpress\/diaries\/tagebuch-leningrad-st-petersburg-tbilisi-1991-1993\/georgien-1992-93\/tbilissi-29-april-1993\/\">next page<\/a><\/p>\n","protected":false},"excerpt":{"rendered":"<p>Inna liegt heulend im Bett hier neben mir. Angesichts unserer Beziehung, des Regen\u00adwetters, das sie ans Haus fesselt, der gegan\u00adgenen, verheirateten Freunde, der verloschenen St. Elms Flamme ihrer Jugend, der vergangenen Jahre von Sorglosigkeit und der Hoffnung auf ein volles Leben, treibt ihr die empfundene Leere Tr\u00e4nen in die Augen. Ich fand sie in der &hellip; <\/p>\n<p class=\"link-more\"><a href=\"http:\/\/jkoehler.diskstation.me\/wordpress\/diaries\/tagebuch-leningrad-st-petersburg-tbilisi-1991-1993\/georgien-1992-93\/tbilissi-28-april-1993\/\" class=\"more-link\">Continue reading<span class=\"screen-reader-text\"> &#8220;Tbilissi, 28. April 1993: St. Elms Feuer&#8221;<\/span><\/a><\/p>\n","protected":false},"author":1,"featured_media":1701,"parent":1077,"menu_order":66,"comment_status":"closed","ping_status":"closed","template":"","meta":{"footnotes":""},"class_list":["post-1482","page","type-page","status-publish","has-post-thumbnail","hentry"],"_links":{"self":[{"href":"http:\/\/jkoehler.diskstation.me\/wordpress\/wp-json\/wp\/v2\/pages\/1482","targetHints":{"allow":["GET"]}}],"collection":[{"href":"http:\/\/jkoehler.diskstation.me\/wordpress\/wp-json\/wp\/v2\/pages"}],"about":[{"href":"http:\/\/jkoehler.diskstation.me\/wordpress\/wp-json\/wp\/v2\/types\/page"}],"author":[{"embeddable":true,"href":"http:\/\/jkoehler.diskstation.me\/wordpress\/wp-json\/wp\/v2\/users\/1"}],"replies":[{"embeddable":true,"href":"http:\/\/jkoehler.diskstation.me\/wordpress\/wp-json\/wp\/v2\/comments?post=1482"}],"version-history":[{"count":4,"href":"http:\/\/jkoehler.diskstation.me\/wordpress\/wp-json\/wp\/v2\/pages\/1482\/revisions"}],"predecessor-version":[{"id":1997,"href":"http:\/\/jkoehler.diskstation.me\/wordpress\/wp-json\/wp\/v2\/pages\/1482\/revisions\/1997"}],"up":[{"embeddable":true,"href":"http:\/\/jkoehler.diskstation.me\/wordpress\/wp-json\/wp\/v2\/pages\/1077"}],"wp:featuredmedia":[{"embeddable":true,"href":"http:\/\/jkoehler.diskstation.me\/wordpress\/wp-json\/wp\/v2\/media\/1701"}],"wp:attachment":[{"href":"http:\/\/jkoehler.diskstation.me\/wordpress\/wp-json\/wp\/v2\/media?parent=1482"}],"curies":[{"name":"wp","href":"https:\/\/api.w.org\/{rel}","templated":true}]}}