{"id":1479,"date":"2018-03-13T13:07:07","date_gmt":"2018-03-13T12:07:07","guid":{"rendered":"http:\/\/jkoehler.diskstation.me\/wordpress\/?page_id=1479"},"modified":"2019-03-16T14:16:30","modified_gmt":"2019-03-16T13:16:30","slug":"tbilissi-25-april-1993","status":"publish","type":"page","link":"http:\/\/jkoehler.diskstation.me\/wordpress\/diaries\/tagebuch-leningrad-st-petersburg-tbilisi-1991-1993\/georgien-1992-93\/tbilissi-25-april-1993\/","title":{"rendered":"Tbilissi, 25. April 1993: sch\u00f6ne Jugend"},"content":{"rendered":"<p>\u00dcberrest einer sch\u00f6nen Jugend als Student der Geographie: Ein Foto, auf dem ein Expeditions-LKW abgebildet ist, aus dem ein gemeinsamer Bekannter heraush\u00e4ngt und eine h\u00fcbsche Schleife von Unverdautem hinter sich zieht. Erz\u00e4hlte Inna. Und Manana fragte: &#8220;Er hat jetzt geheiratet, nicht?&#8221;.<a href=\"http:\/\/jkoehler.diskstation.me\/wordpress\/wp-content\/uploads\/2018\/03\/Inna-Verona-kombo-berge.jpg\"><img loading=\"lazy\" decoding=\"async\" class=\"alignleft size-full wp-image-1699\" src=\"http:\/\/jkoehler.diskstation.me\/wordpress\/wp-content\/uploads\/2018\/03\/Inna-Verona-kombo-berge.jpg\" alt=\"\" width=\"1000\" height=\"649\" srcset=\"http:\/\/jkoehler.diskstation.me\/wordpress\/wp-content\/uploads\/2018\/03\/Inna-Verona-kombo-berge.jpg 1000w, http:\/\/jkoehler.diskstation.me\/wordpress\/wp-content\/uploads\/2018\/03\/Inna-Verona-kombo-berge-300x195.jpg 300w, http:\/\/jkoehler.diskstation.me\/wordpress\/wp-content\/uploads\/2018\/03\/Inna-Verona-kombo-berge-768x498.jpg 768w\" sizes=\"auto, (max-width: 767px) 89vw, (max-width: 1000px) 54vw, (max-width: 1071px) 543px, 580px\" \/><\/a><\/p>\n<p>Wie kann man solche Abende eines Resteessens ohne Depressionen \u00fcberstehen, frage ich mich.<\/p>\n<p>&#8211;&gt; <a href=\"http:\/\/jkoehler.diskstation.me\/wordpress\/diaries\/tagebuch-leningrad-st-petersburg-tbilisi-1991-1993\/georgien-1992-93\/tbilissi-28-april-1993\/\">next page<\/a><\/p>\n","protected":false},"excerpt":{"rendered":"<p>\u00dcberrest einer sch\u00f6nen Jugend als Student der Geographie: Ein Foto, auf dem ein Expeditions-LKW abgebildet ist, aus dem ein gemeinsamer Bekannter heraush\u00e4ngt und eine h\u00fcbsche Schleife von Unverdautem hinter sich zieht. Erz\u00e4hlte Inna. Und Manana fragte: &#8220;Er hat jetzt geheiratet, nicht?&#8221;. Wie kann man solche Abende eines Resteessens ohne Depressionen \u00fcberstehen, frage ich mich. &#8211;&gt; &hellip; <\/p>\n<p class=\"link-more\"><a href=\"http:\/\/jkoehler.diskstation.me\/wordpress\/diaries\/tagebuch-leningrad-st-petersburg-tbilisi-1991-1993\/georgien-1992-93\/tbilissi-25-april-1993\/\" class=\"more-link\">Continue reading<span class=\"screen-reader-text\"> &#8220;Tbilissi, 25. April 1993: sch\u00f6ne Jugend&#8221;<\/span><\/a><\/p>\n","protected":false},"author":1,"featured_media":1698,"parent":1077,"menu_order":65,"comment_status":"closed","ping_status":"closed","template":"","meta":{"footnotes":""},"class_list":["post-1479","page","type-page","status-publish","has-post-thumbnail","hentry"],"_links":{"self":[{"href":"http:\/\/jkoehler.diskstation.me\/wordpress\/wp-json\/wp\/v2\/pages\/1479","targetHints":{"allow":["GET"]}}],"collection":[{"href":"http:\/\/jkoehler.diskstation.me\/wordpress\/wp-json\/wp\/v2\/pages"}],"about":[{"href":"http:\/\/jkoehler.diskstation.me\/wordpress\/wp-json\/wp\/v2\/types\/page"}],"author":[{"embeddable":true,"href":"http:\/\/jkoehler.diskstation.me\/wordpress\/wp-json\/wp\/v2\/users\/1"}],"replies":[{"embeddable":true,"href":"http:\/\/jkoehler.diskstation.me\/wordpress\/wp-json\/wp\/v2\/comments?post=1479"}],"version-history":[{"count":4,"href":"http:\/\/jkoehler.diskstation.me\/wordpress\/wp-json\/wp\/v2\/pages\/1479\/revisions"}],"predecessor-version":[{"id":1996,"href":"http:\/\/jkoehler.diskstation.me\/wordpress\/wp-json\/wp\/v2\/pages\/1479\/revisions\/1996"}],"up":[{"embeddable":true,"href":"http:\/\/jkoehler.diskstation.me\/wordpress\/wp-json\/wp\/v2\/pages\/1077"}],"wp:featuredmedia":[{"embeddable":true,"href":"http:\/\/jkoehler.diskstation.me\/wordpress\/wp-json\/wp\/v2\/media\/1698"}],"wp:attachment":[{"href":"http:\/\/jkoehler.diskstation.me\/wordpress\/wp-json\/wp\/v2\/media?parent=1479"}],"curies":[{"name":"wp","href":"https:\/\/api.w.org\/{rel}","templated":true}]}}