{"id":1426,"date":"2018-03-12T17:50:57","date_gmt":"2018-03-12T16:50:57","guid":{"rendered":"http:\/\/jkoehler.diskstation.me\/wordpress\/?page_id=1426"},"modified":"2019-03-16T14:16:30","modified_gmt":"2019-03-16T13:16:30","slug":"tbilissi-14-april-1993","status":"publish","type":"page","link":"http:\/\/jkoehler.diskstation.me\/wordpress\/diaries\/tagebuch-leningrad-st-petersburg-tbilisi-1991-1993\/georgien-1992-93\/tbilissi-14-april-1993\/","title":{"rendered":"Tbilissi, 14. April 1993: Weltbild und Mensch"},"content":{"rendered":"<p>Wenn man sich mit Menschen wie Andruscha unterh\u00e4lt, hat man den Eindruck, man rede mit einem Weltbild und nicht mit einem lebendigen Menschen. Darauf reagieren kann man zweierlei: Entweder man l\u00e4\u00dft sich auf eine Diskussion \u00fcber die Schl\u00fcssigkeit dieses Weltbildes ein, und hofft, da\u00df der Gespr\u00e4chspartner sich weit genug hineingefunden hat in seine Sicht der Dinge, um eine interessante Diskussion zu erm\u00f6glichen, oder aber man l\u00e4\u00dft das Unterhalten ganz sein. Denn gen\u00f6tigt zu sein, dem Anderen, drischt er nur unverdaute Phrasen, sein Menschsein wiederzuentdecken, ist doch sehr l\u00e4stig.<\/p>\n<p>&#8211;&gt; <a href=\"http:\/\/jkoehler.diskstation.me\/wordpress\/diaries\/tagebuch-leningrad-st-petersburg-tbilisi-1991-1993\/georgien-1992-93\/tbilissi-18-april-1993\/\">next page<\/a><\/p>\n","protected":false},"excerpt":{"rendered":"<p>Wenn man sich mit Menschen wie Andruscha unterh\u00e4lt, hat man den Eindruck, man rede mit einem Weltbild und nicht mit einem lebendigen Menschen. Darauf reagieren kann man zweierlei: Entweder man l\u00e4\u00dft sich auf eine Diskussion \u00fcber die Schl\u00fcssigkeit dieses Weltbildes ein, und hofft, da\u00df der Gespr\u00e4chspartner sich weit genug hineingefunden hat in seine Sicht der &hellip; <\/p>\n<p class=\"link-more\"><a href=\"http:\/\/jkoehler.diskstation.me\/wordpress\/diaries\/tagebuch-leningrad-st-petersburg-tbilisi-1991-1993\/georgien-1992-93\/tbilissi-14-april-1993\/\" class=\"more-link\">Continue reading<span class=\"screen-reader-text\"> &#8220;Tbilissi, 14. April 1993: Weltbild und Mensch&#8221;<\/span><\/a><\/p>\n","protected":false},"author":1,"featured_media":0,"parent":1077,"menu_order":60,"comment_status":"closed","ping_status":"closed","template":"","meta":{"footnotes":""},"class_list":["post-1426","page","type-page","status-publish","hentry"],"_links":{"self":[{"href":"http:\/\/jkoehler.diskstation.me\/wordpress\/wp-json\/wp\/v2\/pages\/1426","targetHints":{"allow":["GET"]}}],"collection":[{"href":"http:\/\/jkoehler.diskstation.me\/wordpress\/wp-json\/wp\/v2\/pages"}],"about":[{"href":"http:\/\/jkoehler.diskstation.me\/wordpress\/wp-json\/wp\/v2\/types\/page"}],"author":[{"embeddable":true,"href":"http:\/\/jkoehler.diskstation.me\/wordpress\/wp-json\/wp\/v2\/users\/1"}],"replies":[{"embeddable":true,"href":"http:\/\/jkoehler.diskstation.me\/wordpress\/wp-json\/wp\/v2\/comments?post=1426"}],"version-history":[{"count":3,"href":"http:\/\/jkoehler.diskstation.me\/wordpress\/wp-json\/wp\/v2\/pages\/1426\/revisions"}],"predecessor-version":[{"id":1990,"href":"http:\/\/jkoehler.diskstation.me\/wordpress\/wp-json\/wp\/v2\/pages\/1426\/revisions\/1990"}],"up":[{"embeddable":true,"href":"http:\/\/jkoehler.diskstation.me\/wordpress\/wp-json\/wp\/v2\/pages\/1077"}],"wp:attachment":[{"href":"http:\/\/jkoehler.diskstation.me\/wordpress\/wp-json\/wp\/v2\/media?parent=1426"}],"curies":[{"name":"wp","href":"https:\/\/api.w.org\/{rel}","templated":true}]}}