{"id":1423,"date":"2018-03-12T17:47:35","date_gmt":"2018-03-12T16:47:35","guid":{"rendered":"http:\/\/jkoehler.diskstation.me\/wordpress\/?page_id=1423"},"modified":"2019-03-16T14:16:30","modified_gmt":"2019-03-16T13:16:30","slug":"tbilissi-11-april-1993","status":"publish","type":"page","link":"http:\/\/jkoehler.diskstation.me\/wordpress\/diaries\/tagebuch-leningrad-st-petersburg-tbilisi-1991-1993\/georgien-1992-93\/tbilissi-11-april-1993\/","title":{"rendered":"Tbilissi, 11. April 1993: Platons Feuerzeug"},"content":{"rendered":"<p>Platon kam heute zu Dato und mir ins Zimmer um seinen Enkel zu fragen, ob er nicht einen Ort wisse, wo man sein Feuerzeug mit Gas nachf\u00fcllen k\u00f6nne. Ich wu\u00dfte, da\u00df dies eine Frage von Bedeutung f\u00fcr Platon war, obwohl er als Nichtraucher und mit Streichh\u00f6lzern ausger\u00fcstet eigentlich wenig praktische Verwendung daf\u00fcr hatte. Vor einigen Tagen hatte er es aber trotz allem auf ein kleines Abenteuer und einen Krach mit Viktoria ankommen lassen, und war alleine den H\u00fcgel hinuntergestiefelt, ins Ungewisse, weil er von einem Gesch\u00e4ft geh\u00f6rt hatte, das in der n\u00e4heren Umgebung gelegen sein sollte und Feuerzeuge nachf\u00fclle. Er hatte es aber nicht bis dorthin geschafft Bekannte hatten ihn zur\u00fcckbringen m\u00fcssen. Viktoria, die Platon nach seinem Schw\u00e4cheanfall geh\u00f6rig ausschalt und mit Spritzen in den Po versah, weigert sich seitdem, ihm diesen Dienst zu erf\u00fcllen.<\/p>\n<p>Platon, der seit einem halben Jahr zu Hause sitzt, durch den Zusammenbruch des \u00f6ffentlichen Verkehrssystems von seiner Arbeitsstelle als Chemiker im weit entfernt liegenden Physiochemischen Institut abgeschnitten, und traurig still auf den nahenden Tod wartet, erkl\u00e4rte uns die Situation folgenderma\u00dfen: &#8220;Bis zu dem Gesch\u00e4ft zu laufen, da\u00df ist doch eine gro\u00dfe Sache &#8230;. Vielleicht findest Du jemanden, der das an der Universit\u00e4t machen kann.&#8221; Hier kam Viktoria reingeb\u00fcrstet und schimpfte ihn aus. Er fuhr fort: &#8220;Viktoria findet, da\u00df man nur als Raucher ein Feuerzeug brauche &#8230;. Ich bin da anderer Meinung &#8230;. Vielleicht fragt mich ja mal jemand nach Feuer, im Hof zum Beispiel &#8230; und es hat so gut funktioniert. Und dann: Was soll ein Mann mit einem leeren Feuerzeug in der Tasche?&#8221;.<\/p>\n<p>Mir wurde bewu\u00dft, da\u00df dieses Gespr\u00e4ch, obwohl er milde l\u00e4chelte, selbst wenn Viktoria dazwischen meckerte, ein Gespr\u00e4ch um Leben und Tod war. Vor einem halben Jahr hat dieser \u00fcber achtzig Jahre alte Mann noch jeden Tag als Ratgeber gearbeitet, so fachkundig, da\u00df auch heute noch seine Mitarbeiter den weiten Weg auf den H\u00fcgel hinauf nicht scheuen, wenn sie ein fachliches Problem nicht selbst bew\u00e4ltigt bekommen. Jetzt sitzt er ununterbrochen zu Hause, schwerh\u00f6rig und in v\u00f6lliger Abh\u00e4ngigkeit des Muttertiers Viktoria. Zuhause, das hei\u00dft: zwei dunkle Zimmer in einem verfallenen Altbau, ehemals von Priestern bewohnt, abfallender Putz, ein Plumpsklo f\u00fcr vier Familien, keine Dusche und kein warmes Wasser. Ihn so ganz in seinem Kummer versunken zu sehen frage ich mich, woher er die Kraft nimmt zu seinem w\u00e4rmespendenden, milden L\u00e4cheln. Nie sah ich in seinem Blick Boshaftigkeit oder Anschuldigung, nicht einmal Verbitterung. Nur Traurigkeit und manches Mal auch leise Verzweiflung.<\/p>\n<p>Dato willigte nat\u00fcrlich ein. Platon brachte freudig das Feuerzeug, aber es war ein Einwegfeuerzeug.<\/p>\n<p>&nbsp;<\/p>\n<p>&#8211;&gt; <a href=\"http:\/\/jkoehler.diskstation.me\/wordpress\/diaries\/tagebuch-leningrad-st-petersburg-tbilisi-1991-1993\/georgien-1992-93\/tbilissi-14-april-1993\/\">next page<\/a><\/p>\n","protected":false},"excerpt":{"rendered":"<p>Platon kam heute zu Dato und mir ins Zimmer um seinen Enkel zu fragen, ob er nicht einen Ort wisse, wo man sein Feuerzeug mit Gas nachf\u00fcllen k\u00f6nne. Ich wu\u00dfte, da\u00df dies eine Frage von Bedeutung f\u00fcr Platon war, obwohl er als Nichtraucher und mit Streichh\u00f6lzern ausger\u00fcstet eigentlich wenig praktische Verwendung daf\u00fcr hatte. Vor einigen &hellip; <\/p>\n<p class=\"link-more\"><a href=\"http:\/\/jkoehler.diskstation.me\/wordpress\/diaries\/tagebuch-leningrad-st-petersburg-tbilisi-1991-1993\/georgien-1992-93\/tbilissi-11-april-1993\/\" class=\"more-link\">Continue reading<span class=\"screen-reader-text\"> &#8220;Tbilissi, 11. April 1993: Platons Feuerzeug&#8221;<\/span><\/a><\/p>\n","protected":false},"author":1,"featured_media":0,"parent":1077,"menu_order":59,"comment_status":"closed","ping_status":"closed","template":"","meta":{"footnotes":""},"class_list":["post-1423","page","type-page","status-publish","hentry"],"_links":{"self":[{"href":"http:\/\/jkoehler.diskstation.me\/wordpress\/wp-json\/wp\/v2\/pages\/1423","targetHints":{"allow":["GET"]}}],"collection":[{"href":"http:\/\/jkoehler.diskstation.me\/wordpress\/wp-json\/wp\/v2\/pages"}],"about":[{"href":"http:\/\/jkoehler.diskstation.me\/wordpress\/wp-json\/wp\/v2\/types\/page"}],"author":[{"embeddable":true,"href":"http:\/\/jkoehler.diskstation.me\/wordpress\/wp-json\/wp\/v2\/users\/1"}],"replies":[{"embeddable":true,"href":"http:\/\/jkoehler.diskstation.me\/wordpress\/wp-json\/wp\/v2\/comments?post=1423"}],"version-history":[{"count":5,"href":"http:\/\/jkoehler.diskstation.me\/wordpress\/wp-json\/wp\/v2\/pages\/1423\/revisions"}],"predecessor-version":[{"id":1989,"href":"http:\/\/jkoehler.diskstation.me\/wordpress\/wp-json\/wp\/v2\/pages\/1423\/revisions\/1989"}],"up":[{"embeddable":true,"href":"http:\/\/jkoehler.diskstation.me\/wordpress\/wp-json\/wp\/v2\/pages\/1077"}],"wp:attachment":[{"href":"http:\/\/jkoehler.diskstation.me\/wordpress\/wp-json\/wp\/v2\/media?parent=1423"}],"curies":[{"name":"wp","href":"https:\/\/api.w.org\/{rel}","templated":true}]}}