{"id":1419,"date":"2018-03-12T17:39:21","date_gmt":"2018-03-12T16:39:21","guid":{"rendered":"http:\/\/jkoehler.diskstation.me\/wordpress\/?page_id=1419"},"modified":"2019-03-16T14:16:30","modified_gmt":"2019-03-16T13:16:30","slug":"tbilissi-9-april-1993","status":"publish","type":"page","link":"http:\/\/jkoehler.diskstation.me\/wordpress\/diaries\/tagebuch-leningrad-st-petersburg-tbilisi-1991-1993\/georgien-1992-93\/tbilissi-9-april-1993\/","title":{"rendered":"Tbilissi, 9. April 1993: Loch Ness"},"content":{"rendered":"<p>Gestern mit Dato erfolgreich die gesamte Wohnung zugekotzt. Das, nachdem wir uns in-einem Kaffee in die Un\u00e4sthetik gefressen und getrunken hatten. Die Nacht \u00fcber dann alleine die ganze Schei\u00dfe wegger\u00e4umt. Dato, der sich als talentierterer Verteiler des Unverdauten zeigte, kroch zum Spiegel im Flur, zog sich hoch, sah hinein und sprach: &#8220;Ich sehe aus wie Loch Ness &#8230; nur schlimmer.&#8221;<\/p>\n<p>&#8211;&gt; <a href=\"http:\/\/jkoehler.diskstation.me\/wordpress\/diaries\/tagebuch-leningrad-st-petersburg-tbilisi-1991-1993\/georgien-1992-93\/tbilissi-11-april-1993\/\">next page<\/a><\/p>\n","protected":false},"excerpt":{"rendered":"<p>Gestern mit Dato erfolgreich die gesamte Wohnung zugekotzt. Das, nachdem wir uns in-einem Kaffee in die Un\u00e4sthetik gefressen und getrunken hatten. Die Nacht \u00fcber dann alleine die ganze Schei\u00dfe wegger\u00e4umt. Dato, der sich als talentierterer Verteiler des Unverdauten zeigte, kroch zum Spiegel im Flur, zog sich hoch, sah hinein und sprach: &#8220;Ich sehe aus wie &hellip; <\/p>\n<p class=\"link-more\"><a href=\"http:\/\/jkoehler.diskstation.me\/wordpress\/diaries\/tagebuch-leningrad-st-petersburg-tbilisi-1991-1993\/georgien-1992-93\/tbilissi-9-april-1993\/\" class=\"more-link\">Continue reading<span class=\"screen-reader-text\"> &#8220;Tbilissi, 9. April 1993: Loch Ness&#8221;<\/span><\/a><\/p>\n","protected":false},"author":1,"featured_media":1462,"parent":1077,"menu_order":58,"comment_status":"closed","ping_status":"closed","template":"","meta":{"footnotes":""},"class_list":["post-1419","page","type-page","status-publish","has-post-thumbnail","hentry"],"_links":{"self":[{"href":"http:\/\/jkoehler.diskstation.me\/wordpress\/wp-json\/wp\/v2\/pages\/1419","targetHints":{"allow":["GET"]}}],"collection":[{"href":"http:\/\/jkoehler.diskstation.me\/wordpress\/wp-json\/wp\/v2\/pages"}],"about":[{"href":"http:\/\/jkoehler.diskstation.me\/wordpress\/wp-json\/wp\/v2\/types\/page"}],"author":[{"embeddable":true,"href":"http:\/\/jkoehler.diskstation.me\/wordpress\/wp-json\/wp\/v2\/users\/1"}],"replies":[{"embeddable":true,"href":"http:\/\/jkoehler.diskstation.me\/wordpress\/wp-json\/wp\/v2\/comments?post=1419"}],"version-history":[{"count":5,"href":"http:\/\/jkoehler.diskstation.me\/wordpress\/wp-json\/wp\/v2\/pages\/1419\/revisions"}],"predecessor-version":[{"id":1988,"href":"http:\/\/jkoehler.diskstation.me\/wordpress\/wp-json\/wp\/v2\/pages\/1419\/revisions\/1988"}],"up":[{"embeddable":true,"href":"http:\/\/jkoehler.diskstation.me\/wordpress\/wp-json\/wp\/v2\/pages\/1077"}],"wp:featuredmedia":[{"embeddable":true,"href":"http:\/\/jkoehler.diskstation.me\/wordpress\/wp-json\/wp\/v2\/media\/1462"}],"wp:attachment":[{"href":"http:\/\/jkoehler.diskstation.me\/wordpress\/wp-json\/wp\/v2\/media?parent=1419"}],"curies":[{"name":"wp","href":"https:\/\/api.w.org\/{rel}","templated":true}]}}