{"id":1412,"date":"2018-03-12T17:25:46","date_gmt":"2018-03-12T16:25:46","guid":{"rendered":"http:\/\/jkoehler.diskstation.me\/wordpress\/?page_id=1412"},"modified":"2019-03-16T14:16:30","modified_gmt":"2019-03-16T13:16:30","slug":"tbilissi-7-april-1993","status":"publish","type":"page","link":"http:\/\/jkoehler.diskstation.me\/wordpress\/diaries\/tagebuch-leningrad-st-petersburg-tbilisi-1991-1993\/georgien-1992-93\/tbilissi-7-april-1993\/","title":{"rendered":"Tbilissi, 7. April 1993: Ist das etwa eine Regierung?"},"content":{"rendered":"<p>Diktaphont\u00f6ne:<br \/>\n&#8211; Inna und die zerfetzte Zahnb\u00fcrste.<br \/>\n&#8211; Turkvolk in der N\u00e4he von Djavakheti, das von Stalin nach Usbekistan umgesiedelt wurde. An ihrer Stelle wurden Armenier in der Region angesiedelt, die jetzt als lokale Mehrheit auch Autonomie beanspruchen. Bei der Umsiedlung der T\u00fcrken sind alleine 15000 Kinder verreckt. In Usbekistan wurde vor drei Jahren ein Blutbad unter den Turkmenen angerichtet. Sie verlangen seit dem die R\u00fccksiedlung in ihre angestammte Heimat.<br \/>\n&#8211; M\u00f6chtegernlover, der in einen Gulli fiel, w\u00e4hrend das M\u00e4dchen in finsterer Seitengasse, die Augen geschlossen, auf seinen Ku\u00df wartete.<br \/>\n&#8211; Ninos Traum vom frierenden Gamsachhurdia, der in kahler Wohnung neben ihr hauste, und das Bett nicht verlassend, die Decke \u00fcber die Nase gezogen rumn\u00f6rgelt: &#8220;Ist das etwa eine Regierung? &#8230; &#8221;<br \/>\n&#8211; Viktoria, wie sie Platon qu\u00e4lt und erh\u00e4lt. Seine Aussage, nach der alleine und leidenschaftslos auf den Tod warte. Sein schemenhaftes L\u00e4cheln, wenn er sich doch, gegen die Allmacht Viktorias einen Streich g\u00f6nnt (der ihn leicht ins Grab bringen k\u00f6nnte) und zur Bahnbr\u00fccke hinabsteigt, um sein Feuerzeug mit Benzin zu f\u00fcllen. Unendlich wehm\u00fctig sein Blick&#8230; . Sieht alles, bewegt sich in der Welt seiner Erinnerungen mit grausam klaren Geist. War angesehener<br \/>\nChemiker und Philosoph &#8211; und lebt jetzt in einer v\u00f6llig toten Gruft, zum Kleinkind gemacht\/geworden. Datos w\u00fctende Reaktion darauf, ungeachtet der Tatsache, da\u00df Platon ohne Viktorias Beh\u00fctung tats\u00e4chlich schon lange nicht mehr w\u00e4re.<br \/>\n&#8211; Zwei Menschen brechen auf, einen kleinen See zu umwandern, und wandern sich in eine Insel hinein.<\/p>\n<p>&nbsp;<\/p>\n<p>&#8211;&gt; <a href=\"http:\/\/jkoehler.diskstation.me\/wordpress\/diaries\/tagebuch-leningrad-st-petersburg-tbilisi-1991-1993\/georgien-1992-93\/tbilissi-8-april-1993\/\">next page<\/a><\/p>\n","protected":false},"excerpt":{"rendered":"<p>Diktaphont\u00f6ne: &#8211; Inna und die zerfetzte Zahnb\u00fcrste. &#8211; Turkvolk in der N\u00e4he von Djavakheti, das von Stalin nach Usbekistan umgesiedelt wurde. An ihrer Stelle wurden Armenier in der Region angesiedelt, die jetzt als lokale Mehrheit auch Autonomie beanspruchen. Bei der Umsiedlung der T\u00fcrken sind alleine 15000 Kinder verreckt. In Usbekistan wurde vor drei Jahren ein &hellip; <\/p>\n<p class=\"link-more\"><a href=\"http:\/\/jkoehler.diskstation.me\/wordpress\/diaries\/tagebuch-leningrad-st-petersburg-tbilisi-1991-1993\/georgien-1992-93\/tbilissi-7-april-1993\/\" class=\"more-link\">Continue reading<span class=\"screen-reader-text\"> &#8220;Tbilissi, 7. April 1993: Ist das etwa eine Regierung?&#8221;<\/span><\/a><\/p>\n","protected":false},"author":1,"featured_media":0,"parent":1077,"menu_order":55,"comment_status":"closed","ping_status":"closed","template":"","meta":{"footnotes":""},"class_list":["post-1412","page","type-page","status-publish","hentry"],"_links":{"self":[{"href":"http:\/\/jkoehler.diskstation.me\/wordpress\/wp-json\/wp\/v2\/pages\/1412","targetHints":{"allow":["GET"]}}],"collection":[{"href":"http:\/\/jkoehler.diskstation.me\/wordpress\/wp-json\/wp\/v2\/pages"}],"about":[{"href":"http:\/\/jkoehler.diskstation.me\/wordpress\/wp-json\/wp\/v2\/types\/page"}],"author":[{"embeddable":true,"href":"http:\/\/jkoehler.diskstation.me\/wordpress\/wp-json\/wp\/v2\/users\/1"}],"replies":[{"embeddable":true,"href":"http:\/\/jkoehler.diskstation.me\/wordpress\/wp-json\/wp\/v2\/comments?post=1412"}],"version-history":[{"count":4,"href":"http:\/\/jkoehler.diskstation.me\/wordpress\/wp-json\/wp\/v2\/pages\/1412\/revisions"}],"predecessor-version":[{"id":1985,"href":"http:\/\/jkoehler.diskstation.me\/wordpress\/wp-json\/wp\/v2\/pages\/1412\/revisions\/1985"}],"up":[{"embeddable":true,"href":"http:\/\/jkoehler.diskstation.me\/wordpress\/wp-json\/wp\/v2\/pages\/1077"}],"wp:attachment":[{"href":"http:\/\/jkoehler.diskstation.me\/wordpress\/wp-json\/wp\/v2\/media?parent=1412"}],"curies":[{"name":"wp","href":"https:\/\/api.w.org\/{rel}","templated":true}]}}