{"id":1406,"date":"2018-03-12T17:11:54","date_gmt":"2018-03-12T16:11:54","guid":{"rendered":"http:\/\/jkoehler.diskstation.me\/wordpress\/?page_id=1406"},"modified":"2019-03-16T14:16:30","modified_gmt":"2019-03-16T13:16:30","slug":"tbilissi-31-marz-1993","status":"publish","type":"page","link":"http:\/\/jkoehler.diskstation.me\/wordpress\/diaries\/tagebuch-leningrad-st-petersburg-tbilisi-1991-1993\/georgien-1992-93\/tbilissi-31-marz-1993\/","title":{"rendered":"Tbilissi. 31. M\u00e4rz 1993: DEDA-Syndrom"},"content":{"rendered":"<p>Wie werden Traditionen, die zu DEDA-Syndrom und Infantilisierung f\u00fchren, weitergegeben? Eine Freundin Lelas erz\u00e4hlte, da\u00df sie, nachdem sie geheiratet hatte, alle M\u00f6glichkeit einb\u00fc\u00dfte, ihre Pers\u00f6nlichkeit zu entfalten. Ihre W\u00fcnsche, Sehns\u00fcchte und Forderungen, die sie an sich selbst stellte, \u00fcbertrug sie auf ihre Kinder &#8211; und qu\u00e4lte diese damit.<\/p>\n<p>Die Rolle, die eine Gesellschaft der Frau zuweist, scheint wirklich von entscheidender Wichtigkeit f\u00fcr kulturelle Entwicklung zu sein. Zumindest in famili\u00e4r strukturierten Gesellschaften. Sie erziehen die nachfolgende Generation.<\/p>\n<p>Das Recht sich um andere Sorgen zu machen, wird hier meistens dann eingefordert, wenn es darum geht Macht \u00fcber die Handlungen nahestehender Menschen auszu\u00fcben. Mutter-Kinder, Bruder-Schwester, Mann-Frau. Und Freunde untereinander. Dahinter stehen allerdings feste Vorstellungen, von dem, was sich geh\u00f6rt, und eifers\u00fcchtiges Besitzempfinden.<\/p>\n<p>&#8211;&gt; <a href=\"http:\/\/jkoehler.diskstation.me\/wordpress\/diaries\/tagebuch-leningrad-st-petersburg-tbilisi-1991-1993\/georgien-1992-93\/tbilissi-1-april-1993\/\">next page<\/a><\/p>\n","protected":false},"excerpt":{"rendered":"<p>Wie werden Traditionen, die zu DEDA-Syndrom und Infantilisierung f\u00fchren, weitergegeben? Eine Freundin Lelas erz\u00e4hlte, da\u00df sie, nachdem sie geheiratet hatte, alle M\u00f6glichkeit einb\u00fc\u00dfte, ihre Pers\u00f6nlichkeit zu entfalten. Ihre W\u00fcnsche, Sehns\u00fcchte und Forderungen, die sie an sich selbst stellte, \u00fcbertrug sie auf ihre Kinder &#8211; und qu\u00e4lte diese damit. Die Rolle, die eine Gesellschaft der Frau &hellip; <\/p>\n<p class=\"link-more\"><a href=\"http:\/\/jkoehler.diskstation.me\/wordpress\/diaries\/tagebuch-leningrad-st-petersburg-tbilisi-1991-1993\/georgien-1992-93\/tbilissi-31-marz-1993\/\" class=\"more-link\">Continue reading<span class=\"screen-reader-text\"> &#8220;Tbilissi. 31. M\u00e4rz 1993: DEDA-Syndrom&#8221;<\/span><\/a><\/p>\n","protected":false},"author":1,"featured_media":1460,"parent":1077,"menu_order":53,"comment_status":"closed","ping_status":"closed","template":"","meta":{"footnotes":""},"class_list":["post-1406","page","type-page","status-publish","has-post-thumbnail","hentry"],"_links":{"self":[{"href":"http:\/\/jkoehler.diskstation.me\/wordpress\/wp-json\/wp\/v2\/pages\/1406","targetHints":{"allow":["GET"]}}],"collection":[{"href":"http:\/\/jkoehler.diskstation.me\/wordpress\/wp-json\/wp\/v2\/pages"}],"about":[{"href":"http:\/\/jkoehler.diskstation.me\/wordpress\/wp-json\/wp\/v2\/types\/page"}],"author":[{"embeddable":true,"href":"http:\/\/jkoehler.diskstation.me\/wordpress\/wp-json\/wp\/v2\/users\/1"}],"replies":[{"embeddable":true,"href":"http:\/\/jkoehler.diskstation.me\/wordpress\/wp-json\/wp\/v2\/comments?post=1406"}],"version-history":[{"count":3,"href":"http:\/\/jkoehler.diskstation.me\/wordpress\/wp-json\/wp\/v2\/pages\/1406\/revisions"}],"predecessor-version":[{"id":1983,"href":"http:\/\/jkoehler.diskstation.me\/wordpress\/wp-json\/wp\/v2\/pages\/1406\/revisions\/1983"}],"up":[{"embeddable":true,"href":"http:\/\/jkoehler.diskstation.me\/wordpress\/wp-json\/wp\/v2\/pages\/1077"}],"wp:featuredmedia":[{"embeddable":true,"href":"http:\/\/jkoehler.diskstation.me\/wordpress\/wp-json\/wp\/v2\/media\/1460"}],"wp:attachment":[{"href":"http:\/\/jkoehler.diskstation.me\/wordpress\/wp-json\/wp\/v2\/media?parent=1406"}],"curies":[{"name":"wp","href":"https:\/\/api.w.org\/{rel}","templated":true}]}}