{"id":1400,"date":"2018-03-12T16:57:26","date_gmt":"2018-03-12T15:57:26","guid":{"rendered":"http:\/\/jkoehler.diskstation.me\/wordpress\/?page_id=1400"},"modified":"2019-03-16T14:16:30","modified_gmt":"2019-03-16T13:16:30","slug":"tbilissi-27-marz-1993","status":"publish","type":"page","link":"http:\/\/jkoehler.diskstation.me\/wordpress\/diaries\/tagebuch-leningrad-st-petersburg-tbilisi-1991-1993\/georgien-1992-93\/tbilissi-27-marz-1993\/","title":{"rendered":"Tbilissi, 27; M\u00e4rz 1993: Ultima necat"},"content":{"rendered":"<p>Einer dieser Abende, die gut der letzte sein k\u00f6nnten. &#8220;Ultima necat&#8221;, mag sein, doch l\u00e4utet sie sich vorher gut ein.<\/p>\n<p>Der warme Fr\u00fchlingstag heute lie\u00df die Knospen der B\u00e4ume aufgehen, die M\u00e4dchen warfen ihre Winterh\u00fcllen ab und zeigten ihre Jugend. Tiniko sagte, es g\u00e4be nur zwei Sorten von Menschen: Frische und verdorbene (wohl ein Zitat Bulgarkows). Und so fruchtbar und lebendig dieser s\u00fcdliche Fr\u00fchlingstag anmutete, so erstickend und bedr\u00fcckend legte die fr\u00fche Nacht sich aufs Gem\u00fct. Eine z\u00e4he Finsternis.<\/p>\n<p>Nur selten habe ich das Leben so sehr als Qual empfunden, wie an diesem Abend. Man m\u00f6chte Gott seine Sch\u00f6pfung ins Gesicht zur\u00fcck spucken und ihm sagen: Danke!, danke f\u00fcr diese wunderbare Zukunft, die einen von \u00fcberall her ang\u00e4hnt Was ist das f\u00fcr eine verfluchte Zukunft, die durch ein Ende definiert ist? Umso sch\u00f6ner der Augenblick ist, umso bewu\u00dfter wird sein Ende.<\/p>\n<p>\u00dcber den \u00e4u\u00dfersten Rand meiner Jugend hinaus, blicke ich zur\u00fcck auf ein recht buntes Leben. Schaue ich mich aber um, bin ich nirgends und f\u00fchrt mein Leben ins Nichts. Ich habe mir noch nicht einmal eine Besch\u00e4ftigung gesucht, die mich von dem Schicksalhaften meiner Selbst etwas ablenken k\u00f6nnte und mich zudem noch ern\u00e4hrte. Dieses Bewu\u00dftsein des Nirgends und Nirgendwohin hat mich in meiner Kindheit schon fast umgebracht. Ich habe mein Menschsein damals sicherlich sehr viel tiefer erlebt, als in den Zeiten der Zuversicht von Australien bis K\u00f6ln. Jetzt bin ich wieder am Anfang und f\u00fchle die grausame Richtigkeit meiner verbalen Selbstdarstellungen. Den Traum vom Platz in dieser Welt, an dem ich in Ruhe leben und sterben k\u00f6nnte, den lasse ich, wie die anderen gro\u00dfen Tr\u00e4ume, solange nicht zu, bis es auch ganz sicher zu sp\u00e4t ist, ihn zu realisieren. \u201e<em>Pora moi drug, pora\u2026 Schastie net na svete; no est\u2018 pokoi i volya<\/em>\u201c. Mir eine ganze Welt selbst zu schaffen, dazu reichen Kraft und Genie nicht aus. Das ist meine Trag\u00f6die, die bald in irgendeiner Form des Todes Ausdruck finden wird. In klaren Momenten wie jetzt, erkenne ich das, und mir wird angst und bange. W\u00e4re ich wenigstens ein bi\u00dfchen begabt in Sachen Selbstmitleid, k\u00f6nnte ich mich vielleicht einfach mal ausheulen und dann mit etwas bescheideneren Anspr\u00fcchen weiterschlingern &#8211; aber Stolz und Trotz versagen mir das noch.<\/p>\n<p>Verflucht, w\u00e4re ich nocheinnal 20, vielleicht w\u00fcrde ich einen planierten Weg gehen &#8211; warum sich bis 30 qu\u00e4len um dann doch alles an Aufstand hinzuschmei\u00dfen! Und dann ist es zu sp\u00e4t f\u00fcr etablierte Lebensl\u00fcgen.<\/p>\n<p>&nbsp;<\/p>\n<p>&#8211;&gt; <a href=\"http:\/\/jkoehler.diskstation.me\/wordpress\/diaries\/tagebuch-leningrad-st-petersburg-tbilisi-1991-1993\/georgien-1992-93\/tbilissi-29-marz-1993\/\">next page<\/a><\/p>\n","protected":false},"excerpt":{"rendered":"<p>Einer dieser Abende, die gut der letzte sein k\u00f6nnten. &#8220;Ultima necat&#8221;, mag sein, doch l\u00e4utet sie sich vorher gut ein. Der warme Fr\u00fchlingstag heute lie\u00df die Knospen der B\u00e4ume aufgehen, die M\u00e4dchen warfen ihre Winterh\u00fcllen ab und zeigten ihre Jugend. Tiniko sagte, es g\u00e4be nur zwei Sorten von Menschen: Frische und verdorbene (wohl ein Zitat &hellip; <\/p>\n<p class=\"link-more\"><a href=\"http:\/\/jkoehler.diskstation.me\/wordpress\/diaries\/tagebuch-leningrad-st-petersburg-tbilisi-1991-1993\/georgien-1992-93\/tbilissi-27-marz-1993\/\" class=\"more-link\">Continue reading<span class=\"screen-reader-text\"> &#8220;Tbilissi, 27; M\u00e4rz 1993: Ultima necat&#8221;<\/span><\/a><\/p>\n","protected":false},"author":1,"featured_media":1459,"parent":1077,"menu_order":52,"comment_status":"closed","ping_status":"closed","template":"","meta":{"footnotes":""},"class_list":["post-1400","page","type-page","status-publish","has-post-thumbnail","hentry"],"_links":{"self":[{"href":"http:\/\/jkoehler.diskstation.me\/wordpress\/wp-json\/wp\/v2\/pages\/1400","targetHints":{"allow":["GET"]}}],"collection":[{"href":"http:\/\/jkoehler.diskstation.me\/wordpress\/wp-json\/wp\/v2\/pages"}],"about":[{"href":"http:\/\/jkoehler.diskstation.me\/wordpress\/wp-json\/wp\/v2\/types\/page"}],"author":[{"embeddable":true,"href":"http:\/\/jkoehler.diskstation.me\/wordpress\/wp-json\/wp\/v2\/users\/1"}],"replies":[{"embeddable":true,"href":"http:\/\/jkoehler.diskstation.me\/wordpress\/wp-json\/wp\/v2\/comments?post=1400"}],"version-history":[{"count":4,"href":"http:\/\/jkoehler.diskstation.me\/wordpress\/wp-json\/wp\/v2\/pages\/1400\/revisions"}],"predecessor-version":[{"id":1981,"href":"http:\/\/jkoehler.diskstation.me\/wordpress\/wp-json\/wp\/v2\/pages\/1400\/revisions\/1981"}],"up":[{"embeddable":true,"href":"http:\/\/jkoehler.diskstation.me\/wordpress\/wp-json\/wp\/v2\/pages\/1077"}],"wp:featuredmedia":[{"embeddable":true,"href":"http:\/\/jkoehler.diskstation.me\/wordpress\/wp-json\/wp\/v2\/media\/1459"}],"wp:attachment":[{"href":"http:\/\/jkoehler.diskstation.me\/wordpress\/wp-json\/wp\/v2\/media?parent=1400"}],"curies":[{"name":"wp","href":"https:\/\/api.w.org\/{rel}","templated":true}]}}