{"id":1379,"date":"2018-03-11T21:32:41","date_gmt":"2018-03-11T20:32:41","guid":{"rendered":"http:\/\/jkoehler.diskstation.me\/wordpress\/?page_id=1379"},"modified":"2019-03-16T14:16:29","modified_gmt":"2019-03-16T13:16:29","slug":"tbilissi-17-marz-1993","status":"publish","type":"page","link":"http:\/\/jkoehler.diskstation.me\/wordpress\/diaries\/tagebuch-leningrad-st-petersburg-tbilisi-1991-1993\/georgien-1992-93\/tbilissi-17-marz-1993\/","title":{"rendered":"Tbilissi, 17. M\u00e4rz 1993: m\u00f6glicher Krieg zwischen Ru\u00dfland und Georgien"},"content":{"rendered":"<p>Ein offener Krieg zwischen Ru\u00dfland und Georgien wird immer m\u00f6glicher. Die F\u00fchrer Georgiens sind offensichtlich nicht bereit, sich in ein erneutes loyales Sattelitendasein zu Ru\u00dfland pr\u00fcgeln zu lassen. Es mangelt an Zuckerbrot.<\/p>\n<p>Ru\u00dfland hat au\u00dfer der Knute eines aufger\u00fc\u00dfteten Milit\u00e4rs nichts zu bieten, weder wirtschaftlich, noch strategisch. Und das Milit\u00e4r selbst ist im h\u00f6chsten\u00b7 Ma\u00dfe unzuverl\u00e4ssig, die Loyalit\u00e4t der Soldaten und h\u00f6heren R\u00e4nge nicht im geringsten klar. Der Homo Sowjetikus wurde vor allem in Ru\u00dfland und unter Russen erzeugt. Auf Loyalit\u00e4t zum M\u00fctterchen Ru\u00dfland ist selbst unter den russischen Soldaten kaum zu bauen. Von daher lassen sie sich ja auch so problemlos als S\u00f6ldnertruppe und Brandstifter in den Krisengebieten einsetzten.<\/p>\n<p>In Abchsien ist Suchumi jetzt von russischen Kampfflugzeugen in gr\u00f6\u00dferem Ma\u00dfe bombadiert worden (ca. 100 H\u00e4user sind vollends zerst\u00f6rt worden). Shewardnadse nannte zum ersten Mal Ru\u00dfland als den Feind, um den es geht und ordnete an, die vollst\u00e4ndige Mobilisierung vorzubereiten.<\/p>\n<p>Entweder f\u00fchrt Shewardnadse Georgien tats\u00e4chlich nicht &#8211; und ist nur der vorgeschobene Saubermann des WOR SAKONI, R\u00e4ubers und M\u00f6rders Jussuljani (Stellvertreter Shewardnadses und Organisator der &#8220;Reiter&#8221;, einer Guerillatruppe, die an dem Sturz Gamsachhurdias ma\u00dfgeblich mitbeteiligt war) und des Kanzlers Kitowani, oder aber die alten Machthaber in Ru\u00dfland (vor dem Putsch) haben sich gr\u00fcndlich in ihm get\u00e4uscht.<\/p>\n<p>Wahrscheinlicher ist ersteres (obwohl ein Bekannter Georgies, bei dem wir gestern den sehr tendenzi\u00f6sen Dokumentarfilm &#8220;Die Rache der Nomenklatura. Der Osten nach dem Kommunismus Teil II&#8221; gesehen haben und der heftiger Antisviadistist ist, meinte: &#8220;Shew. hat sooolche Eier!&#8221;). Shew. Macht gr\u00fcndete sich auf die Strukturen der Sowjetunion, gegen die Georgien jetzt k\u00e4mpft. Das Volk respektiert ihn nur z\u00e4hneknirschend als eine vor\u00fcbergehende unangenehme Notwendigkeit. Und das Milit\u00e4r kontrollieren Andere (Jussuljani und Kitowani).<\/p>\n<p>Dieser Konflikt k\u00f6nnte ziemlich f\u00fcr alle Beteiligten enden.<\/p>\n<p>&nbsp;<\/p>\n<p>&#8211;&gt; <a href=\"http:\/\/jkoehler.diskstation.me\/wordpress\/diaries\/tagebuch-leningrad-st-petersburg-tbilisi-1991-1993\/georgien-1992-93\/tbilissi-21-marz-1993\/\">next page<\/a><\/p>\n","protected":false},"excerpt":{"rendered":"<p>Ein offener Krieg zwischen Ru\u00dfland und Georgien wird immer m\u00f6glicher. Die F\u00fchrer Georgiens sind offensichtlich nicht bereit, sich in ein erneutes loyales Sattelitendasein zu Ru\u00dfland pr\u00fcgeln zu lassen. Es mangelt an Zuckerbrot. Ru\u00dfland hat au\u00dfer der Knute eines aufger\u00fc\u00dfteten Milit\u00e4rs nichts zu bieten, weder wirtschaftlich, noch strategisch. Und das Milit\u00e4r selbst ist im h\u00f6chsten\u00b7 Ma\u00dfe &hellip; <\/p>\n<p class=\"link-more\"><a href=\"http:\/\/jkoehler.diskstation.me\/wordpress\/diaries\/tagebuch-leningrad-st-petersburg-tbilisi-1991-1993\/georgien-1992-93\/tbilissi-17-marz-1993\/\" class=\"more-link\">Continue reading<span class=\"screen-reader-text\"> &#8220;Tbilissi, 17. M\u00e4rz 1993: m\u00f6glicher Krieg zwischen Ru\u00dfland und Georgien&#8221;<\/span><\/a><\/p>\n","protected":false},"author":1,"featured_media":1447,"parent":1077,"menu_order":48,"comment_status":"closed","ping_status":"closed","template":"","meta":{"footnotes":""},"class_list":["post-1379","page","type-page","status-publish","has-post-thumbnail","hentry"],"_links":{"self":[{"href":"http:\/\/jkoehler.diskstation.me\/wordpress\/wp-json\/wp\/v2\/pages\/1379","targetHints":{"allow":["GET"]}}],"collection":[{"href":"http:\/\/jkoehler.diskstation.me\/wordpress\/wp-json\/wp\/v2\/pages"}],"about":[{"href":"http:\/\/jkoehler.diskstation.me\/wordpress\/wp-json\/wp\/v2\/types\/page"}],"author":[{"embeddable":true,"href":"http:\/\/jkoehler.diskstation.me\/wordpress\/wp-json\/wp\/v2\/users\/1"}],"replies":[{"embeddable":true,"href":"http:\/\/jkoehler.diskstation.me\/wordpress\/wp-json\/wp\/v2\/comments?post=1379"}],"version-history":[{"count":5,"href":"http:\/\/jkoehler.diskstation.me\/wordpress\/wp-json\/wp\/v2\/pages\/1379\/revisions"}],"predecessor-version":[{"id":1977,"href":"http:\/\/jkoehler.diskstation.me\/wordpress\/wp-json\/wp\/v2\/pages\/1379\/revisions\/1977"}],"up":[{"embeddable":true,"href":"http:\/\/jkoehler.diskstation.me\/wordpress\/wp-json\/wp\/v2\/pages\/1077"}],"wp:featuredmedia":[{"embeddable":true,"href":"http:\/\/jkoehler.diskstation.me\/wordpress\/wp-json\/wp\/v2\/media\/1447"}],"wp:attachment":[{"href":"http:\/\/jkoehler.diskstation.me\/wordpress\/wp-json\/wp\/v2\/media?parent=1379"}],"curies":[{"name":"wp","href":"https:\/\/api.w.org\/{rel}","templated":true}]}}