{"id":1376,"date":"2018-03-11T21:30:52","date_gmt":"2018-03-11T20:30:52","guid":{"rendered":"http:\/\/jkoehler.diskstation.me\/wordpress\/?page_id=1376"},"modified":"2019-03-16T14:16:29","modified_gmt":"2019-03-16T13:16:29","slug":"tbilissi-15-marz-1993","status":"publish","type":"page","link":"http:\/\/jkoehler.diskstation.me\/wordpress\/diaries\/tagebuch-leningrad-st-petersburg-tbilisi-1991-1993\/georgien-1992-93\/tbilissi-15-marz-1993\/","title":{"rendered":"Tbilissi, 15. M\u00e4rz 1993: Gegenst\u00e4nde allt\u00e4glicher Periodit\u00e4t"},"content":{"rendered":"<p>Inesa brachte mich heute auf die Idee, Betten sprechen und erz\u00e4hlen zu lassen. \u00dcberhaupt Gegenst\u00e4nde allt\u00e4glicher Periodit\u00e4t wie Klos, Duschen, K\u00e4mme. Herde&#8230;<\/p>\n<p>&#8211;&gt; <a href=\"http:\/\/jkoehler.diskstation.me\/wordpress\/diaries\/tagebuch-leningrad-st-petersburg-tbilisi-1991-1993\/georgien-1992-93\/tbilissi-17-marz-1993\/\">next page<\/a><\/p>\n","protected":false},"excerpt":{"rendered":"<p>Inesa brachte mich heute auf die Idee, Betten sprechen und erz\u00e4hlen zu lassen. \u00dcberhaupt Gegenst\u00e4nde allt\u00e4glicher Periodit\u00e4t wie Klos, Duschen, K\u00e4mme. Herde&#8230; &#8211;&gt; next page<\/p>\n","protected":false},"author":1,"featured_media":1446,"parent":1077,"menu_order":47,"comment_status":"closed","ping_status":"closed","template":"","meta":{"footnotes":""},"class_list":["post-1376","page","type-page","status-publish","has-post-thumbnail","hentry"],"_links":{"self":[{"href":"http:\/\/jkoehler.diskstation.me\/wordpress\/wp-json\/wp\/v2\/pages\/1376","targetHints":{"allow":["GET"]}}],"collection":[{"href":"http:\/\/jkoehler.diskstation.me\/wordpress\/wp-json\/wp\/v2\/pages"}],"about":[{"href":"http:\/\/jkoehler.diskstation.me\/wordpress\/wp-json\/wp\/v2\/types\/page"}],"author":[{"embeddable":true,"href":"http:\/\/jkoehler.diskstation.me\/wordpress\/wp-json\/wp\/v2\/users\/1"}],"replies":[{"embeddable":true,"href":"http:\/\/jkoehler.diskstation.me\/wordpress\/wp-json\/wp\/v2\/comments?post=1376"}],"version-history":[{"count":3,"href":"http:\/\/jkoehler.diskstation.me\/wordpress\/wp-json\/wp\/v2\/pages\/1376\/revisions"}],"predecessor-version":[{"id":1976,"href":"http:\/\/jkoehler.diskstation.me\/wordpress\/wp-json\/wp\/v2\/pages\/1376\/revisions\/1976"}],"up":[{"embeddable":true,"href":"http:\/\/jkoehler.diskstation.me\/wordpress\/wp-json\/wp\/v2\/pages\/1077"}],"wp:featuredmedia":[{"embeddable":true,"href":"http:\/\/jkoehler.diskstation.me\/wordpress\/wp-json\/wp\/v2\/media\/1446"}],"wp:attachment":[{"href":"http:\/\/jkoehler.diskstation.me\/wordpress\/wp-json\/wp\/v2\/media?parent=1376"}],"curies":[{"name":"wp","href":"https:\/\/api.w.org\/{rel}","templated":true}]}}