{"id":1362,"date":"2018-03-11T21:23:02","date_gmt":"2018-03-11T20:23:02","guid":{"rendered":"http:\/\/jkoehler.diskstation.me\/wordpress\/?page_id=1362"},"modified":"2019-03-16T14:16:29","modified_gmt":"2019-03-16T13:16:29","slug":"tbilissi-10-marz-1993","status":"publish","type":"page","link":"http:\/\/jkoehler.diskstation.me\/wordpress\/diaries\/tagebuch-leningrad-st-petersburg-tbilisi-1991-1993\/georgien-1992-93\/tbilissi-10-marz-1993\/","title":{"rendered":"Tbilissi, 10. M\u00e4rz 1993: Rassismus"},"content":{"rendered":"<p>&#8211; &#8220;So ein bi\u00dfchen Rassismus braucht der Mensch. Sonst verliert er seine kulturelle Identit\u00e4t. Und wenn er seine kulturelle Identit\u00e4t verliert, verliert er richtiggehend alles, da bleibt nichts mehr \u00fcbrig.&#8221;<\/p>\n<p>&#8211; Wie viel Rassismus h\u00e4tten sie denn gern?<\/p>\n<p>&#8211; Ooch, so eins, zwei Negerk\u00f6pfe und etwas von dem schmutzigen T\u00fcrkenblut reichen wohl f\u00fcr&#8217;s Erste.<\/p>\n<p>&#8211; Darf s denn auch etwas mehr sein?<\/p>\n<p>Ein echter B\u00fcffel auf der Party gestern (Kola) \u00fcber seine Antipathien gegen T\u00fcrken in Deutschland. Wollte sich wohl nicht nur beliebt machen.<\/p>\n<p>&#8211;&gt; <a href=\"http:\/\/jkoehler.diskstation.me\/wordpress\/diaries\/tagebuch-leningrad-st-petersburg-tbilisi-1991-1993\/georgien-1992-93\/tbilissi-12-marz-1993\/\">next page<\/a><\/p>\n","protected":false},"excerpt":{"rendered":"<p>&#8211; &#8220;So ein bi\u00dfchen Rassismus braucht der Mensch. Sonst verliert er seine kulturelle Identit\u00e4t. Und wenn er seine kulturelle Identit\u00e4t verliert, verliert er richtiggehend alles, da bleibt nichts mehr \u00fcbrig.&#8221; &#8211; Wie viel Rassismus h\u00e4tten sie denn gern? &#8211; Ooch, so eins, zwei Negerk\u00f6pfe und etwas von dem schmutzigen T\u00fcrkenblut reichen wohl f\u00fcr&#8217;s Erste. &#8211; &hellip; <\/p>\n<p class=\"link-more\"><a href=\"http:\/\/jkoehler.diskstation.me\/wordpress\/diaries\/tagebuch-leningrad-st-petersburg-tbilisi-1991-1993\/georgien-1992-93\/tbilissi-10-marz-1993\/\" class=\"more-link\">Continue reading<span class=\"screen-reader-text\"> &#8220;Tbilissi, 10. M\u00e4rz 1993: Rassismus&#8221;<\/span><\/a><\/p>\n","protected":false},"author":1,"featured_media":0,"parent":1077,"menu_order":43,"comment_status":"closed","ping_status":"closed","template":"","meta":{"footnotes":""},"class_list":["post-1362","page","type-page","status-publish","hentry"],"_links":{"self":[{"href":"http:\/\/jkoehler.diskstation.me\/wordpress\/wp-json\/wp\/v2\/pages\/1362","targetHints":{"allow":["GET"]}}],"collection":[{"href":"http:\/\/jkoehler.diskstation.me\/wordpress\/wp-json\/wp\/v2\/pages"}],"about":[{"href":"http:\/\/jkoehler.diskstation.me\/wordpress\/wp-json\/wp\/v2\/types\/page"}],"author":[{"embeddable":true,"href":"http:\/\/jkoehler.diskstation.me\/wordpress\/wp-json\/wp\/v2\/users\/1"}],"replies":[{"embeddable":true,"href":"http:\/\/jkoehler.diskstation.me\/wordpress\/wp-json\/wp\/v2\/comments?post=1362"}],"version-history":[{"count":3,"href":"http:\/\/jkoehler.diskstation.me\/wordpress\/wp-json\/wp\/v2\/pages\/1362\/revisions"}],"predecessor-version":[{"id":1970,"href":"http:\/\/jkoehler.diskstation.me\/wordpress\/wp-json\/wp\/v2\/pages\/1362\/revisions\/1970"}],"up":[{"embeddable":true,"href":"http:\/\/jkoehler.diskstation.me\/wordpress\/wp-json\/wp\/v2\/pages\/1077"}],"wp:attachment":[{"href":"http:\/\/jkoehler.diskstation.me\/wordpress\/wp-json\/wp\/v2\/media?parent=1362"}],"curies":[{"name":"wp","href":"https:\/\/api.w.org\/{rel}","templated":true}]}}