{"id":1357,"date":"2018-03-11T20:29:50","date_gmt":"2018-03-11T19:29:50","guid":{"rendered":"http:\/\/jkoehler.diskstation.me\/wordpress\/?page_id=1357"},"modified":"2019-03-16T14:16:29","modified_gmt":"2019-03-16T13:16:29","slug":"tbilisi-8-marz-1993","status":"publish","type":"page","link":"http:\/\/jkoehler.diskstation.me\/wordpress\/diaries\/tagebuch-leningrad-st-petersburg-tbilisi-1991-1993\/georgien-1992-93\/tbilisi-8-marz-1993\/","title":{"rendered":"Tbilisi, 8. M\u00e4rz 1993: Heimatlosigkeit der kleinen G\u00f6tter"},"content":{"rendered":"<p>Unsere Industriekulturen h\u00fcben wie dr\u00fcben sind voll von Absurdem. Von dem Absurden, das entsteht, wenn Menschen mit Gott z\u00fcrnen und die Welt aufs Neue bauen &#8211; und wieder: Die Heimatlosigkeit der kleinen G\u00f6tter. Die gr\u00f6\u00dften Komiker haben ihren Humor auf dieses Absurde gegr\u00fcndet. Im Westen ist das vor allem der englische Humor mit Monty Python und dann Terry Gilliam, fr\u00fcher Charly Chaplin und sein Gefolge. Es sind wundervolle, anr\u00fchrende Werke entstanden, wie &#8220;Brazil&#8221;, &#8220;The flying Circus&#8221; usw., mit der lebensbejahenden Tragik der Kom\u00f6die in der Nachfolge Dantes und Joyces.<\/p>\n<p>Im Westen sind es ihrer sehr wenige. In der Sowjetunion hingegen. war die Welt so grob absurd, da\u00df es kaum m\u00f6glich war <em>normal\u2018no<\/em> zu sein, alme verr\u00fcckt zu erscheinen. Harms starb im Irrenhaus. Bulgarkow erwartete dieses Schicksal f\u00fcr sich und Jerofejew gab sich nicht einmal mehr die M\u00fche, zu entscheiden, ob er nun verr\u00fcckt ist, oder die Welt, die ihn umgibt. Einzig er (anders als die oben genannten) nimmt diese wahnsinnige Welt als seine Welt war und an, stellt sich nicht dr\u00fcber in distanzierter Betrachtung und schreibt aus ihr heraus.<\/p>\n<p>&#8211;&gt; <a href=\"http:\/\/jkoehler.diskstation.me\/wordpress\/diaries\/tagebuch-leningrad-st-petersburg-tbilisi-1991-1993\/georgien-1992-93\/tbilissi-10-marz-1993\/\">next page<\/a><\/p>\n","protected":false},"excerpt":{"rendered":"<p>Unsere Industriekulturen h\u00fcben wie dr\u00fcben sind voll von Absurdem. Von dem Absurden, das entsteht, wenn Menschen mit Gott z\u00fcrnen und die Welt aufs Neue bauen &#8211; und wieder: Die Heimatlosigkeit der kleinen G\u00f6tter. Die gr\u00f6\u00dften Komiker haben ihren Humor auf dieses Absurde gegr\u00fcndet. Im Westen ist das vor allem der englische Humor mit Monty Python &hellip; <\/p>\n<p class=\"link-more\"><a href=\"http:\/\/jkoehler.diskstation.me\/wordpress\/diaries\/tagebuch-leningrad-st-petersburg-tbilisi-1991-1993\/georgien-1992-93\/tbilisi-8-marz-1993\/\" class=\"more-link\">Continue reading<span class=\"screen-reader-text\"> &#8220;Tbilisi, 8. M\u00e4rz 1993: Heimatlosigkeit der kleinen G\u00f6tter&#8221;<\/span><\/a><\/p>\n","protected":false},"author":1,"featured_media":0,"parent":1077,"menu_order":42,"comment_status":"closed","ping_status":"closed","template":"","meta":{"footnotes":""},"class_list":["post-1357","page","type-page","status-publish","hentry"],"_links":{"self":[{"href":"http:\/\/jkoehler.diskstation.me\/wordpress\/wp-json\/wp\/v2\/pages\/1357","targetHints":{"allow":["GET"]}}],"collection":[{"href":"http:\/\/jkoehler.diskstation.me\/wordpress\/wp-json\/wp\/v2\/pages"}],"about":[{"href":"http:\/\/jkoehler.diskstation.me\/wordpress\/wp-json\/wp\/v2\/types\/page"}],"author":[{"embeddable":true,"href":"http:\/\/jkoehler.diskstation.me\/wordpress\/wp-json\/wp\/v2\/users\/1"}],"replies":[{"embeddable":true,"href":"http:\/\/jkoehler.diskstation.me\/wordpress\/wp-json\/wp\/v2\/comments?post=1357"}],"version-history":[{"count":5,"href":"http:\/\/jkoehler.diskstation.me\/wordpress\/wp-json\/wp\/v2\/pages\/1357\/revisions"}],"predecessor-version":[{"id":1969,"href":"http:\/\/jkoehler.diskstation.me\/wordpress\/wp-json\/wp\/v2\/pages\/1357\/revisions\/1969"}],"up":[{"embeddable":true,"href":"http:\/\/jkoehler.diskstation.me\/wordpress\/wp-json\/wp\/v2\/pages\/1077"}],"wp:attachment":[{"href":"http:\/\/jkoehler.diskstation.me\/wordpress\/wp-json\/wp\/v2\/media?parent=1357"}],"curies":[{"name":"wp","href":"https:\/\/api.w.org\/{rel}","templated":true}]}}