{"id":1341,"date":"2018-03-11T19:54:11","date_gmt":"2018-03-11T18:54:11","guid":{"rendered":"http:\/\/jkoehler.diskstation.me\/wordpress\/?page_id=1341"},"modified":"2019-03-16T14:15:44","modified_gmt":"2019-03-16T13:15:44","slug":"tbilisi-25-februar-1993","status":"publish","type":"page","link":"http:\/\/jkoehler.diskstation.me\/wordpress\/diaries\/tagebuch-leningrad-st-petersburg-tbilisi-1991-1993\/georgien-1992-93\/tbilisi-25-februar-1993\/","title":{"rendered":"Tbilisi, 25. Februar 1993: Gaffen"},"content":{"rendered":"<p>Im Unterschied zum Gaffen in Italien, das vor allem von seichter Neugierde gepr\u00e4gt ist, gaffen Gr\u00fcppchen promenierender, besser: streifender Jugendlicher hier mit dem misstrauischen Auge der fremdes F\u00fcrchtenden. Erinnert an Sizilien. In ihrem Blick empfindet man sein Fremd-Sein als gef\u00e4hrliches Makel. Ein Ende der Gastfreundschaft als in Respekt vor dem Andersartigen ist auch hier in Sicht.<\/p>\n<p>&#8211;&gt; <a href=\"http:\/\/jkoehler.diskstation.me\/wordpress\/diaries\/tagebuch-leningrad-st-petersburg-tbilisi-1991-1993\/georgien-1992-93\/tbilisi-27-februar-1993\/\">next page<\/a><\/p>\n","protected":false},"excerpt":{"rendered":"<p>Im Unterschied zum Gaffen in Italien, das vor allem von seichter Neugierde gepr\u00e4gt ist, gaffen Gr\u00fcppchen promenierender, besser: streifender Jugendlicher hier mit dem misstrauischen Auge der fremdes F\u00fcrchtenden. Erinnert an Sizilien. In ihrem Blick empfindet man sein Fremd-Sein als gef\u00e4hrliches Makel. Ein Ende der Gastfreundschaft als in Respekt vor dem Andersartigen ist auch hier in &hellip; <\/p>\n<p class=\"link-more\"><a href=\"http:\/\/jkoehler.diskstation.me\/wordpress\/diaries\/tagebuch-leningrad-st-petersburg-tbilisi-1991-1993\/georgien-1992-93\/tbilisi-25-februar-1993\/\" class=\"more-link\">Continue reading<span class=\"screen-reader-text\"> &#8220;Tbilisi, 25. Februar 1993: Gaffen&#8221;<\/span><\/a><\/p>\n","protected":false},"author":1,"featured_media":1436,"parent":1077,"menu_order":37,"comment_status":"closed","ping_status":"closed","template":"","meta":{"footnotes":""},"class_list":["post-1341","page","type-page","status-publish","has-post-thumbnail","hentry"],"_links":{"self":[{"href":"http:\/\/jkoehler.diskstation.me\/wordpress\/wp-json\/wp\/v2\/pages\/1341","targetHints":{"allow":["GET"]}}],"collection":[{"href":"http:\/\/jkoehler.diskstation.me\/wordpress\/wp-json\/wp\/v2\/pages"}],"about":[{"href":"http:\/\/jkoehler.diskstation.me\/wordpress\/wp-json\/wp\/v2\/types\/page"}],"author":[{"embeddable":true,"href":"http:\/\/jkoehler.diskstation.me\/wordpress\/wp-json\/wp\/v2\/users\/1"}],"replies":[{"embeddable":true,"href":"http:\/\/jkoehler.diskstation.me\/wordpress\/wp-json\/wp\/v2\/comments?post=1341"}],"version-history":[{"count":5,"href":"http:\/\/jkoehler.diskstation.me\/wordpress\/wp-json\/wp\/v2\/pages\/1341\/revisions"}],"predecessor-version":[{"id":1964,"href":"http:\/\/jkoehler.diskstation.me\/wordpress\/wp-json\/wp\/v2\/pages\/1341\/revisions\/1964"}],"up":[{"embeddable":true,"href":"http:\/\/jkoehler.diskstation.me\/wordpress\/wp-json\/wp\/v2\/pages\/1077"}],"wp:featuredmedia":[{"embeddable":true,"href":"http:\/\/jkoehler.diskstation.me\/wordpress\/wp-json\/wp\/v2\/media\/1436"}],"wp:attachment":[{"href":"http:\/\/jkoehler.diskstation.me\/wordpress\/wp-json\/wp\/v2\/media?parent=1341"}],"curies":[{"name":"wp","href":"https:\/\/api.w.org\/{rel}","templated":true}]}}