{"id":1288,"date":"2018-03-10T15:45:25","date_gmt":"2018-03-10T14:45:25","guid":{"rendered":"http:\/\/jkoehler.diskstation.me\/wordpress\/?page_id=1288"},"modified":"2019-03-16T14:15:44","modified_gmt":"2019-03-16T13:15:44","slug":"tbilisi-11-januar-1993","status":"publish","type":"page","link":"http:\/\/jkoehler.diskstation.me\/wordpress\/diaries\/tagebuch-leningrad-st-petersburg-tbilisi-1991-1993\/georgien-1992-93\/tbilisi-11-januar-1993\/","title":{"rendered":"Tbilisi, 11. Januar 1993: Inga und der amour\u00f6se t\u00fcrkische Konsul"},"content":{"rendered":"<p>Ljoscha bat mich gerade, f\u00fcr Inga, eine Kollegin, den eifers\u00fcchtigen Liebhaber zu mimen, weil ihr der t\u00fcrkische Konsul schon bis in ihre Wohnung ans Ohr der Mutter nachstellt. Er hat sie erst vor kurzem, im Rahmen eines Interviews, kennengelernt, und sich unsterblich tragisch in sie verliebt; soweit, da\u00df er bereit sei, seine Familie sausen zu lassen und dementsprechend auch schon bei Ingas Mutter um die Hand der Tochter angehalten hat.<\/p>\n<p>Ljoscha hat die Valuta-Gelegenheit schon einmal beim Schopf gepackt, und sich als weiche Begleitung Ingas mit durch des Konsuls Portemonnaie gefressen. Der hingegen war davon ausgegangen, da\u00df es sich bei der Begleitung um eine zweite Dame handeln w\u00fcrde, und brachte seinerseits einen echten Abdul mit.<\/p>\n<p>An sich meine ich ja, da\u00df so etwas der Damen Sache ist zu regeln, aber ich habe Lust auf den Stunt, willigte also ein. In dieser \u00e4u\u00dferst fremden Rolle habe ich mich bisher noch nicht versucht.<\/p>\n<p>&#8211;&gt; <a href=\"http:\/\/jkoehler.diskstation.me\/wordpress\/diaries\/tagebuch-leningrad-st-petersburg-tbilisi-1991-1993\/georgien-1992-93\/tbilissi-d-19-februar-1993-17-01-19-02-in-moskau-und-petersburg\/\">next page<\/a><\/p>\n","protected":false},"excerpt":{"rendered":"<p>Ljoscha bat mich gerade, f\u00fcr Inga, eine Kollegin, den eifers\u00fcchtigen Liebhaber zu mimen, weil ihr der t\u00fcrkische Konsul schon bis in ihre Wohnung ans Ohr der Mutter nachstellt. Er hat sie erst vor kurzem, im Rahmen eines Interviews, kennengelernt, und sich unsterblich tragisch in sie verliebt; soweit, da\u00df er bereit sei, seine Familie sausen zu &hellip; <\/p>\n<p class=\"link-more\"><a href=\"http:\/\/jkoehler.diskstation.me\/wordpress\/diaries\/tagebuch-leningrad-st-petersburg-tbilisi-1991-1993\/georgien-1992-93\/tbilisi-11-januar-1993\/\" class=\"more-link\">Continue reading<span class=\"screen-reader-text\"> &#8220;Tbilisi, 11. Januar 1993: Inga und der amour\u00f6se t\u00fcrkische Konsul&#8221;<\/span><\/a><\/p>\n","protected":false},"author":1,"featured_media":1291,"parent":1077,"menu_order":34,"comment_status":"closed","ping_status":"closed","template":"","meta":{"footnotes":""},"class_list":["post-1288","page","type-page","status-publish","has-post-thumbnail","hentry"],"_links":{"self":[{"href":"http:\/\/jkoehler.diskstation.me\/wordpress\/wp-json\/wp\/v2\/pages\/1288","targetHints":{"allow":["GET"]}}],"collection":[{"href":"http:\/\/jkoehler.diskstation.me\/wordpress\/wp-json\/wp\/v2\/pages"}],"about":[{"href":"http:\/\/jkoehler.diskstation.me\/wordpress\/wp-json\/wp\/v2\/types\/page"}],"author":[{"embeddable":true,"href":"http:\/\/jkoehler.diskstation.me\/wordpress\/wp-json\/wp\/v2\/users\/1"}],"replies":[{"embeddable":true,"href":"http:\/\/jkoehler.diskstation.me\/wordpress\/wp-json\/wp\/v2\/comments?post=1288"}],"version-history":[{"count":3,"href":"http:\/\/jkoehler.diskstation.me\/wordpress\/wp-json\/wp\/v2\/pages\/1288\/revisions"}],"predecessor-version":[{"id":1946,"href":"http:\/\/jkoehler.diskstation.me\/wordpress\/wp-json\/wp\/v2\/pages\/1288\/revisions\/1946"}],"up":[{"embeddable":true,"href":"http:\/\/jkoehler.diskstation.me\/wordpress\/wp-json\/wp\/v2\/pages\/1077"}],"wp:featuredmedia":[{"embeddable":true,"href":"http:\/\/jkoehler.diskstation.me\/wordpress\/wp-json\/wp\/v2\/media\/1291"}],"wp:attachment":[{"href":"http:\/\/jkoehler.diskstation.me\/wordpress\/wp-json\/wp\/v2\/media?parent=1288"}],"curies":[{"name":"wp","href":"https:\/\/api.w.org\/{rel}","templated":true}]}}