{"id":1283,"date":"2018-03-10T15:26:26","date_gmt":"2018-03-10T14:26:26","guid":{"rendered":"http:\/\/jkoehler.diskstation.me\/wordpress\/?page_id=1283"},"modified":"2019-03-16T14:15:44","modified_gmt":"2019-03-16T13:15:44","slug":"tbilisi-9-januar-1993","status":"publish","type":"page","link":"http:\/\/jkoehler.diskstation.me\/wordpress\/diaries\/tagebuch-leningrad-st-petersburg-tbilisi-1991-1993\/georgien-1992-93\/tbilisi-9-januar-1993\/","title":{"rendered":"Tbilisi, 9. Januar 1993: alkoholbajaender intellektueller Gaunerabend"},"content":{"rendered":"<p>Gestern sp\u00e4t Nachts einer telephonischen Einladung Ninos auf ein kleines get-together bei Freunden von ihr gefolgt. <em>The present women were sophisticated alcoholics\u00a0and the men not less gay<\/em>. Ein M\u00e4nnlichkeit heuchelnder H\u00fcne, von auffallend sch\u00f6nem \u00c4u\u00dferen, verflocht seine geschickten Chirugenfinger heimlich immer wieder in den Seitenschn\u00fcrungen meiner Lederhose. Das allerdings nachdem er der atemberaubend erotischen Nino vor meinem Erscheinen wilde Blicke der Zuneigung zugeworfen hatte. Lag meine Hand tatenlos hinter Ninos R\u00fccken. wurde sie zaghaft von einem \u00fcberaus intelligenten Professor der Chirurgie in seiner Lebensmitte umgarnt. Ich zog es demgem\u00e4\u00df nach einer Weile vor, meine H\u00e4nde offen mit Ninos so muskul\u00f6sen wie grazi\u00f6sen Gliedma\u00dfen zu besch\u00e4ftigen &#8211; zum Unwillen der beteiligten M\u00e4nner, die auch bald gingen, der Sch\u00f6ne allerdings nicht ohne Nino, die sich zu der Zeit gerade hart an der Kotzgrenze aufhielt, noch zweimal hinter meinem R\u00fccken anget\u00fcckt zu haben, das zweite Mal um sie bei den Ohren zu nehmen und seine Lippen auf die ihrigen zu wuchten.<br \/>\nZur\u00fcck blieb ich mit zwei Schnapsdrosseln &#8211; Nino und der trinkenden Hausherrin Marina, die den Rest der Nacht wunderbare russische Lieder aus den tiefen der Seele mit Gaunerstimme vortrug.<\/p>\n<p>&#8211;&gt; <a href=\"http:\/\/jkoehler.diskstation.me\/wordpress\/diaries\/tagebuch-leningrad-st-petersburg-tbilisi-1991-1993\/georgien-1992-93\/tbilisi-11-januar-1993\/\">next page<\/a><\/p>\n","protected":false},"excerpt":{"rendered":"<p>Gestern sp\u00e4t Nachts einer telephonischen Einladung Ninos auf ein kleines get-together bei Freunden von ihr gefolgt. The present women were sophisticated alcoholics\u00a0and the men not less gay. Ein M\u00e4nnlichkeit heuchelnder H\u00fcne, von auffallend sch\u00f6nem \u00c4u\u00dferen, verflocht seine geschickten Chirugenfinger heimlich immer wieder in den Seitenschn\u00fcrungen meiner Lederhose. Das allerdings nachdem er der atemberaubend erotischen Nino &hellip; <\/p>\n<p class=\"link-more\"><a href=\"http:\/\/jkoehler.diskstation.me\/wordpress\/diaries\/tagebuch-leningrad-st-petersburg-tbilisi-1991-1993\/georgien-1992-93\/tbilisi-9-januar-1993\/\" class=\"more-link\">Continue reading<span class=\"screen-reader-text\"> &#8220;Tbilisi, 9. Januar 1993: alkoholbajaender intellektueller Gaunerabend&#8221;<\/span><\/a><\/p>\n","protected":false},"author":1,"featured_media":1287,"parent":1077,"menu_order":33,"comment_status":"closed","ping_status":"closed","template":"","meta":{"footnotes":""},"class_list":["post-1283","page","type-page","status-publish","has-post-thumbnail","hentry"],"_links":{"self":[{"href":"http:\/\/jkoehler.diskstation.me\/wordpress\/wp-json\/wp\/v2\/pages\/1283","targetHints":{"allow":["GET"]}}],"collection":[{"href":"http:\/\/jkoehler.diskstation.me\/wordpress\/wp-json\/wp\/v2\/pages"}],"about":[{"href":"http:\/\/jkoehler.diskstation.me\/wordpress\/wp-json\/wp\/v2\/types\/page"}],"author":[{"embeddable":true,"href":"http:\/\/jkoehler.diskstation.me\/wordpress\/wp-json\/wp\/v2\/users\/1"}],"replies":[{"embeddable":true,"href":"http:\/\/jkoehler.diskstation.me\/wordpress\/wp-json\/wp\/v2\/comments?post=1283"}],"version-history":[{"count":4,"href":"http:\/\/jkoehler.diskstation.me\/wordpress\/wp-json\/wp\/v2\/pages\/1283\/revisions"}],"predecessor-version":[{"id":1945,"href":"http:\/\/jkoehler.diskstation.me\/wordpress\/wp-json\/wp\/v2\/pages\/1283\/revisions\/1945"}],"up":[{"embeddable":true,"href":"http:\/\/jkoehler.diskstation.me\/wordpress\/wp-json\/wp\/v2\/pages\/1077"}],"wp:featuredmedia":[{"embeddable":true,"href":"http:\/\/jkoehler.diskstation.me\/wordpress\/wp-json\/wp\/v2\/media\/1287"}],"wp:attachment":[{"href":"http:\/\/jkoehler.diskstation.me\/wordpress\/wp-json\/wp\/v2\/media?parent=1283"}],"curies":[{"name":"wp","href":"https:\/\/api.w.org\/{rel}","templated":true}]}}