{"id":1259,"date":"2018-03-10T14:24:21","date_gmt":"2018-03-10T13:24:21","guid":{"rendered":"http:\/\/jkoehler.diskstation.me\/wordpress\/?page_id=1259"},"modified":"2019-03-16T14:15:44","modified_gmt":"2019-03-16T13:15:44","slug":"tbilisi-5-januar-1993","status":"publish","type":"page","link":"http:\/\/jkoehler.diskstation.me\/wordpress\/diaries\/tagebuch-leningrad-st-petersburg-tbilisi-1991-1993\/georgien-1992-93\/tbilisi-5-januar-1993\/","title":{"rendered":"Tbilisi, 5. Januar 1993: Ninos Privatgesellschaftswissenschaft"},"content":{"rendered":"<p>Das alleinige Mutter-sein gibt den Frauen der Industriekultur nur noch wenig Befriedigung vor allem wohl deswegen, weil die Bet\u00e4tigungen der Mutter und ihr Bet\u00e4tigungsfeld, das Individuum nicht sichtbar f\u00fcr die Gesellschaft hervorheben, dem eitlen Ego keine Best\u00e4tigung vor dem vergleichendem Auge der Gesellschaft verschaffen.<\/p>\n<p>Vor allem Menschen, die wie Nino ein starkes Bewu\u00dftsein ihrer Selbst haben, gerade durch die Reflexion einer traditionellen Gesellschaft, springen an, wenn ihre pers\u00f6nlichen Z\u00fcge nicht nur in Form von weiblicher Sch\u00f6nheit bemerkt werden (was nach der Heirat ohnehin sehr eingeschr\u00e4nkt der Fall ist), sondern sie auch als intelligenter, geistig schaffender Mensch in Erscheinung treten. Als solcher fand sie sich in Petersburg, als sie zwei Jahre lang in fruchtbarem Umfeld der Akademie der Wissenschaften Therapien ausarbeitete, die internationale Anerkennung fanden.<\/p>\n<p>In diesem Zusammenhang kritisierte Nino die in sich geschlossene j\u00fcdische Gesellschaft als eine \u00e4u\u00dferst intrigante. In den Bereichen, die von Juden dominiert werden, arbeiteten Russen nur als Putzen und Garderobieren. Solange es nicht klar war, da\u00df Nino nur zeitlich begrenzt in Petersburg arbeiten w\u00fcrde, wurde auch gegen sie Stimmung gemacht &#8211; so fein, wie Diamantenschleiferei, ohne irgendeine M\u00f6glichkeit der Gegenwehr.<\/p>\n<p>Das russische Volk hingegen bezeichnete sie als ein sehr reines und w\u00fcrdevolles, wenn auch in vielerlei Hinsicht sehr brutales. Ich schlug halb im Scherz vor, da\u00df das Alter des Volkes vielleicht wie in der \u00d6kologie eine Rolle spiele: Die nordische Natur ist bedingt durch die Eiszeiten eine sehr junge (12000 Jahre), dadurch um einiges Arten\u00e4rmer und schlichter als die s\u00fcdliche, aber auch widerstandsf\u00e4higer und robuster. Der Boden, den die Wurzeln durchwandern, ist noch voll von N\u00e4hrstoffen; nicht wie der hochkomplizierte Tropische Regenwald, in dem der gesamte Stoffwechsel oberirdisch vonstattengeht, und das Fundament ein W\u00fcstenboden ist. Wunden in diesem anf\u00e4lligen System, wie z.B. Stra\u00dfen, breiten sich aus, wie Metastasen.<\/p>\n<p>Vielleicht sind die nordischen V\u00f6lker \u00e4hnlich noch ungeformter und urspr\u00fcnglicher, als der \u00fcberzivilisierte S\u00fcden.<\/p>\n<p>&nbsp;<\/p>\n<p>&#8211;&gt; <a href=\"http:\/\/jkoehler.diskstation.me\/wordpress\/diaries\/tagebuch-leningrad-st-petersburg-tbilisi-1991-1993\/georgien-1992-93\/tbilisi-5-januar-1993-abends\/\">next page<\/a><\/p>\n","protected":false},"excerpt":{"rendered":"<p>Das alleinige Mutter-sein gibt den Frauen der Industriekultur nur noch wenig Befriedigung vor allem wohl deswegen, weil die Bet\u00e4tigungen der Mutter und ihr Bet\u00e4tigungsfeld, das Individuum nicht sichtbar f\u00fcr die Gesellschaft hervorheben, dem eitlen Ego keine Best\u00e4tigung vor dem vergleichendem Auge der Gesellschaft verschaffen. Vor allem Menschen, die wie Nino ein starkes Bewu\u00dftsein ihrer Selbst &hellip; <\/p>\n<p class=\"link-more\"><a href=\"http:\/\/jkoehler.diskstation.me\/wordpress\/diaries\/tagebuch-leningrad-st-petersburg-tbilisi-1991-1993\/georgien-1992-93\/tbilisi-5-januar-1993\/\" class=\"more-link\">Continue reading<span class=\"screen-reader-text\"> &#8220;Tbilisi, 5. Januar 1993: Ninos Privatgesellschaftswissenschaft&#8221;<\/span><\/a><\/p>\n","protected":false},"author":1,"featured_media":1263,"parent":1077,"menu_order":30,"comment_status":"closed","ping_status":"closed","template":"","meta":{"footnotes":""},"class_list":["post-1259","page","type-page","status-publish","has-post-thumbnail","hentry"],"_links":{"self":[{"href":"http:\/\/jkoehler.diskstation.me\/wordpress\/wp-json\/wp\/v2\/pages\/1259","targetHints":{"allow":["GET"]}}],"collection":[{"href":"http:\/\/jkoehler.diskstation.me\/wordpress\/wp-json\/wp\/v2\/pages"}],"about":[{"href":"http:\/\/jkoehler.diskstation.me\/wordpress\/wp-json\/wp\/v2\/types\/page"}],"author":[{"embeddable":true,"href":"http:\/\/jkoehler.diskstation.me\/wordpress\/wp-json\/wp\/v2\/users\/1"}],"replies":[{"embeddable":true,"href":"http:\/\/jkoehler.diskstation.me\/wordpress\/wp-json\/wp\/v2\/comments?post=1259"}],"version-history":[{"count":7,"href":"http:\/\/jkoehler.diskstation.me\/wordpress\/wp-json\/wp\/v2\/pages\/1259\/revisions"}],"predecessor-version":[{"id":1942,"href":"http:\/\/jkoehler.diskstation.me\/wordpress\/wp-json\/wp\/v2\/pages\/1259\/revisions\/1942"}],"up":[{"embeddable":true,"href":"http:\/\/jkoehler.diskstation.me\/wordpress\/wp-json\/wp\/v2\/pages\/1077"}],"wp:featuredmedia":[{"embeddable":true,"href":"http:\/\/jkoehler.diskstation.me\/wordpress\/wp-json\/wp\/v2\/media\/1263"}],"wp:attachment":[{"href":"http:\/\/jkoehler.diskstation.me\/wordpress\/wp-json\/wp\/v2\/media?parent=1259"}],"curies":[{"name":"wp","href":"https:\/\/api.w.org\/{rel}","templated":true}]}}