{"id":1247,"date":"2018-03-10T13:36:13","date_gmt":"2018-03-10T12:36:13","guid":{"rendered":"http:\/\/jkoehler.diskstation.me\/wordpress\/?page_id=1247"},"modified":"2019-03-16T14:15:43","modified_gmt":"2019-03-16T13:15:43","slug":"tbilisi-23-dezember-1992","status":"publish","type":"page","link":"http:\/\/jkoehler.diskstation.me\/wordpress\/diaries\/tagebuch-leningrad-st-petersburg-tbilisi-1991-1993\/georgien-1992-93\/tbilisi-23-dezember-1992\/","title":{"rendered":"Tbilisi, 23. Dezember 1992: verdorbenes russisches Volk und Interview"},"content":{"rendered":"<p>Eine alte Frau drehte sich auf der Stra\u00dfe emp\u00f6rt nach mir um, der ich freundlich in Lederhosen sprintete, und rief beschw\u00f6rend aus: \u201eDas russische Volk ist das verdorbendste Volk der Erde!&#8221;.<\/p>\n<p>Es werden laufend irgendwelche Idioten wegen ihrer Jacken umgebracht oder angeschossen\/stochen. Fast alle, von denen ich bisher h\u00f6rte, wurden in den Eing\u00e4ngen zu ihren H\u00e4usern \u00fcberfallen und zum Ausziehen ihrer Jacken aufgefordert. Lie\u00dfen sie sich damit Zeit, wurde attackiert. Au\u00dferdem werden Menschen, die mit dem Auto auf&#8217; s Land fahren, die Wagen geraubt und ihnen bisweilen auch der Kopf abgeschnitten.<\/p>\n<p>&nbsp;<\/p>\n<p>Gestern wurde gefilmt und ein seltsam chaotisches Interview auf Deutsch mit mir angestellt. Russisch sollte nicht gesprochen werden, um die Zuschauer nicht zu ver\u00e4rgern&#8230; . Ich w\u00fcnschte dem georgischen Volk zum Abschlu\u00df auf Nachfrage &#8220;Besinnlichkeit, Toleranz und die Kraft zum Beibehalt der Tugenden, die Georgien einst zum bl\u00fchenden Vielv\u00f6lkerstaat gemacht haben.&#8221;<\/p>\n<p>&nbsp;<\/p>\n<p>Bella Michajlowna s\u00e4t, den Aussagen Mamas zu Folge, jetzt Gift bei Fee. Diese elende alte Fotze geht mit langsam auf den Geist.<\/p>\n<p>&nbsp;<\/p>\n<p>&#8211;&gt; <a href=\"http:\/\/jkoehler.diskstation.me\/wordpress\/diaries\/tagebuch-leningrad-st-petersburg-tbilisi-1991-1993\/georgien-1992-93\/tbilisi-26-dezember-1992\/\">next page<\/a><\/p>\n","protected":false},"excerpt":{"rendered":"<p>Eine alte Frau drehte sich auf der Stra\u00dfe emp\u00f6rt nach mir um, der ich freundlich in Lederhosen sprintete, und rief beschw\u00f6rend aus: \u201eDas russische Volk ist das verdorbendste Volk der Erde!&#8221;. Es werden laufend irgendwelche Idioten wegen ihrer Jacken umgebracht oder angeschossen\/stochen. Fast alle, von denen ich bisher h\u00f6rte, wurden in den Eing\u00e4ngen zu ihren &hellip; <\/p>\n<p class=\"link-more\"><a href=\"http:\/\/jkoehler.diskstation.me\/wordpress\/diaries\/tagebuch-leningrad-st-petersburg-tbilisi-1991-1993\/georgien-1992-93\/tbilisi-23-dezember-1992\/\" class=\"more-link\">Continue reading<span class=\"screen-reader-text\"> &#8220;Tbilisi, 23. Dezember 1992: verdorbenes russisches Volk und Interview&#8221;<\/span><\/a><\/p>\n","protected":false},"author":1,"featured_media":1250,"parent":1077,"menu_order":27,"comment_status":"closed","ping_status":"closed","template":"","meta":{"footnotes":""},"class_list":["post-1247","page","type-page","status-publish","has-post-thumbnail","hentry"],"_links":{"self":[{"href":"http:\/\/jkoehler.diskstation.me\/wordpress\/wp-json\/wp\/v2\/pages\/1247","targetHints":{"allow":["GET"]}}],"collection":[{"href":"http:\/\/jkoehler.diskstation.me\/wordpress\/wp-json\/wp\/v2\/pages"}],"about":[{"href":"http:\/\/jkoehler.diskstation.me\/wordpress\/wp-json\/wp\/v2\/types\/page"}],"author":[{"embeddable":true,"href":"http:\/\/jkoehler.diskstation.me\/wordpress\/wp-json\/wp\/v2\/users\/1"}],"replies":[{"embeddable":true,"href":"http:\/\/jkoehler.diskstation.me\/wordpress\/wp-json\/wp\/v2\/comments?post=1247"}],"version-history":[{"count":7,"href":"http:\/\/jkoehler.diskstation.me\/wordpress\/wp-json\/wp\/v2\/pages\/1247\/revisions"}],"predecessor-version":[{"id":1938,"href":"http:\/\/jkoehler.diskstation.me\/wordpress\/wp-json\/wp\/v2\/pages\/1247\/revisions\/1938"}],"up":[{"embeddable":true,"href":"http:\/\/jkoehler.diskstation.me\/wordpress\/wp-json\/wp\/v2\/pages\/1077"}],"wp:featuredmedia":[{"embeddable":true,"href":"http:\/\/jkoehler.diskstation.me\/wordpress\/wp-json\/wp\/v2\/media\/1250"}],"wp:attachment":[{"href":"http:\/\/jkoehler.diskstation.me\/wordpress\/wp-json\/wp\/v2\/media?parent=1247"}],"curies":[{"name":"wp","href":"https:\/\/api.w.org\/{rel}","templated":true}]}}