{"id":1201,"date":"2018-03-09T18:23:13","date_gmt":"2018-03-09T17:23:13","guid":{"rendered":"http:\/\/jkoehler.diskstation.me\/wordpress\/?page_id=1201"},"modified":"2019-03-16T14:15:43","modified_gmt":"2019-03-16T13:15:43","slug":"tbilisi-18-dezember-1992","status":"publish","type":"page","link":"http:\/\/jkoehler.diskstation.me\/wordpress\/diaries\/tagebuch-leningrad-st-petersburg-tbilisi-1991-1993\/georgien-1992-93\/tbilisi-18-dezember-1992\/","title":{"rendered":"Tbilisi, 18. Dezember 1992: Inesa, Abchasien"},"content":{"rendered":"<p>Inesa hat sich konsequent in Fees Antlitz verliebt. Ihre Anziehungskraft ist allen einsichtig, ausgenommen denen, die sie in Deutschland kennen. Tante Ljoscha hingegen ist nicht einverstanden mit der Aufmerksamkeit, die mir das weibliche Geschlecht, das immer mehr versteht, entgegenbringt. Ich personifizierte die Sehnsucht nach Weltoffenheit und jugendlichem Tbilissi.<\/p>\n<p>Wir haben die letzten Tage zur Gen\u00fcge Wein gesoffen, geraucht, gefressen und gesprochen. Offenheit endet hier in Sprache.<\/p>\n<p>&nbsp;<\/p>\n<p>In Abchasien ist auf abchasischem Terrain ein russischer Hubschrauber mit abchasischen Soldaten abgeschossen worden. Die Russen behaupten, da\u00df es sich bei den Insassen um Frauen und Kinder gehandelt habe, und da\u00df georgische Milit\u00e4rs geschossen h\u00e4tten.<\/p>\n<p>&nbsp;<\/p>\n<p>Brot gibt\u2018s nur noch gegen Marken und in einigen kommerziellen Gesch\u00e4ften.<\/p>\n<p>&nbsp;<\/p>\n<p>&#8211;&gt; <a href=\"http:\/\/jkoehler.diskstation.me\/wordpress\/diaries\/tagebuch-leningrad-st-petersburg-tbilisi-1991-1993\/georgien-1992-93\/tbilisi-20-dezember-1992\/\">next page<\/a><\/p>\n","protected":false},"excerpt":{"rendered":"<p>Inesa hat sich konsequent in Fees Antlitz verliebt. Ihre Anziehungskraft ist allen einsichtig, ausgenommen denen, die sie in Deutschland kennen. Tante Ljoscha hingegen ist nicht einverstanden mit der Aufmerksamkeit, die mir das weibliche Geschlecht, das immer mehr versteht, entgegenbringt. Ich personifizierte die Sehnsucht nach Weltoffenheit und jugendlichem Tbilissi. Wir haben die letzten Tage zur Gen\u00fcge &hellip; <\/p>\n<p class=\"link-more\"><a href=\"http:\/\/jkoehler.diskstation.me\/wordpress\/diaries\/tagebuch-leningrad-st-petersburg-tbilisi-1991-1993\/georgien-1992-93\/tbilisi-18-dezember-1992\/\" class=\"more-link\">Continue reading<span class=\"screen-reader-text\"> &#8220;Tbilisi, 18. Dezember 1992: Inesa, Abchasien&#8221;<\/span><\/a><\/p>\n","protected":false},"author":1,"featured_media":1239,"parent":1077,"menu_order":23,"comment_status":"closed","ping_status":"closed","template":"","meta":{"footnotes":""},"class_list":["post-1201","page","type-page","status-publish","has-post-thumbnail","hentry"],"_links":{"self":[{"href":"http:\/\/jkoehler.diskstation.me\/wordpress\/wp-json\/wp\/v2\/pages\/1201","targetHints":{"allow":["GET"]}}],"collection":[{"href":"http:\/\/jkoehler.diskstation.me\/wordpress\/wp-json\/wp\/v2\/pages"}],"about":[{"href":"http:\/\/jkoehler.diskstation.me\/wordpress\/wp-json\/wp\/v2\/types\/page"}],"author":[{"embeddable":true,"href":"http:\/\/jkoehler.diskstation.me\/wordpress\/wp-json\/wp\/v2\/users\/1"}],"replies":[{"embeddable":true,"href":"http:\/\/jkoehler.diskstation.me\/wordpress\/wp-json\/wp\/v2\/comments?post=1201"}],"version-history":[{"count":6,"href":"http:\/\/jkoehler.diskstation.me\/wordpress\/wp-json\/wp\/v2\/pages\/1201\/revisions"}],"predecessor-version":[{"id":1935,"href":"http:\/\/jkoehler.diskstation.me\/wordpress\/wp-json\/wp\/v2\/pages\/1201\/revisions\/1935"}],"up":[{"embeddable":true,"href":"http:\/\/jkoehler.diskstation.me\/wordpress\/wp-json\/wp\/v2\/pages\/1077"}],"wp:featuredmedia":[{"embeddable":true,"href":"http:\/\/jkoehler.diskstation.me\/wordpress\/wp-json\/wp\/v2\/media\/1239"}],"wp:attachment":[{"href":"http:\/\/jkoehler.diskstation.me\/wordpress\/wp-json\/wp\/v2\/media?parent=1201"}],"curies":[{"name":"wp","href":"https:\/\/api.w.org\/{rel}","templated":true}]}}