{"id":1187,"date":"2018-03-09T15:44:35","date_gmt":"2018-03-09T14:44:35","guid":{"rendered":"http:\/\/jkoehler.diskstation.me\/wordpress\/?page_id=1187"},"modified":"2019-03-16T14:15:43","modified_gmt":"2019-03-16T13:15:43","slug":"tbilisi-12-dezember-1992","status":"publish","type":"page","link":"http:\/\/jkoehler.diskstation.me\/wordpress\/diaries\/tagebuch-leningrad-st-petersburg-tbilisi-1991-1993\/georgien-1992-93\/tbilisi-12-dezember-1992\/","title":{"rendered":"Tbilisi, 12. Dezember 1992: S\u00f6hne und T\u00f6chter"},"content":{"rendered":"<p>Als ich heute wieder beim Zahnarzt war, um die Medizin im Zahn wechseln zu lassen, erkl\u00e4rte mir eine der \u00e4lteren Mitarbeiterinnen, warum auch M\u00fctter hier T\u00f6chter als Strafe empf\u00e4nden: Sie seien immer Fremde, weil sie das Haus verlie\u00dfen, &#8220;weggegeben&#8221; werden; S\u00f6hne blieben hingegen zu Hause, bei Muttern.<\/p>\n<p>Ansonsten fragen mich hier Frauen mittleren Alters allen Ernstes auf der Stra\u00dfe (wenn ich sie nach dem Weg frage), ob ich nicht in Georgien heiraten m\u00f6chte &#8230; sie h\u00e4tten da gerade noch eine sehr sch\u00f6ne Tochter in Reserve.<\/p>\n<p>&#8211;&gt; <a href=\"http:\/\/jkoehler.diskstation.me\/wordpress\/diaries\/tagebuch-leningrad-st-petersburg-tbilisi-1991-1993\/georgien-1992-93\/tbilisi-13-dezember-1992\/\">next page<\/a><\/p>\n","protected":false},"excerpt":{"rendered":"<p>Als ich heute wieder beim Zahnarzt war, um die Medizin im Zahn wechseln zu lassen, erkl\u00e4rte mir eine der \u00e4lteren Mitarbeiterinnen, warum auch M\u00fctter hier T\u00f6chter als Strafe empf\u00e4nden: Sie seien immer Fremde, weil sie das Haus verlie\u00dfen, &#8220;weggegeben&#8221; werden; S\u00f6hne blieben hingegen zu Hause, bei Muttern. Ansonsten fragen mich hier Frauen mittleren Alters allen &hellip; <\/p>\n<p class=\"link-more\"><a href=\"http:\/\/jkoehler.diskstation.me\/wordpress\/diaries\/tagebuch-leningrad-st-petersburg-tbilisi-1991-1993\/georgien-1992-93\/tbilisi-12-dezember-1992\/\" class=\"more-link\">Continue reading<span class=\"screen-reader-text\"> &#8220;Tbilisi, 12. Dezember 1992: S\u00f6hne und T\u00f6chter&#8221;<\/span><\/a><\/p>\n","protected":false},"author":1,"featured_media":1188,"parent":1077,"menu_order":21,"comment_status":"closed","ping_status":"closed","template":"","meta":{"footnotes":""},"class_list":["post-1187","page","type-page","status-publish","has-post-thumbnail","hentry"],"_links":{"self":[{"href":"http:\/\/jkoehler.diskstation.me\/wordpress\/wp-json\/wp\/v2\/pages\/1187","targetHints":{"allow":["GET"]}}],"collection":[{"href":"http:\/\/jkoehler.diskstation.me\/wordpress\/wp-json\/wp\/v2\/pages"}],"about":[{"href":"http:\/\/jkoehler.diskstation.me\/wordpress\/wp-json\/wp\/v2\/types\/page"}],"author":[{"embeddable":true,"href":"http:\/\/jkoehler.diskstation.me\/wordpress\/wp-json\/wp\/v2\/users\/1"}],"replies":[{"embeddable":true,"href":"http:\/\/jkoehler.diskstation.me\/wordpress\/wp-json\/wp\/v2\/comments?post=1187"}],"version-history":[{"count":3,"href":"http:\/\/jkoehler.diskstation.me\/wordpress\/wp-json\/wp\/v2\/pages\/1187\/revisions"}],"predecessor-version":[{"id":1933,"href":"http:\/\/jkoehler.diskstation.me\/wordpress\/wp-json\/wp\/v2\/pages\/1187\/revisions\/1933"}],"up":[{"embeddable":true,"href":"http:\/\/jkoehler.diskstation.me\/wordpress\/wp-json\/wp\/v2\/pages\/1077"}],"wp:featuredmedia":[{"embeddable":true,"href":"http:\/\/jkoehler.diskstation.me\/wordpress\/wp-json\/wp\/v2\/media\/1188"}],"wp:attachment":[{"href":"http:\/\/jkoehler.diskstation.me\/wordpress\/wp-json\/wp\/v2\/media?parent=1187"}],"curies":[{"name":"wp","href":"https:\/\/api.w.org\/{rel}","templated":true}]}}