{"id":1143,"date":"2018-03-08T21:47:19","date_gmt":"2018-03-08T20:47:19","guid":{"rendered":"http:\/\/jkoehler.diskstation.me\/wordpress\/?page_id=1143"},"modified":"2019-03-16T14:15:43","modified_gmt":"2019-03-16T13:15:43","slug":"tbilisi-19-november-1992","status":"publish","type":"page","link":"http:\/\/jkoehler.diskstation.me\/wordpress\/diaries\/tagebuch-leningrad-st-petersburg-tbilisi-1991-1993\/georgien-1992-93\/tbilisi-19-november-1992\/","title":{"rendered":"Tbilisi, 19. November 1992: neue und alte Welt"},"content":{"rendered":"<p>Im Gegensatz zu Alexandra, k\u00f6nnte man mit Inna die Neue Welt nicht bauen. Inna ist ein Klumpen alter Welt, in ihrer kraftvollsten Ausformung, und folgt dieser nachgerade. Sie macht immer genau das, was sie f\u00fcr richtig h\u00e4lt, ungeachtet dessen, wie man sich vorher verabredet hat. Da sie meiner Welt nie trauen w\u00fcrde, lie\u00dfe sie mich aus der ihren nicht hinaus &#8211; w\u00fcrde mich also weiter bel\u00fcgen und hintergehen, wenn sie es bei einem Mann f\u00fcr angebracht hielte, w\u00fcrde ihre Handlungen nicht besprechen, sondern einfach ausf\u00fchren. Das ist zun\u00e4chst sehr anziehend, weil sie&#8217;s meistens richtig tut, nur wird man zusammen \u00fcber die Grenzen dieser Welt nie hinausreichen.<\/p>\n<p>Und ich bin nicht der erdige Mann, der ihr die reine Tat kraftvoll entgegensetzte. Unsere Beziehung w\u00fcrde auch ein kraftzehrender Weltenbrand werden.<\/p>\n<p>&#8211;&gt; <a href=\"http:\/\/jkoehler.diskstation.me\/wordpress\/diaries\/tagebuch-leningrad-st-petersburg-tbilisi-1991-1993\/georgien-1992-93\/tbilisi-23-november-1992\/\">next page<\/a><\/p>\n","protected":false},"excerpt":{"rendered":"<p>Im Gegensatz zu Alexandra, k\u00f6nnte man mit Inna die Neue Welt nicht bauen. Inna ist ein Klumpen alter Welt, in ihrer kraftvollsten Ausformung, und folgt dieser nachgerade. Sie macht immer genau das, was sie f\u00fcr richtig h\u00e4lt, ungeachtet dessen, wie man sich vorher verabredet hat. Da sie meiner Welt nie trauen w\u00fcrde, lie\u00dfe sie mich &hellip; <\/p>\n<p class=\"link-more\"><a href=\"http:\/\/jkoehler.diskstation.me\/wordpress\/diaries\/tagebuch-leningrad-st-petersburg-tbilisi-1991-1993\/georgien-1992-93\/tbilisi-19-november-1992\/\" class=\"more-link\">Continue reading<span class=\"screen-reader-text\"> &#8220;Tbilisi, 19. November 1992: neue und alte Welt&#8221;<\/span><\/a><\/p>\n","protected":false},"author":1,"featured_media":1214,"parent":1077,"menu_order":13,"comment_status":"closed","ping_status":"closed","template":"","meta":{"footnotes":""},"class_list":["post-1143","page","type-page","status-publish","has-post-thumbnail","hentry"],"_links":{"self":[{"href":"http:\/\/jkoehler.diskstation.me\/wordpress\/wp-json\/wp\/v2\/pages\/1143","targetHints":{"allow":["GET"]}}],"collection":[{"href":"http:\/\/jkoehler.diskstation.me\/wordpress\/wp-json\/wp\/v2\/pages"}],"about":[{"href":"http:\/\/jkoehler.diskstation.me\/wordpress\/wp-json\/wp\/v2\/types\/page"}],"author":[{"embeddable":true,"href":"http:\/\/jkoehler.diskstation.me\/wordpress\/wp-json\/wp\/v2\/users\/1"}],"replies":[{"embeddable":true,"href":"http:\/\/jkoehler.diskstation.me\/wordpress\/wp-json\/wp\/v2\/comments?post=1143"}],"version-history":[{"count":3,"href":"http:\/\/jkoehler.diskstation.me\/wordpress\/wp-json\/wp\/v2\/pages\/1143\/revisions"}],"predecessor-version":[{"id":1925,"href":"http:\/\/jkoehler.diskstation.me\/wordpress\/wp-json\/wp\/v2\/pages\/1143\/revisions\/1925"}],"up":[{"embeddable":true,"href":"http:\/\/jkoehler.diskstation.me\/wordpress\/wp-json\/wp\/v2\/pages\/1077"}],"wp:featuredmedia":[{"embeddable":true,"href":"http:\/\/jkoehler.diskstation.me\/wordpress\/wp-json\/wp\/v2\/media\/1214"}],"wp:attachment":[{"href":"http:\/\/jkoehler.diskstation.me\/wordpress\/wp-json\/wp\/v2\/media?parent=1143"}],"curies":[{"name":"wp","href":"https:\/\/api.w.org\/{rel}","templated":true}]}}