{"id":1136,"date":"2018-03-08T21:35:41","date_gmt":"2018-03-08T20:35:41","guid":{"rendered":"http:\/\/jkoehler.diskstation.me\/wordpress\/?page_id=1136"},"modified":"2019-03-16T14:15:43","modified_gmt":"2019-03-16T13:15:43","slug":"15-november-1992","status":"publish","type":"page","link":"http:\/\/jkoehler.diskstation.me\/wordpress\/diaries\/tagebuch-leningrad-st-petersburg-tbilisi-1991-1993\/georgien-1992-93\/15-november-1992\/","title":{"rendered":"Tbilisi, 15. November 1992: Car alarms &#038; heimatloses Heimweh"},"content":{"rendered":"<p>In der Stra\u00dfe, in der mein Haus das Pech hat zu stehen, hat&#8217;s anscheinend viele Autos mit Car-Alarm. Car-Alarm ist eine sehr hippe Sache zurzeit in Tbilisi, und zwar handelt es sich dabei im Grunde um die immer gleiche technische Ausf\u00fchrung: Ein f\u00fcr ca. eine Minute aufheulender Alarm, der auf L\u00e4rm reagiert. Nun haben sich einige ganz gewitzte Genossen einen Spa\u00df daraus gemacht, nachts durch die Stra\u00dfen zu gehen und mit Waffen verschiedenster Kaliber herumzuballern, um die Alarmanlagen der Autos auszul\u00f6sen. Das hat dann mitunter einen richtigen Schneeballeffekt zur Folge. Bei manchen Alarmanlagen ist die Technik allerdings noch nicht so ausgereift, und sie pl\u00e4rren bis zum bitteren ermatten der Batterie durch.<\/p>\n<p>Au\u00dferdem haben sich die Meuten von Stra\u00dfenk\u00f6tern immer noch nicht an die Sch\u00fcsse gew\u00f6hnt und antworten mit ausdauerndem Kl\u00e4ffen und Jaulen.<a href=\"http:\/\/jkoehler.diskstation.me\/wordpress\/wp-content\/uploads\/2018\/03\/DIA-ORWO100_Georgia_1993_0018.jpg\"><img loading=\"lazy\" decoding=\"async\" class=\"alignleft size-full wp-image-1211\" src=\"http:\/\/jkoehler.diskstation.me\/wordpress\/wp-content\/uploads\/2018\/03\/DIA-ORWO100_Georgia_1993_0018.jpg\" alt=\"\" width=\"679\" height=\"1000\" srcset=\"http:\/\/jkoehler.diskstation.me\/wordpress\/wp-content\/uploads\/2018\/03\/DIA-ORWO100_Georgia_1993_0018.jpg 679w, http:\/\/jkoehler.diskstation.me\/wordpress\/wp-content\/uploads\/2018\/03\/DIA-ORWO100_Georgia_1993_0018-204x300.jpg 204w\" sizes=\"auto, (max-width: 679px) 100vw, 679px\" \/><\/a><\/p>\n<p>&nbsp;<\/p>\n<p>Mir geht\u2019s ansonsten z.Zt. beschissen, ich sehne mich sehr nach einem Zuhause, habe aber keinen Schimmer wo ich es finden k\u00f6nnte. Am ehesten in den Armen von Alexandra in Berlin oder bei Inna in Petersburg. Aber auch immer nur f\u00fcr sehr begrenzte Zeitr\u00e4ume. Ansonsten hat Manfred schon recht, wenn er sagt, da\u00df es (ihm) darum ginge, eine Heimat in sich zu finden.<\/p>\n<p>Warum ist es nur so schwierig, das Leben, und wer hat die sieben Siegel auf das Wort &#8220;Gl\u00fcck&#8221; gelegt? Und dieser herzlose T\u00e4ter, h\u00e4tte er dann nicht wenigstens auch noch die Vorstellung um das Gl\u00fcck verriegeln k\u00f6nnen? Verbrannten Kindern verlangt es nach Feuer.<\/p>\n<p>&#8211;&gt; <a href=\"http:\/\/jkoehler.diskstation.me\/wordpress\/diaries\/tagebuch-leningrad-st-petersburg-tbilisi-1991-1993\/georgien-1992-93\/16-november-1992\/\">next page<\/a><\/p>\n","protected":false},"excerpt":{"rendered":"<p>In der Stra\u00dfe, in der mein Haus das Pech hat zu stehen, hat&#8217;s anscheinend viele Autos mit Car-Alarm. Car-Alarm ist eine sehr hippe Sache zurzeit in Tbilisi, und zwar handelt es sich dabei im Grunde um die immer gleiche technische Ausf\u00fchrung: Ein f\u00fcr ca. eine Minute aufheulender Alarm, der auf L\u00e4rm reagiert. Nun haben sich &hellip; <\/p>\n<p class=\"link-more\"><a href=\"http:\/\/jkoehler.diskstation.me\/wordpress\/diaries\/tagebuch-leningrad-st-petersburg-tbilisi-1991-1993\/georgien-1992-93\/15-november-1992\/\" class=\"more-link\">Continue reading<span class=\"screen-reader-text\"> &#8220;Tbilisi, 15. November 1992: Car alarms &#038; heimatloses Heimweh&#8221;<\/span><\/a><\/p>\n","protected":false},"author":1,"featured_media":1162,"parent":1077,"menu_order":10,"comment_status":"closed","ping_status":"closed","template":"","meta":{"footnotes":""},"class_list":["post-1136","page","type-page","status-publish","has-post-thumbnail","hentry"],"_links":{"self":[{"href":"http:\/\/jkoehler.diskstation.me\/wordpress\/wp-json\/wp\/v2\/pages\/1136","targetHints":{"allow":["GET"]}}],"collection":[{"href":"http:\/\/jkoehler.diskstation.me\/wordpress\/wp-json\/wp\/v2\/pages"}],"about":[{"href":"http:\/\/jkoehler.diskstation.me\/wordpress\/wp-json\/wp\/v2\/types\/page"}],"author":[{"embeddable":true,"href":"http:\/\/jkoehler.diskstation.me\/wordpress\/wp-json\/wp\/v2\/users\/1"}],"replies":[{"embeddable":true,"href":"http:\/\/jkoehler.diskstation.me\/wordpress\/wp-json\/wp\/v2\/comments?post=1136"}],"version-history":[{"count":8,"href":"http:\/\/jkoehler.diskstation.me\/wordpress\/wp-json\/wp\/v2\/pages\/1136\/revisions"}],"predecessor-version":[{"id":1923,"href":"http:\/\/jkoehler.diskstation.me\/wordpress\/wp-json\/wp\/v2\/pages\/1136\/revisions\/1923"}],"up":[{"embeddable":true,"href":"http:\/\/jkoehler.diskstation.me\/wordpress\/wp-json\/wp\/v2\/pages\/1077"}],"wp:featuredmedia":[{"embeddable":true,"href":"http:\/\/jkoehler.diskstation.me\/wordpress\/wp-json\/wp\/v2\/media\/1162"}],"wp:attachment":[{"href":"http:\/\/jkoehler.diskstation.me\/wordpress\/wp-json\/wp\/v2\/media?parent=1136"}],"curies":[{"name":"wp","href":"https:\/\/api.w.org\/{rel}","templated":true}]}}