{"id":1133,"date":"2018-03-08T21:28:13","date_gmt":"2018-03-08T20:28:13","guid":{"rendered":"http:\/\/jkoehler.diskstation.me\/wordpress\/?page_id=1133"},"modified":"2019-03-16T14:15:43","modified_gmt":"2019-03-16T13:15:43","slug":"tbilisi-14-november-1992","status":"publish","type":"page","link":"http:\/\/jkoehler.diskstation.me\/wordpress\/diaries\/tagebuch-leningrad-st-petersburg-tbilisi-1991-1993\/georgien-1992-93\/tbilisi-14-november-1992\/","title":{"rendered":"Tbilisi, 14. November 1992: zivilisationsm\u00fcde Tourismuskritik"},"content":{"rendered":"<p>Man kann Sprache anfassen, wie ein hei\u00dfes Eisen, mit den Fingerspitzen, um dann irgendwelche sch\u00f6nen Dinge daraus zu formen. Oder man nimmt sie geradeheraus, wie eine willige Frau, die die Lust verzehrt.<\/p>\n<p>Das Recht auf Urlaub, wo immer es beliebt, ist genauso eine Metastase der modernen Ignoranz wie das Recht auf Sch\u00f6nheit. Deutsche, Engl\u00e4nder, Japaner, Amerikaner bereisen die Welt und schaffen, wo immer sie hintreten, die besondere Welt der Urlaubsindustriekultur. Nicht ganz wie zu Hause, aber doch fast.<\/p>\n<p>So wie der Tod und das Alter immer weiter aus unserer Wahrnehmung verschwinden m\u00fcssen, so auch all das, was Menschen wirklich voneinander unterscheidet; und das liegt an den Wurzeln der Kulturen, ganz in der N\u00e4he der entscheidenden Gegebenheiten des Menschseins, die uns wieder vereinen. Der Tod, Gott, die Zeit, Ich und Du in deren Zeichen aber dann die verschiedenen Versuche unter diesen Sternen zu leben und nicht zu verzagen unternommen werden.<\/p>\n<p>Das alles mu\u00df weg, aus dem Weg, wenn die goldenen Horden ins Reiseb\u00fcro gehen, sich einen alternativen Reisef\u00fchrer kaufen, der die n\u00e4chsten <em>terror-grounds <\/em>den Barfu\u00dftouristen aufzeigt, damit diese den Weg eintreten, den die reichere Nachhut dann austreten wird. Tourismus ist das genaue Gegenteil eines jeden Kulturaustausches; es ist eines der wichtigsten Mittel des Kulturimperialismus.<\/p>\n<p>&#8211;&gt; <a href=\"http:\/\/jkoehler.diskstation.me\/wordpress\/diaries\/tagebuch-leningrad-st-petersburg-tbilisi-1991-1993\/georgien-1992-93\/15-november-1992\/\">next page<\/a><\/p>\n","protected":false},"excerpt":{"rendered":"<p>Man kann Sprache anfassen, wie ein hei\u00dfes Eisen, mit den Fingerspitzen, um dann irgendwelche sch\u00f6nen Dinge daraus zu formen. Oder man nimmt sie geradeheraus, wie eine willige Frau, die die Lust verzehrt. Das Recht auf Urlaub, wo immer es beliebt, ist genauso eine Metastase der modernen Ignoranz wie das Recht auf Sch\u00f6nheit. Deutsche, Engl\u00e4nder, Japaner, &hellip; <\/p>\n<p class=\"link-more\"><a href=\"http:\/\/jkoehler.diskstation.me\/wordpress\/diaries\/tagebuch-leningrad-st-petersburg-tbilisi-1991-1993\/georgien-1992-93\/tbilisi-14-november-1992\/\" class=\"more-link\">Continue reading<span class=\"screen-reader-text\"> &#8220;Tbilisi, 14. November 1992: zivilisationsm\u00fcde Tourismuskritik&#8221;<\/span><\/a><\/p>\n","protected":false},"author":1,"featured_media":1161,"parent":1077,"menu_order":9,"comment_status":"closed","ping_status":"closed","template":"","meta":{"footnotes":""},"class_list":["post-1133","page","type-page","status-publish","has-post-thumbnail","hentry"],"_links":{"self":[{"href":"http:\/\/jkoehler.diskstation.me\/wordpress\/wp-json\/wp\/v2\/pages\/1133","targetHints":{"allow":["GET"]}}],"collection":[{"href":"http:\/\/jkoehler.diskstation.me\/wordpress\/wp-json\/wp\/v2\/pages"}],"about":[{"href":"http:\/\/jkoehler.diskstation.me\/wordpress\/wp-json\/wp\/v2\/types\/page"}],"author":[{"embeddable":true,"href":"http:\/\/jkoehler.diskstation.me\/wordpress\/wp-json\/wp\/v2\/users\/1"}],"replies":[{"embeddable":true,"href":"http:\/\/jkoehler.diskstation.me\/wordpress\/wp-json\/wp\/v2\/comments?post=1133"}],"version-history":[{"count":3,"href":"http:\/\/jkoehler.diskstation.me\/wordpress\/wp-json\/wp\/v2\/pages\/1133\/revisions"}],"predecessor-version":[{"id":1921,"href":"http:\/\/jkoehler.diskstation.me\/wordpress\/wp-json\/wp\/v2\/pages\/1133\/revisions\/1921"}],"up":[{"embeddable":true,"href":"http:\/\/jkoehler.diskstation.me\/wordpress\/wp-json\/wp\/v2\/pages\/1077"}],"wp:featuredmedia":[{"embeddable":true,"href":"http:\/\/jkoehler.diskstation.me\/wordpress\/wp-json\/wp\/v2\/media\/1161"}],"wp:attachment":[{"href":"http:\/\/jkoehler.diskstation.me\/wordpress\/wp-json\/wp\/v2\/media?parent=1133"}],"curies":[{"name":"wp","href":"https:\/\/api.w.org\/{rel}","templated":true}]}}