{"id":1119,"date":"2018-03-08T16:17:47","date_gmt":"2018-03-08T15:17:47","guid":{"rendered":"http:\/\/jkoehler.diskstation.me\/wordpress\/?page_id=1119"},"modified":"2019-03-16T14:15:43","modified_gmt":"2019-03-16T13:15:43","slug":"6-november-1992","status":"publish","type":"page","link":"http:\/\/jkoehler.diskstation.me\/wordpress\/diaries\/tagebuch-leningrad-st-petersburg-tbilisi-1991-1993\/georgien-1992-93\/6-november-1992\/","title":{"rendered":"Tbilissi, 6. November 1992: Traum Exekution"},"content":{"rendered":"<p>Vorgestern Nacht tr\u00e4umte mir, ich w\u00e4re zum Tode verurteilt worden und wartete auf meine Exekution.<\/p>\n<p>Seltsam und schrecklich war vor allen Dingen, da\u00df es eine Frau war, die mir als \u00c4rztin die letzten Vorbereitungen f\u00fcr meine Abreise verpa\u00dfte. Mit der Routine einer Abfrage eines Krebspatienten im letzten Stadium: &#8220;Hatten Sie noch ein letztes Gericht bestellt?&#8221;, bevor sie mir die Beruhigungsspritze ansetzt. Ich will als letzten Wunsch \u00e4u\u00dfern, mit ihr zu schlafen &#8211; vielleicht erinnerte sie das daran, da\u00df sie zum Schaffen von Leben bestimmt ist, nicht zu dessen Vernichtung &#8211; entscheide mich aber zu sp\u00e4t, die ermattende Spritze sitzt schon unter der Haut.<\/p>\n<p>&#8211;&gt; <a href=\"http:\/\/jkoehler.diskstation.me\/wordpress\/diaries\/tagebuch-leningrad-st-petersburg-tbilisi-1991-1993\/georgien-1992-93\/7-november-1992\/\">next page<\/a><\/p>\n","protected":false},"excerpt":{"rendered":"<p>Vorgestern Nacht tr\u00e4umte mir, ich w\u00e4re zum Tode verurteilt worden und wartete auf meine Exekution. Seltsam und schrecklich war vor allen Dingen, da\u00df es eine Frau war, die mir als \u00c4rztin die letzten Vorbereitungen f\u00fcr meine Abreise verpa\u00dfte. Mit der Routine einer Abfrage eines Krebspatienten im letzten Stadium: &#8220;Hatten Sie noch ein letztes Gericht bestellt?&#8221;, &hellip; <\/p>\n<p class=\"link-more\"><a href=\"http:\/\/jkoehler.diskstation.me\/wordpress\/diaries\/tagebuch-leningrad-st-petersburg-tbilisi-1991-1993\/georgien-1992-93\/6-november-1992\/\" class=\"more-link\">Continue reading<span class=\"screen-reader-text\"> &#8220;Tbilissi, 6. November 1992: Traum Exekution&#8221;<\/span><\/a><\/p>\n","protected":false},"author":1,"featured_media":1160,"parent":1077,"menu_order":8,"comment_status":"closed","ping_status":"closed","template":"","meta":{"footnotes":""},"class_list":["post-1119","page","type-page","status-publish","has-post-thumbnail","hentry"],"_links":{"self":[{"href":"http:\/\/jkoehler.diskstation.me\/wordpress\/wp-json\/wp\/v2\/pages\/1119","targetHints":{"allow":["GET"]}}],"collection":[{"href":"http:\/\/jkoehler.diskstation.me\/wordpress\/wp-json\/wp\/v2\/pages"}],"about":[{"href":"http:\/\/jkoehler.diskstation.me\/wordpress\/wp-json\/wp\/v2\/types\/page"}],"author":[{"embeddable":true,"href":"http:\/\/jkoehler.diskstation.me\/wordpress\/wp-json\/wp\/v2\/users\/1"}],"replies":[{"embeddable":true,"href":"http:\/\/jkoehler.diskstation.me\/wordpress\/wp-json\/wp\/v2\/comments?post=1119"}],"version-history":[{"count":4,"href":"http:\/\/jkoehler.diskstation.me\/wordpress\/wp-json\/wp\/v2\/pages\/1119\/revisions"}],"predecessor-version":[{"id":1919,"href":"http:\/\/jkoehler.diskstation.me\/wordpress\/wp-json\/wp\/v2\/pages\/1119\/revisions\/1919"}],"up":[{"embeddable":true,"href":"http:\/\/jkoehler.diskstation.me\/wordpress\/wp-json\/wp\/v2\/pages\/1077"}],"wp:featuredmedia":[{"embeddable":true,"href":"http:\/\/jkoehler.diskstation.me\/wordpress\/wp-json\/wp\/v2\/media\/1160"}],"wp:attachment":[{"href":"http:\/\/jkoehler.diskstation.me\/wordpress\/wp-json\/wp\/v2\/media?parent=1119"}],"curies":[{"name":"wp","href":"https:\/\/api.w.org\/{rel}","templated":true}]}}