{"id":1114,"date":"2018-03-08T15:58:24","date_gmt":"2018-03-08T14:58:24","guid":{"rendered":"http:\/\/jkoehler.diskstation.me\/wordpress\/?page_id=1114"},"modified":"2019-03-16T14:15:43","modified_gmt":"2019-03-16T13:15:43","slug":"tbilissi-4-november-1992","status":"publish","type":"page","link":"http:\/\/jkoehler.diskstation.me\/wordpress\/diaries\/tagebuch-leningrad-st-petersburg-tbilisi-1991-1993\/georgien-1992-93\/tbilissi-4-november-1992\/","title":{"rendered":"Tbilissi, 4. November 1992: Abenteuerliche Fortsetzung in der Stadt der gespr\u00e4chigen Einsamkeit"},"content":{"rendered":"<p>Und abenteuerlich geht es weiter:<\/p>\n<p>&#8211; Jede Nacht wildes Herumgeschie\u00dfe vorm Haus, u.a. mit Maschinengewehr. Ausgenommen dieser Sonntagssch\u00fctzen ist die Stadt ab acht Uhr abends recht tot.<\/p>\n<p>&#8211; Das \u00f6ffentliche Verkehrssystem ist dem Zusammenbruch nahe, wie Bienen kleben Trauben von Menschen an jeder Haltem\u00f6glichkeit um die neben der Metro einzig noch recht regelm\u00e4\u00dfig verkehrenden Trolleybusse, \u00f6ffentliche Taxis gibt es kaum noch, Privattaxis nehmen aus Angst niemanden mehr mit; au\u00dferdem gibt es nirgendwo Sprit, und wenn, dann irrational teuer.<\/p>\n<p>&#8211; Au\u00dferdem wird es den Winter \u00fcber wohl kaum hei\u00dfes Wasser geben, da aufgrund einer Explosion im zentralen Gaswerk die Warmwasserversorgung stark eingeschr\u00e4nkt ist. Ich sitze hier auch jetzt schon mit kalter Nase. Weiter ist das Brot sehr knapp &#8211; daf\u00fcr, und auch mit dem zugrunde liegend, aber billig. Die Leute stehen zu jeder Tages- und Nachtzeit zuhauf vor den Brotgesch\u00e4ften und warten auf die Lieferungen.<\/p>\n<p>Dato erz\u00e4hlte mir von einem neuerlich in den Nachrichten bekanntgemachten Vorfall, der auch auf ein besonderes Verh\u00e4ltnis der Ostgeorgier zum Krieg in Abchasien weist. Aus Abchasien vertriebene Georgier kamen nach Tbilissi und waren hier zun\u00e4chst wohnungslos. Sie stie\u00dfen hier auf alteingesessene Abchasier, und forderten diese ultimativ auf, die Wohnungen binnen 24 Stunden zu r\u00e4umen. Als die vertreibenden Vertriebenen am n\u00e4chsten Morgen zur\u00fcckkamen erwartete sie nicht nur die Miliz, sondern auch alle Nachbarn, die sich \u00fcber ihr Verhalten emp\u00f6rten.<\/p>\n<p>Auch der befehlshabende General Ostgeorgiens verwies als Begr\u00fcndung f\u00fcr den anstehenden Tod von vielen Abchasiern nicht auf das kurz zuvor ver\u00fcbte Massaker abchasischer Soldaten an georgischen Zivilisten, sondern auf den Tod seines Bruders. Das Verh\u00e4ltnis zum Krieg ist f\u00fcr die meisten Georgier ein sehr pers\u00f6nliches.<\/p>\n<p>Geht es allerdings um die Verteidigung des Territoriums Georgiens, sind alle, auch die Frauen, zum Kampf bereit &#8211; zumindest verbal.<\/p>\n<p>Der Konflikt in Abchasien wird zusehends komplizierter. Die Offensive, die derzeit von Georgien ausgeht, st\u00f6\u00dft wahrscheinlich ins Leere. Selbst wenn die abchasischen Soldaten besiegt werden w\u00fcrden, k\u00f6nnte Georgien den Krieg nicht an seiner Grenze beenden, weil der Zusammenschlu\u00df der nordkaukasischen V\u00f6lker (Moslems, Schiiten, schon aktiv mit gegen Georgien k\u00e4mpft. Diese V\u00f6lker leben aber gr\u00f6\u00dftenteils mit auf russischem und ukrainischem(?) Territorium.<a href=\"http:\/\/jkoehler.diskstation.me\/wordpress\/wp-content\/uploads\/2018\/03\/DIA-ORWO100_Georgia_1993_0003.jpg\"><img loading=\"lazy\" decoding=\"async\" class=\"alignleft size-full wp-image-1158\" src=\"http:\/\/jkoehler.diskstation.me\/wordpress\/wp-content\/uploads\/2018\/03\/DIA-ORWO100_Georgia_1993_0003.jpg\" alt=\"\" width=\"1000\" height=\"679\" srcset=\"http:\/\/jkoehler.diskstation.me\/wordpress\/wp-content\/uploads\/2018\/03\/DIA-ORWO100_Georgia_1993_0003.jpg 1000w, http:\/\/jkoehler.diskstation.me\/wordpress\/wp-content\/uploads\/2018\/03\/DIA-ORWO100_Georgia_1993_0003-300x204.jpg 300w, http:\/\/jkoehler.diskstation.me\/wordpress\/wp-content\/uploads\/2018\/03\/DIA-ORWO100_Georgia_1993_0003-768x521.jpg 768w\" sizes=\"auto, (max-width: 767px) 89vw, (max-width: 1000px) 54vw, (max-width: 1071px) 543px, 580px\" \/><\/a><\/p>\n<p>Wenn die Rolle der Roten Armee nicht schon ganz auf S\u00f6ldnerniveau gesunken ist (wie wohl im nagornij karabach} ist es anzunehmen, da\u00df sie als Gewaltmittel f\u00fcr die Interessen Ru\u00dflands noch am ehesten arbeitet. Ru\u00dfland hat aber im Zusammenhang mit dem Zerfall des von ihm dominierten Imperiums seinen Zugang zum Schwarzen Meer verloren. Den h\u00e4tte es mit Abchasien zur\u00fcckgewonnen. Zur\u00fcckstecken wird in seinen Interessen wohl keiner und bei einem offenen Krieg scheuen alle Beteiligten (mit Ausnahme der benutzten muslimischen V\u00f6lkchen) die Eskalation in die internationale Sph\u00e4re. Somit wird es bis auf weiteres wohl weiterk\u00f6cheln.<\/p>\n<p>&#8211;&gt; <a href=\"http:\/\/jkoehler.diskstation.me\/wordpress\/diaries\/tagebuch-leningrad-st-petersburg-tbilisi-1991-1993\/georgien-1992-93\/6-november-1992\/\">next page<\/a><\/p>\n","protected":false},"excerpt":{"rendered":"<p>Und abenteuerlich geht es weiter: &#8211; Jede Nacht wildes Herumgeschie\u00dfe vorm Haus, u.a. mit Maschinengewehr. Ausgenommen dieser Sonntagssch\u00fctzen ist die Stadt ab acht Uhr abends recht tot. &#8211; Das \u00f6ffentliche Verkehrssystem ist dem Zusammenbruch nahe, wie Bienen kleben Trauben von Menschen an jeder Haltem\u00f6glichkeit um die neben der Metro einzig noch recht regelm\u00e4\u00dfig verkehrenden Trolleybusse, &hellip; <\/p>\n<p class=\"link-more\"><a href=\"http:\/\/jkoehler.diskstation.me\/wordpress\/diaries\/tagebuch-leningrad-st-petersburg-tbilisi-1991-1993\/georgien-1992-93\/tbilissi-4-november-1992\/\" class=\"more-link\">Continue reading<span class=\"screen-reader-text\"> &#8220;Tbilissi, 4. November 1992: Abenteuerliche Fortsetzung in der Stadt der gespr\u00e4chigen Einsamkeit&#8221;<\/span><\/a><\/p>\n","protected":false},"author":1,"featured_media":1118,"parent":1077,"menu_order":7,"comment_status":"closed","ping_status":"closed","template":"","meta":{"footnotes":""},"class_list":["post-1114","page","type-page","status-publish","has-post-thumbnail","hentry"],"_links":{"self":[{"href":"http:\/\/jkoehler.diskstation.me\/wordpress\/wp-json\/wp\/v2\/pages\/1114","targetHints":{"allow":["GET"]}}],"collection":[{"href":"http:\/\/jkoehler.diskstation.me\/wordpress\/wp-json\/wp\/v2\/pages"}],"about":[{"href":"http:\/\/jkoehler.diskstation.me\/wordpress\/wp-json\/wp\/v2\/types\/page"}],"author":[{"embeddable":true,"href":"http:\/\/jkoehler.diskstation.me\/wordpress\/wp-json\/wp\/v2\/users\/1"}],"replies":[{"embeddable":true,"href":"http:\/\/jkoehler.diskstation.me\/wordpress\/wp-json\/wp\/v2\/comments?post=1114"}],"version-history":[{"count":6,"href":"http:\/\/jkoehler.diskstation.me\/wordpress\/wp-json\/wp\/v2\/pages\/1114\/revisions"}],"predecessor-version":[{"id":1918,"href":"http:\/\/jkoehler.diskstation.me\/wordpress\/wp-json\/wp\/v2\/pages\/1114\/revisions\/1918"}],"up":[{"embeddable":true,"href":"http:\/\/jkoehler.diskstation.me\/wordpress\/wp-json\/wp\/v2\/pages\/1077"}],"wp:featuredmedia":[{"embeddable":true,"href":"http:\/\/jkoehler.diskstation.me\/wordpress\/wp-json\/wp\/v2\/media\/1118"}],"wp:attachment":[{"href":"http:\/\/jkoehler.diskstation.me\/wordpress\/wp-json\/wp\/v2\/media?parent=1114"}],"curies":[{"name":"wp","href":"https:\/\/api.w.org\/{rel}","templated":true}]}}