{"id":1109,"date":"2018-03-08T15:34:21","date_gmt":"2018-03-08T14:34:21","guid":{"rendered":"http:\/\/jkoehler.diskstation.me\/wordpress\/?page_id=1109"},"modified":"2020-01-16T20:16:47","modified_gmt":"2020-01-16T19:16:47","slug":"frankfurt-flughafen-30-10-1992","status":"publish","type":"page","link":"http:\/\/jkoehler.diskstation.me\/wordpress\/diaries\/tagebuch-leningrad-st-petersburg-tbilisi-1991-1993\/georgien-1992-93\/frankfurt-flughafen-30-10-1992\/","title":{"rendered":"Frankfurt Flughafen, 30.10.1992: Reiseimpressionen"},"content":{"rendered":"<p><u>Reiseimpressionen<\/u>:<\/p>\n<p>Alexandra und ich hatten uns zusammengerauft, Inna benutzte die Kaugummibeleidigung um sich mal wieder endg\u00fcltig von mir zu trennen, Herr Dr. Hemmer beschied mir bemerkenswert bek\u00fcmmert und bem\u00fcht eine verschleppte (?) Blaseninfektion und vermutet irgendwelche Am\u00f6ben in meinem Darm, als ich meine Reise Richtung Frankfurt heute Morgen um 9 Uhr in Berlin antrat. Sascha war noch auf den letzten Dr\u00fccker zum Bahnhof gekommen, um mir in die sich leise schlie\u00dfende Wagont\u00fcr gro\u00dfe Versprechungen bez\u00fcglich seines Verhaltens Alexandras gegen\u00fcber&#8217; zu rappeln. Bernd hatte mir die Nacht vorher noch Teildiagnose und Medikamente f\u00fcr 300 DM mitgebracht; au\u00dferdem einen Seesack voll mit in ihrer Summe unglaublich schweren Lebensmitteln &#8211; f\u00fcr Georgien. Ich sah ihn leider nur viel zu fl\u00fcchtig. Inna erwiderte in der Vornacht, auf meine Aussage hin, hier in Deutschland dieses Mal nur ein Phantom gewesen zu sein: &#8220;Du bist \u00fcberall nur ein Phantom&#8221;.<\/p>\n<p>Alexandra ist freier von dem Heldenbild von mir, bedarf aber meiner ausgelebten Unausstehlichkeit, um dieses auch zu bleiben. In Berlin gab es gro\u00dfz\u00fcgig die ganze Bandbreite von kalt \u00fcber lauwarm zu hei\u00df.<\/p>\n<p>Ich kann zur Zeit nur unqualifizierte \u00c4u\u00dferungen \u00fcber mich selbst t\u00e4tigen, diskutiere bei g\u00fcnstigerer Themenwahl aber scharf am Subjekt.<\/p>\n<p>Am n\u00e4mlichen Vorabend bei Marie einen Thomas (?) kennengelernt, der mich auf eine Sendung des Berliner SFB hinwies, die da hei\u00dft &#8220;Passagen&#8221;, und in der auch Idioten wie er und ich f\u00fcr 2000DM zu Wort k\u00e4men (pers\u00f6nliche Erlebnisberichte). Kann machen.<\/p>\n<p>Im Zug wollte ich dann einen Abiturienten umbringen, der unwahrscheinlich laut seine Heldentaten als, Reiseterrorist in Spanien kundtat. Und das auch noch intellektuell verbr\u00e4mt. Er hatte leider einen willigen Zuh\u00f6rer mittleren Alters gefunden, willig, weil ihm der r\u00fcstige J\u00fcngling seine Koffer trug. Der arme Gesch\u00e4ftsmann nebenan versuchte zun\u00e4chst noch gegen die sich in Selbstgef\u00e4lligkeit \u00fcberschlagende Stimme des v\u00f6llig von sich verz\u00fcckten Luxus-Kindes anzudiktieren, gab das aber ~ entnervt auch bald auf. In diese&#8217; penetranten Ignoranz grenzenloser, aber nicht einmal b\u00f6sartiger, Ich-Bezogenheit, erkannte ich eine bestimmte Periode meiner pers\u00f6nlichen Geschichte recht deutlich wieder.<\/p>\n<p>Nachdem ich mir dann bemerkbar h\u00e4ufig einen Bruch an dem gottverdammten Seesack gehoben hatte, kam ich in Frankfurt am Flughafen an, nur um zu erfahren, das die Maschine aus (und nach) Tbilissi, mal wieder nicht fl\u00f6ge. Ich sollte mich also in der N\u00e4he bereithalten, riet man mir. Morgen fr\u00fch, vielleicht.<\/p>\n<p>Die Essenz des Westens, die man am Flughafen anschaulich vor sich hat, ist unglaublich richtig gekleidet. Es scheint wirklich so zu sein, da\u00df sie in dem Bed\u00fcrfnis ihre ganze Pers\u00f6nlichkeit nach au\u00dfen zu tragen, voll und ganz erfolgreich sind. Ganz m\u00fchelos, wie mir scheint. Und h\u00e4ufig regelrecht uniformiert. Es gibt da verschiedene R\u00e4nge und Einheiten: Den lockeren, jung-dynamischen Jeans-Typen aus New York, den in italienischem Prominierstil gehaltenen Tom Cruise. mit seinem Autistenbruder, den so ein bi\u00dfchen alternativ-intellektuellen Traveller, der sich hinter einem klein gehaltenen Sprachf\u00fchrer des exotischen Landes seiner Bestimmung in Szene setzt &#8230; &#8211; zum Gl\u00fcck auch ein paar echte Kr\u00fcppel, die in ihren auf eleganten Gang zugeschneiderten Anz\u00fcgen unweigerlich erfrischend unpassend aussehen. Ob Sch\u00f6nheit im Trend wohl zuerst zum Gesetz wird oder wird zuerst das Recht auf Sch\u00f6nheit in die Charta der Menschenrechte aufgenommen? Wie sind wir doch alle hoffnungslos zivilisiert, zivilisationsm\u00fcde Gedanken auf einem Laptop moderneren Typs formulierend.<\/p>\n<p>&#8211;&gt; <a href=\"http:\/\/jkoehler.diskstation.me\/wordpress\/diaries\/tagebuch-leningrad-st-petersburg-tbilisi-1991-1993\/georgien-1992-93\/tbilissi-4-november-1992\/\">next page<\/a><\/p>\n","protected":false},"excerpt":{"rendered":"<p>Reiseimpressionen: Alexandra und ich hatten uns zusammengerauft, Inna benutzte die Kaugummibeleidigung um sich mal wieder endg\u00fcltig von mir zu trennen, Herr Dr. Hemmer beschied mir bemerkenswert bek\u00fcmmert und bem\u00fcht eine verschleppte (?) Blaseninfektion und vermutet irgendwelche Am\u00f6ben in meinem Darm, als ich meine Reise Richtung Frankfurt heute Morgen um 9 Uhr in Berlin antrat. Sascha &hellip; <\/p>\n<p class=\"link-more\"><a href=\"http:\/\/jkoehler.diskstation.me\/wordpress\/diaries\/tagebuch-leningrad-st-petersburg-tbilisi-1991-1993\/georgien-1992-93\/frankfurt-flughafen-30-10-1992\/\" class=\"more-link\">Continue reading<span class=\"screen-reader-text\"> &#8220;Frankfurt Flughafen, 30.10.1992: Reiseimpressionen&#8221;<\/span><\/a><\/p>\n","protected":false},"author":1,"featured_media":1112,"parent":1077,"menu_order":6,"comment_status":"closed","ping_status":"closed","template":"","meta":{"footnotes":""},"class_list":["post-1109","page","type-page","status-publish","has-post-thumbnail","hentry"],"_links":{"self":[{"href":"http:\/\/jkoehler.diskstation.me\/wordpress\/wp-json\/wp\/v2\/pages\/1109","targetHints":{"allow":["GET"]}}],"collection":[{"href":"http:\/\/jkoehler.diskstation.me\/wordpress\/wp-json\/wp\/v2\/pages"}],"about":[{"href":"http:\/\/jkoehler.diskstation.me\/wordpress\/wp-json\/wp\/v2\/types\/page"}],"author":[{"embeddable":true,"href":"http:\/\/jkoehler.diskstation.me\/wordpress\/wp-json\/wp\/v2\/users\/1"}],"replies":[{"embeddable":true,"href":"http:\/\/jkoehler.diskstation.me\/wordpress\/wp-json\/wp\/v2\/comments?post=1109"}],"version-history":[{"count":6,"href":"http:\/\/jkoehler.diskstation.me\/wordpress\/wp-json\/wp\/v2\/pages\/1109\/revisions"}],"predecessor-version":[{"id":9106,"href":"http:\/\/jkoehler.diskstation.me\/wordpress\/wp-json\/wp\/v2\/pages\/1109\/revisions\/9106"}],"up":[{"embeddable":true,"href":"http:\/\/jkoehler.diskstation.me\/wordpress\/wp-json\/wp\/v2\/pages\/1077"}],"wp:featuredmedia":[{"embeddable":true,"href":"http:\/\/jkoehler.diskstation.me\/wordpress\/wp-json\/wp\/v2\/media\/1112"}],"wp:attachment":[{"href":"http:\/\/jkoehler.diskstation.me\/wordpress\/wp-json\/wp\/v2\/media?parent=1109"}],"curies":[{"name":"wp","href":"https:\/\/api.w.org\/{rel}","templated":true}]}}