{"id":1098,"date":"2018-03-08T14:50:52","date_gmt":"2018-03-08T13:50:52","guid":{"rendered":"http:\/\/jkoehler.diskstation.me\/wordpress\/?page_id=1098"},"modified":"2019-03-16T14:15:42","modified_gmt":"2019-03-16T13:15:42","slug":"berlin-26-10-1992","status":"publish","type":"page","link":"http:\/\/jkoehler.diskstation.me\/wordpress\/diaries\/tagebuch-leningrad-st-petersburg-tbilisi-1991-1993\/georgien-1992-93\/berlin-26-10-1992\/","title":{"rendered":"Berlin, 26.10.1992: Partygeschichten &#038; Katrins R\u00e4uberpistolen"},"content":{"rendered":"<p>&#8220;I am young, I&#8217;ve got nothing to say.&#8221; &#8211; &#8220;I am old, I&#8217;ve nowhere to go.&#8221;<\/p>\n<p>Alte Seelen schreiben. \u00dcber junge Seelen wird geschrieben.<\/p>\n<p>&nbsp;<\/p>\n<p>Bernd erz\u00e4hlte mir gerade von einer Party, auf der er mit Inna, Marie Caroline und Anja war. Der erzschwule Jens feierte Abschied und so war das andere Ufer bei ihm vollst\u00e4ndig versammelt. Die arme Inna bekam einen ausf\u00fchrlichen Eindruck der deutschen Schwulenszene. Im Verlaufe ausgiebigen Alkoholkonsums geriet Bernd in die F\u00e4nge einer kr\u00e4ftigen Sch\u00f6nen, die erst St\u00fcck f\u00fcr St\u00fcck ihr von Inna und Marie prognostiziertes Hermaphroditendasein preisgab.<\/p>\n<p>Die Ans\u00e4tze von Bartstoppeln und die offene Einladung, mit ihm auf Toilette zu gehen, hatten Bernd aber eigenen Aussagen entsprechend, schon auf die sich anschlie\u00dfende Beweisf\u00fchrung im Bereich der K\u00f6rpermitte vorbereitet. Auch waren Marie und Inna, ein lesbisches P\u00e4rchen vorgaukelnd, prophylaktisch \u00fcber sie\/ihn hergefallen, Marie seinen Busen zu f\u00fchlen, Inna ihre Lippen auf die seinigen zu pressen.<\/p>\n<p>Deutschland scheint sich nun endlich wirklich nicht mehr zu vermehren.<\/p>\n<p>Katrin erz\u00e4hlte mir auf der Herfahrt, wie ihr Exfreund Stechauge, unwillig im Proze\u00df des geEXTwerdens gefangen, mit einem K\u00fcchenmesser auf sie losging, um die Ursache seines uns\u00e4glichen Leides, n\u00e4mlich die unerwiderte selbstlose Liebe zu ihr, zu t\u00f6ten. Katrin fand zum Gl\u00fcck Zeit, es Stechauge ins Bewu\u00dftsein zur\u00fcckzurufen, da\u00df er, der er nicht imstande ist, auch nur das kleinste Tr\u00f6pfchen But zu sehen, ohne sich zu \u00fcbergeben oder gar in Ohnmacht zu fallen, mit dem unabdinglichen Problem der Leichenbeseitigung, kaum zurande kommen w\u00fcrde. Daraufhin entschied sich der ungl\u00fcckliche Liebhaber flugs um, legte die H\u00e4nde seines Liebchens um den Griff des Messers, seine fest obenauf und begann langsam wie bedrohlich die blitzende Klinge in Richtung seines Solarplexus zu bewegen. Katrin hatte die Faxen mittlerweile dicke und unterbrach das zaghafte Harakiri, indem sie ihr unf\u00f6rmiges Knie nachdr\u00fccklich gegen seinen Hoden zog. W\u00e4hrend er sich am Boden kr\u00fcmmte, widmete sich Katrin wieder dem Abwasch, da das Wasser schon eingelassen war und jetzt kalt wurde. Stechauge hingegen, rappelte sich auf ein neues auf und begann Katrin von hinten zu w\u00fcrgen. Es gelang ihr aber, ihn abzusch\u00fctteln und aus dem Haus zu werfen.<a href=\"http:\/\/jkoehler.diskstation.me\/wordpress\/wp-content\/uploads\/2018\/03\/DIA_0283_preSSSR.jpg\"><img loading=\"lazy\" decoding=\"async\" class=\"alignleft size-full wp-image-1107\" src=\"http:\/\/jkoehler.diskstation.me\/wordpress\/wp-content\/uploads\/2018\/03\/DIA_0283_preSSSR.jpg\" alt=\"\" width=\"626\" height=\"1000\" srcset=\"http:\/\/jkoehler.diskstation.me\/wordpress\/wp-content\/uploads\/2018\/03\/DIA_0283_preSSSR.jpg 626w, http:\/\/jkoehler.diskstation.me\/wordpress\/wp-content\/uploads\/2018\/03\/DIA_0283_preSSSR-188x300.jpg 188w\" sizes=\"auto, (max-width: 626px) 100vw, 626px\" \/><\/a><\/p>\n<p>Als sie einige Zeit sp\u00e4ter mit Body Guard vor seiner Haust\u00fcr stand, um verbliebene Sachen abzuholen, \u00f6ffnete Stechauge und schnauzte Katrin an: &#8220;N\u00e4chstes Mal kommst du aber p\u00fcnktlich!&#8221; Seitdem hat es kein n\u00e4chstes Mal gegeben.<\/p>\n<p>&#8211;&gt; <a href=\"http:\/\/jkoehler.diskstation.me\/wordpress\/diaries\/tagebuch-leningrad-st-petersburg-tbilisi-1991-1993\/georgien-1992-93\/berlin-29-10-1992\/\">next page<\/a><\/p>\n","protected":false},"excerpt":{"rendered":"<p>&#8220;I am young, I&#8217;ve got nothing to say.&#8221; &#8211; &#8220;I am old, I&#8217;ve nowhere to go.&#8221; Alte Seelen schreiben. \u00dcber junge Seelen wird geschrieben. &nbsp; Bernd erz\u00e4hlte mir gerade von einer Party, auf der er mit Inna, Marie Caroline und Anja war. Der erzschwule Jens feierte Abschied und so war das andere Ufer bei ihm &hellip; <\/p>\n<p class=\"link-more\"><a href=\"http:\/\/jkoehler.diskstation.me\/wordpress\/diaries\/tagebuch-leningrad-st-petersburg-tbilisi-1991-1993\/georgien-1992-93\/berlin-26-10-1992\/\" class=\"more-link\">Continue reading<span class=\"screen-reader-text\"> &#8220;Berlin, 26.10.1992: Partygeschichten &#038; Katrins R\u00e4uberpistolen&#8221;<\/span><\/a><\/p>\n","protected":false},"author":1,"featured_media":1101,"parent":1077,"menu_order":4,"comment_status":"closed","ping_status":"closed","template":"","meta":{"footnotes":""},"class_list":["post-1098","page","type-page","status-publish","has-post-thumbnail","hentry"],"_links":{"self":[{"href":"http:\/\/jkoehler.diskstation.me\/wordpress\/wp-json\/wp\/v2\/pages\/1098","targetHints":{"allow":["GET"]}}],"collection":[{"href":"http:\/\/jkoehler.diskstation.me\/wordpress\/wp-json\/wp\/v2\/pages"}],"about":[{"href":"http:\/\/jkoehler.diskstation.me\/wordpress\/wp-json\/wp\/v2\/types\/page"}],"author":[{"embeddable":true,"href":"http:\/\/jkoehler.diskstation.me\/wordpress\/wp-json\/wp\/v2\/users\/1"}],"replies":[{"embeddable":true,"href":"http:\/\/jkoehler.diskstation.me\/wordpress\/wp-json\/wp\/v2\/comments?post=1098"}],"version-history":[{"count":5,"href":"http:\/\/jkoehler.diskstation.me\/wordpress\/wp-json\/wp\/v2\/pages\/1098\/revisions"}],"predecessor-version":[{"id":1915,"href":"http:\/\/jkoehler.diskstation.me\/wordpress\/wp-json\/wp\/v2\/pages\/1098\/revisions\/1915"}],"up":[{"embeddable":true,"href":"http:\/\/jkoehler.diskstation.me\/wordpress\/wp-json\/wp\/v2\/pages\/1077"}],"wp:featuredmedia":[{"embeddable":true,"href":"http:\/\/jkoehler.diskstation.me\/wordpress\/wp-json\/wp\/v2\/media\/1101"}],"wp:attachment":[{"href":"http:\/\/jkoehler.diskstation.me\/wordpress\/wp-json\/wp\/v2\/media?parent=1098"}],"curies":[{"name":"wp","href":"https:\/\/api.w.org\/{rel}","templated":true}]}}