{"id":1094,"date":"2018-03-08T14:45:41","date_gmt":"2018-03-08T13:45:41","guid":{"rendered":"http:\/\/jkoehler.diskstation.me\/wordpress\/?page_id=1094"},"modified":"2019-03-16T14:15:42","modified_gmt":"2019-03-16T13:15:42","slug":"berlin-24-10-1992","status":"publish","type":"page","link":"http:\/\/jkoehler.diskstation.me\/wordpress\/diaries\/tagebuch-leningrad-st-petersburg-tbilisi-1991-1993\/georgien-1992-93\/berlin-24-10-1992\/","title":{"rendered":"Berlin, 24.10.1992: War\u00e4gerausstellung"},"content":{"rendered":"<p>WINKINGER, WAR\u00c4GER und NORMANNEN, Ausstellung in der Nationalgalerie auf der Museumsinsel in Ostberlin .<\/p>\n<p>Sehr \u00fcbersichtlich gestaltete Ausstellung, die dem wissenschaftlichem Anspruch trotz der Laienfreundlichkeit voll gerecht wurde.<\/p>\n<p>Quellen von Interesse:<\/p>\n<p>&#8211; Saga um Erich den Roten und seinen Sohn Leif den Gl\u00fccklichen, dem Amerikaentdecker.<\/p>\n<p>&#8211; &#8220;Chronik vergangener Jahre&#8221; der Kiever Russ<\/p>\n<p>&#8211; Isl\u00e4ndischen Sagas<\/p>\n<p>Neuigkeiten von Belang:<\/p>\n<p>&#8211; Die Var\u00e4ger f\u00fchrten tats\u00e4chlich Handel mit dem Orient (z.B. Nordindische Buddhafigur) und zwar \u00fcber den Kaukasus! Also wahrscheinlich zur Gleichen Zeit, als eine der Ausweichrouten der Seidenstra\u00dfe durch den Kaukasus f\u00fchrte.<\/p>\n<p>Man m\u00fc\u00dfte also mal nachforschen, inwieweit der Kaukasus nicht nur, wie in der Ausstellung vorgeschlagen, durchquert wurde, um an die mittelasiatischen (?) und orientalischen Umschlagzentren zu gelangen, sondern ob nicht auch im Kaukasus selbst, der in der Zeit der Kiever Russ ja von dem georgischen Reich dominiert wurde, Waren gehandelt wurden. Das georgische Reich hatte seine Bl\u00fctezeit ja Zeitgleich bis zu den Mongoleneinf\u00e4llen.<\/p>\n<p>&#8211; Die vom Nieders\u00e4chsischen Landesmuseum als f\u00fcr den Kindersegen verantwortliche G\u00f6ttin ausgegebene Frya, wurde in der Ausstellung der Skulptur eines Fruchtbarkeitsgottes zugeordnet.<\/p>\n<p>Obwohl es den in Niedersachsen bekannten Giebelschmuck in Form von Pferdek\u00f6pfen in beide Richtungen auch bei den Wikingern vielerorts gab (Bettpfosten, Schr\u00e4nke, T\u00fcrschl\u00f6sser &#8230; ), konnte ich den vermuten Rosenkranz oder das sich daraus entwickelt haben sollende Halfter nicht ausmachen.<\/p>\n<p>&#8211;&gt; <a href=\"http:\/\/jkoehler.diskstation.me\/wordpress\/diaries\/tagebuch-leningrad-st-petersburg-tbilisi-1991-1993\/georgien-1992-93\/berlin-26-10-1992\/\">next page<\/a><\/p>\n","protected":false},"excerpt":{"rendered":"<p>WINKINGER, WAR\u00c4GER und NORMANNEN, Ausstellung in der Nationalgalerie auf der Museumsinsel in Ostberlin . Sehr \u00fcbersichtlich gestaltete Ausstellung, die dem wissenschaftlichem Anspruch trotz der Laienfreundlichkeit voll gerecht wurde. Quellen von Interesse: &#8211; Saga um Erich den Roten und seinen Sohn Leif den Gl\u00fccklichen, dem Amerikaentdecker. &#8211; &#8220;Chronik vergangener Jahre&#8221; der Kiever Russ &#8211; Isl\u00e4ndischen Sagas &hellip; <\/p>\n<p class=\"link-more\"><a href=\"http:\/\/jkoehler.diskstation.me\/wordpress\/diaries\/tagebuch-leningrad-st-petersburg-tbilisi-1991-1993\/georgien-1992-93\/berlin-24-10-1992\/\" class=\"more-link\">Continue reading<span class=\"screen-reader-text\"> &#8220;Berlin, 24.10.1992: War\u00e4gerausstellung&#8221;<\/span><\/a><\/p>\n","protected":false},"author":1,"featured_media":0,"parent":1077,"menu_order":3,"comment_status":"closed","ping_status":"closed","template":"","meta":{"footnotes":""},"class_list":["post-1094","page","type-page","status-publish","hentry"],"_links":{"self":[{"href":"http:\/\/jkoehler.diskstation.me\/wordpress\/wp-json\/wp\/v2\/pages\/1094","targetHints":{"allow":["GET"]}}],"collection":[{"href":"http:\/\/jkoehler.diskstation.me\/wordpress\/wp-json\/wp\/v2\/pages"}],"about":[{"href":"http:\/\/jkoehler.diskstation.me\/wordpress\/wp-json\/wp\/v2\/types\/page"}],"author":[{"embeddable":true,"href":"http:\/\/jkoehler.diskstation.me\/wordpress\/wp-json\/wp\/v2\/users\/1"}],"replies":[{"embeddable":true,"href":"http:\/\/jkoehler.diskstation.me\/wordpress\/wp-json\/wp\/v2\/comments?post=1094"}],"version-history":[{"count":4,"href":"http:\/\/jkoehler.diskstation.me\/wordpress\/wp-json\/wp\/v2\/pages\/1094\/revisions"}],"predecessor-version":[{"id":1914,"href":"http:\/\/jkoehler.diskstation.me\/wordpress\/wp-json\/wp\/v2\/pages\/1094\/revisions\/1914"}],"up":[{"embeddable":true,"href":"http:\/\/jkoehler.diskstation.me\/wordpress\/wp-json\/wp\/v2\/pages\/1077"}],"wp:attachment":[{"href":"http:\/\/jkoehler.diskstation.me\/wordpress\/wp-json\/wp\/v2\/media?parent=1094"}],"curies":[{"name":"wp","href":"https:\/\/api.w.org\/{rel}","templated":true}]}}