{"id":1077,"date":"2018-03-08T14:02:41","date_gmt":"2018-03-08T13:02:41","guid":{"rendered":"http:\/\/jkoehler.diskstation.me\/wordpress\/?page_id=1077"},"modified":"2019-03-16T14:16:29","modified_gmt":"2019-03-16T13:16:29","slug":"georgien-1992-93","status":"publish","type":"page","link":"http:\/\/jkoehler.diskstation.me\/wordpress\/diaries\/tagebuch-leningrad-st-petersburg-tbilisi-1991-1993\/georgien-1992-93\/","title":{"rendered":"Georgien 1992-93"},"content":{"rendered":"<ul>\n<li>Erste Ankunft mit Dato<\/li>\n<li>Ungeplante Unterbrechung &amp; Reise nach Deutschland<\/li>\n<li>Zweiter Anlauf Tbilisi<\/li>\n<li>Br\u00fcche mit St. Petersburg und Berlin<\/li>\n<li>Erste Freundschaften &amp; Depressionen<\/li>\n<li>Reise nach Samtredia<\/li>\n<li>Reise nach Moskau und St. Petersburg<\/li>\n<li>Reise nach Swanetien<\/li>\n<li>Rescue and Recovery durch Inna<\/li>\n<\/ul>\n<p>&#8211;&gt; <a href=\"http:\/\/jkoehler.diskstation.me\/wordpress\/diaries\/tagebuch-leningrad-st-petersburg-tbilisi-1991-1993\/georgien-1992-93\/tbilissi-d-07-10-1992\/\">zum Tagebuch<\/a><\/p>\n<p>Struktur der Tagebuchsektion (in Teilen passwortgesch\u00fctzt)<\/p>\n\n<!-- Page-list plugin v.5.9 wordpress.org\/plugins\/page-list\/ -->\n<ul class=\"page-list subpages-page-list \">\n<li class=\"page_item page-item-1081\"><a href=\"http:\/\/jkoehler.diskstation.me\/wordpress\/diaries\/tagebuch-leningrad-st-petersburg-tbilisi-1991-1993\/georgien-1992-93\/tbilissi-d-07-10-1992\/\">Tbilissi, 07.10.1992: Auftakt in der Stadt der gespr\u00e4chigen Einsamkeit<\/a><\/li>\n<li class=\"page_item page-item-1090\"><a href=\"http:\/\/jkoehler.diskstation.me\/wordpress\/diaries\/tagebuch-leningrad-st-petersburg-tbilisi-1991-1993\/georgien-1992-93\/frankfurt-hamburg-10-1992\/\">Frankfurt-Hamburg ??.10.1992: Deutschlandbesuch<\/a><\/li>\n<li class=\"page_item page-item-1094\"><a href=\"http:\/\/jkoehler.diskstation.me\/wordpress\/diaries\/tagebuch-leningrad-st-petersburg-tbilisi-1991-1993\/georgien-1992-93\/berlin-24-10-1992\/\">Berlin, 24.10.1992: War\u00e4gerausstellung<\/a><\/li>\n<li class=\"page_item page-item-1098\"><a href=\"http:\/\/jkoehler.diskstation.me\/wordpress\/diaries\/tagebuch-leningrad-st-petersburg-tbilisi-1991-1993\/georgien-1992-93\/berlin-26-10-1992\/\">Berlin, 26.10.1992: Partygeschichten &#038; Katrins R\u00e4uberpistolen<\/a><\/li>\n<li class=\"page_item page-item-1102\"><a href=\"http:\/\/jkoehler.diskstation.me\/wordpress\/diaries\/tagebuch-leningrad-st-petersburg-tbilisi-1991-1993\/georgien-1992-93\/berlin-29-10-1992\/\">Berlin, 29.10.1992: Verkr\u00fcmmendes Beziehungsviereck; Waps und Marie<\/a><\/li>\n<li class=\"page_item page-item-1109\"><a href=\"http:\/\/jkoehler.diskstation.me\/wordpress\/diaries\/tagebuch-leningrad-st-petersburg-tbilisi-1991-1993\/georgien-1992-93\/frankfurt-flughafen-30-10-1992\/\">Frankfurt Flughafen, 30.10.1992: Reiseimpressionen<\/a><\/li>\n<li class=\"page_item page-item-1114\"><a href=\"http:\/\/jkoehler.diskstation.me\/wordpress\/diaries\/tagebuch-leningrad-st-petersburg-tbilisi-1991-1993\/georgien-1992-93\/tbilissi-4-november-1992\/\">Tbilissi, 4. November 1992: Abenteuerliche Fortsetzung in der Stadt der gespr\u00e4chigen Einsamkeit<\/a><\/li>\n<li class=\"page_item page-item-1119\"><a href=\"http:\/\/jkoehler.diskstation.me\/wordpress\/diaries\/tagebuch-leningrad-st-petersburg-tbilisi-1991-1993\/georgien-1992-93\/6-november-1992\/\">Tbilissi, 6. November 1992: Traum Exekution<\/a><\/li>\n<li class=\"page_item page-item-1124\"><a href=\"http:\/\/jkoehler.diskstation.me\/wordpress\/diaries\/tagebuch-leningrad-st-petersburg-tbilisi-1991-1993\/georgien-1992-93\/7-november-1992\/\">Tbilissi, 7. November 1992: Kher-Modells<\/a><\/li>\n<li class=\"page_item page-item-1133\"><a href=\"http:\/\/jkoehler.diskstation.me\/wordpress\/diaries\/tagebuch-leningrad-st-petersburg-tbilisi-1991-1993\/georgien-1992-93\/tbilisi-14-november-1992\/\">Tbilisi, 14. November 1992: zivilisationsm\u00fcde Tourismuskritik<\/a><\/li>\n<li class=\"page_item page-item-1136\"><a href=\"http:\/\/jkoehler.diskstation.me\/wordpress\/diaries\/tagebuch-leningrad-st-petersburg-tbilisi-1991-1993\/georgien-1992-93\/15-november-1992\/\">Tbilisi, 15. November 1992: Car alarms &#038; heimatloses Heimweh<\/a><\/li>\n<li class=\"page_item page-item-1140\"><a href=\"http:\/\/jkoehler.diskstation.me\/wordpress\/diaries\/tagebuch-leningrad-st-petersburg-tbilisi-1991-1993\/georgien-1992-93\/16-november-1992\/\">Tbilisi, 16. November 1992: Kultur<\/a><\/li>\n<li class=\"page_item page-item-1143\"><a href=\"http:\/\/jkoehler.diskstation.me\/wordpress\/diaries\/tagebuch-leningrad-st-petersburg-tbilisi-1991-1993\/georgien-1992-93\/tbilisi-19-november-1992\/\">Tbilisi, 19. November 1992: neue und alte Welt<\/a><\/li>\n<li class=\"page_item page-item-1146\"><a href=\"http:\/\/jkoehler.diskstation.me\/wordpress\/diaries\/tagebuch-leningrad-st-petersburg-tbilisi-1991-1993\/georgien-1992-93\/tbilisi-23-november-1992\/\">Tbilisi, 23. November 1992: Bernds Interventionen<\/a><\/li>\n<li class=\"page_item page-item-1149\"><a href=\"http:\/\/jkoehler.diskstation.me\/wordpress\/diaries\/tagebuch-leningrad-st-petersburg-tbilisi-1991-1993\/georgien-1992-93\/23-november-1992\/\">Tbilisi, 24. November 1992: Grippekrise und Todesahnung<\/a><\/li>\n<li class=\"page_item page-item-1152\"><a href=\"http:\/\/jkoehler.diskstation.me\/wordpress\/diaries\/tagebuch-leningrad-st-petersburg-tbilisi-1991-1993\/georgien-1992-93\/25-november-1992\/\">Tbilisi, 25. November 1992: Verzagen<\/a><\/li>\n<li class=\"page_item page-item-1169\"><a href=\"http:\/\/jkoehler.diskstation.me\/wordpress\/diaries\/tagebuch-leningrad-st-petersburg-tbilisi-1991-1993\/georgien-1992-93\/tbilisi-27-november-1992\/\">Tbilisi, 27. November 1992: Niko, Not\u00e4rzte und Religion<\/a><\/li>\n<li class=\"page_item page-item-1173\"><a href=\"http:\/\/jkoehler.diskstation.me\/wordpress\/diaries\/tagebuch-leningrad-st-petersburg-tbilisi-1991-1993\/georgien-1992-93\/tbilisi-1-dezember-1992\/\">Tbilisi, 1. Dezember 1992: BM Intrigen, Dato &#038; Weltenrausch<\/a><\/li>\n<li class=\"page_item page-item-1179\"><a href=\"http:\/\/jkoehler.diskstation.me\/wordpress\/diaries\/tagebuch-leningrad-st-petersburg-tbilisi-1991-1993\/georgien-1992-93\/tbilisi-6-dezember-1992\/\">Tbilisi, 6. Dezember 1992: Inesa und Losha treten in mein Leben (Svobodnaya Gruzia)<\/a><\/li>\n<li class=\"page_item page-item-1183\"><a href=\"http:\/\/jkoehler.diskstation.me\/wordpress\/diaries\/tagebuch-leningrad-st-petersburg-tbilisi-1991-1993\/georgien-1992-93\/tbilisi-10-dezember-1992\/\">Tbilisi, 10. Dezember 1992: Zahnarzt und krimineller Nachbar<\/a><\/li>\n<li class=\"page_item page-item-1187\"><a href=\"http:\/\/jkoehler.diskstation.me\/wordpress\/diaries\/tagebuch-leningrad-st-petersburg-tbilisi-1991-1993\/georgien-1992-93\/tbilisi-12-dezember-1992\/\">Tbilisi, 12. Dezember 1992: S\u00f6hne und T\u00f6chter<\/a><\/li>\n<li class=\"page_item page-item-1191\"><a href=\"http:\/\/jkoehler.diskstation.me\/wordpress\/diaries\/tagebuch-leningrad-st-petersburg-tbilisi-1991-1993\/georgien-1992-93\/tbilisi-13-dezember-1992\/\">Tbilisi, 13. Dezember 1992: Godovshino, Intelligentsiya, Nino Zakareadze<\/a><\/li>\n<li class=\"page_item page-item-1201\"><a href=\"http:\/\/jkoehler.diskstation.me\/wordpress\/diaries\/tagebuch-leningrad-st-petersburg-tbilisi-1991-1993\/georgien-1992-93\/tbilisi-18-dezember-1992\/\">Tbilisi, 18. Dezember 1992: Inesa, Abchasien<\/a><\/li>\n<li class=\"page_item page-item-1207\"><a href=\"http:\/\/jkoehler.diskstation.me\/wordpress\/diaries\/tagebuch-leningrad-st-petersburg-tbilisi-1991-1993\/georgien-1992-93\/tbilisi-20-dezember-1992\/\">Tbilisi, 20. Dezember 1992: Bandit zu Hause<\/a><\/li>\n<li class=\"page_item page-item-1217\"><a href=\"http:\/\/jkoehler.diskstation.me\/wordpress\/diaries\/tagebuch-leningrad-st-petersburg-tbilisi-1991-1993\/georgien-1992-93\/tbilisi-20-dezember-1992-2\/\">Tbilisi, 21. Dezember 1992:  Bandit mit M\u00f6chtegerndieb zu Hause<\/a><\/li>\n<li class=\"page_item page-item-1247\"><a href=\"http:\/\/jkoehler.diskstation.me\/wordpress\/diaries\/tagebuch-leningrad-st-petersburg-tbilisi-1991-1993\/georgien-1992-93\/tbilisi-23-dezember-1992\/\">Tbilisi, 23. Dezember 1992: verdorbenes russisches Volk und Interview<\/a><\/li>\n<li class=\"page_item page-item-1300\"><a href=\"http:\/\/jkoehler.diskstation.me\/wordpress\/diaries\/tagebuch-leningrad-st-petersburg-tbilisi-1991-1993\/georgien-1992-93\/tbilisi-26-dezember-1992\/\">Tbilisi, 26. Dezember 1992: Orientierungsbekanntschaften &#038; Innas lauter Abschiedsbrief<\/a><\/li>\n<li class=\"page_item page-item-1252\"><a href=\"http:\/\/jkoehler.diskstation.me\/wordpress\/diaries\/tagebuch-leningrad-st-petersburg-tbilisi-1991-1993\/georgien-1992-93\/tbilisi-3-januar-1993\/\">Tbilisi, 3. Januar 1993: Samtredia<\/a><\/li>\n<li class=\"page_item page-item-1259\"><a href=\"http:\/\/jkoehler.diskstation.me\/wordpress\/diaries\/tagebuch-leningrad-st-petersburg-tbilisi-1991-1993\/georgien-1992-93\/tbilisi-5-januar-1993\/\">Tbilisi, 5. Januar 1993: Ninos Privatgesellschaftswissenschaft<\/a><\/li>\n<li class=\"page_item page-item-1265\"><a href=\"http:\/\/jkoehler.diskstation.me\/wordpress\/diaries\/tagebuch-leningrad-st-petersburg-tbilisi-1991-1993\/georgien-1992-93\/tbilisi-5-januar-1993-abends\/\">Tbilisi, 5. Januar 1993, abends: Bernd und Alexandra<\/a><\/li>\n<li class=\"page_item page-item-1273\"><a href=\"http:\/\/jkoehler.diskstation.me\/wordpress\/diaries\/tagebuch-leningrad-st-petersburg-tbilisi-1991-1993\/georgien-1992-93\/tbilisi-8-januar-1993\/\">Tbilisi, 8. Januar 1993: Liebelei &#038; Bernds holpernde Schadensbegrenzungsversuche<\/a><\/li>\n<li class=\"page_item page-item-1283\"><a href=\"http:\/\/jkoehler.diskstation.me\/wordpress\/diaries\/tagebuch-leningrad-st-petersburg-tbilisi-1991-1993\/georgien-1992-93\/tbilisi-9-januar-1993\/\">Tbilisi, 9. Januar 1993: alkoholbajaender intellektueller Gaunerabend<\/a><\/li>\n<li class=\"page_item page-item-1288\"><a href=\"http:\/\/jkoehler.diskstation.me\/wordpress\/diaries\/tagebuch-leningrad-st-petersburg-tbilisi-1991-1993\/georgien-1992-93\/tbilisi-11-januar-1993\/\">Tbilisi, 11. Januar 1993: Inga und der amour\u00f6se t\u00fcrkische Konsul<\/a><\/li>\n<li class=\"page_item page-item-1293\"><a href=\"http:\/\/jkoehler.diskstation.me\/wordpress\/diaries\/tagebuch-leningrad-st-petersburg-tbilisi-1991-1993\/georgien-1992-93\/tbilissi-d-19-februar-1993-17-01-19-02-in-moskau-und-petersburg\/\">Tbilissi, 19. Februar 1993: 17.01 &#8211; 19.02 in Moskau und Petersburg<\/a><\/li>\n<li class=\"page_item page-item-1331\"><a href=\"http:\/\/jkoehler.diskstation.me\/wordpress\/diaries\/tagebuch-leningrad-st-petersburg-tbilisi-1991-1993\/georgien-1992-93\/tbilissi-d-23-%d1%84%d0%b5%d0%b2%d1%80%d0%b0%d0%bb-1993-%d0%b3\/\">Tbilissi, d. 23 \u0444\u0435\u0432\u0440\u0430\u043b 1993 \u0433.: verrannte Spiele<\/a><\/li>\n<li class=\"page_item page-item-1341\"><a href=\"http:\/\/jkoehler.diskstation.me\/wordpress\/diaries\/tagebuch-leningrad-st-petersburg-tbilisi-1991-1993\/georgien-1992-93\/tbilisi-25-februar-1993\/\">Tbilisi, 25. Februar 1993: Gaffen<\/a><\/li>\n<li class=\"page_item page-item-1344\"><a href=\"http:\/\/jkoehler.diskstation.me\/wordpress\/diaries\/tagebuch-leningrad-st-petersburg-tbilisi-1991-1993\/georgien-1992-93\/tbilisi-27-februar-1993\/\">Tbilisi, 27. Februar 1993: Alexandras Traum<\/a><\/li>\n<li class=\"page_item page-item-1347\"><a href=\"http:\/\/jkoehler.diskstation.me\/wordpress\/diaries\/tagebuch-leningrad-st-petersburg-tbilisi-1991-1993\/georgien-1992-93\/tbilisi-1-marz-1993\/\">Tbilisi, 1. M\u00e4rz 1993: Satire und Trag\u00f6die<\/a><\/li>\n<li class=\"page_item page-item-1351\"><a href=\"http:\/\/jkoehler.diskstation.me\/wordpress\/diaries\/tagebuch-leningrad-st-petersburg-tbilisi-1991-1993\/georgien-1992-93\/tbilisi-3-marz-1993\/\">Tbilisi, 3. M\u00e4rz 1993: Feigheit und Fluchtgedanken<\/a><\/li>\n<li class=\"page_item page-item-1353\"><a href=\"http:\/\/jkoehler.diskstation.me\/wordpress\/diaries\/tagebuch-leningrad-st-petersburg-tbilisi-1991-1993\/georgien-1992-93\/tbilisi-7-marz-1993\/\">Tbilisi, 7. M\u00e4rz 1993: Irrtum und Einsicht<\/a><\/li>\n<li class=\"page_item page-item-1357\"><a href=\"http:\/\/jkoehler.diskstation.me\/wordpress\/diaries\/tagebuch-leningrad-st-petersburg-tbilisi-1991-1993\/georgien-1992-93\/tbilisi-8-marz-1993\/\">Tbilisi, 8. M\u00e4rz 1993: Heimatlosigkeit der kleinen G\u00f6tter<\/a><\/li>\n<li class=\"page_item page-item-1362\"><a href=\"http:\/\/jkoehler.diskstation.me\/wordpress\/diaries\/tagebuch-leningrad-st-petersburg-tbilisi-1991-1993\/georgien-1992-93\/tbilissi-10-marz-1993\/\">Tbilissi, 10. M\u00e4rz 1993: Rassismus<\/a><\/li>\n<li class=\"page_item page-item-1366\"><a href=\"http:\/\/jkoehler.diskstation.me\/wordpress\/diaries\/tagebuch-leningrad-st-petersburg-tbilisi-1991-1993\/georgien-1992-93\/tbilissi-12-marz-1993\/\">Tbilissi, 12. M\u00e4rz 1993: verf\u00fchren und versagen<\/a><\/li>\n<li class=\"page_item page-item-1369\"><a href=\"http:\/\/jkoehler.diskstation.me\/wordpress\/diaries\/tagebuch-leningrad-st-petersburg-tbilisi-1991-1993\/georgien-1992-93\/tbilissi-13-marz-1993\/\">Tbilissi, 13. M\u00e4rz 1993: Hausbesuch von der Gewalt (Argo)<\/a><\/li>\n<li class=\"page_item page-item-1373\"><a href=\"http:\/\/jkoehler.diskstation.me\/wordpress\/diaries\/tagebuch-leningrad-st-petersburg-tbilisi-1991-1993\/georgien-1992-93\/tbilissi-14-marz-1993\/\">Tbilissi, 14. M\u00e4rz 1993: Wissen und Unwissenheit<\/a><\/li>\n<li class=\"page_item page-item-1376\"><a href=\"http:\/\/jkoehler.diskstation.me\/wordpress\/diaries\/tagebuch-leningrad-st-petersburg-tbilisi-1991-1993\/georgien-1992-93\/tbilissi-15-marz-1993\/\">Tbilissi, 15. M\u00e4rz 1993: Gegenst\u00e4nde allt\u00e4glicher Periodit\u00e4t<\/a><\/li>\n<li class=\"page_item page-item-1379\"><a href=\"http:\/\/jkoehler.diskstation.me\/wordpress\/diaries\/tagebuch-leningrad-st-petersburg-tbilisi-1991-1993\/georgien-1992-93\/tbilissi-17-marz-1993\/\">Tbilissi, 17. M\u00e4rz 1993: m\u00f6glicher Krieg zwischen Ru\u00dfland und Georgien<\/a><\/li>\n<li class=\"page_item page-item-1390\"><a href=\"http:\/\/jkoehler.diskstation.me\/wordpress\/diaries\/tagebuch-leningrad-st-petersburg-tbilisi-1991-1993\/georgien-1992-93\/tbilissi-21-marz-1993\/\">Tbilissi, 21. M\u00e4rz 1993: Krankheiten<\/a><\/li>\n<li class=\"page_item page-item-1394\"><a href=\"http:\/\/jkoehler.diskstation.me\/wordpress\/diaries\/tagebuch-leningrad-st-petersburg-tbilisi-1991-1993\/georgien-1992-93\/tbilissi-25-marz-1993\/\">Tbilissi, 25. M\u00e4rz 1993: postsowjetische Konflikte<\/a><\/li>\n<li class=\"page_item page-item-1397\"><a href=\"http:\/\/jkoehler.diskstation.me\/wordpress\/diaries\/tagebuch-leningrad-st-petersburg-tbilisi-1991-1993\/georgien-1992-93\/tbilissi-26-marz-1993\/\">Tbilissi, 26. M\u00e4rz 1993: die Libido der Anderen<\/a><\/li>\n<li class=\"page_item page-item-1400\"><a href=\"http:\/\/jkoehler.diskstation.me\/wordpress\/diaries\/tagebuch-leningrad-st-petersburg-tbilisi-1991-1993\/georgien-1992-93\/tbilissi-27-marz-1993\/\">Tbilissi, 27; M\u00e4rz 1993: Ultima necat<\/a><\/li>\n<li class=\"page_item page-item-1403\"><a href=\"http:\/\/jkoehler.diskstation.me\/wordpress\/diaries\/tagebuch-leningrad-st-petersburg-tbilisi-1991-1993\/georgien-1992-93\/tbilissi-29-marz-1993\/\">Tbilissi, 29. M\u00e4rz 1993: Botanischer Garten<\/a><\/li>\n<li class=\"page_item page-item-1406\"><a href=\"http:\/\/jkoehler.diskstation.me\/wordpress\/diaries\/tagebuch-leningrad-st-petersburg-tbilisi-1991-1993\/georgien-1992-93\/tbilissi-31-marz-1993\/\">Tbilissi. 31. M\u00e4rz 1993: DEDA-Syndrom<\/a><\/li>\n<li class=\"page_item page-item-1408\"><a href=\"http:\/\/jkoehler.diskstation.me\/wordpress\/diaries\/tagebuch-leningrad-st-petersburg-tbilisi-1991-1993\/georgien-1992-93\/tbilissi-1-april-1993\/\">Tbilissi, 1. April 1993: bei Inga und Olga im Iveria zu Gast<\/a><\/li>\n<li class=\"page_item page-item-1412\"><a href=\"http:\/\/jkoehler.diskstation.me\/wordpress\/diaries\/tagebuch-leningrad-st-petersburg-tbilisi-1991-1993\/georgien-1992-93\/tbilissi-7-april-1993\/\">Tbilissi, 7. April 1993: Ist das etwa eine Regierung?<\/a><\/li>\n<li class=\"page_item page-item-1416\"><a href=\"http:\/\/jkoehler.diskstation.me\/wordpress\/diaries\/tagebuch-leningrad-st-petersburg-tbilisi-1991-1993\/georgien-1992-93\/tbilissi-8-april-1993\/\">Tbilissi, 8. April 1993: K\u00f6nig von Deutschland<\/a><\/li>\n<li class=\"page_item page-item-1419\"><a href=\"http:\/\/jkoehler.diskstation.me\/wordpress\/diaries\/tagebuch-leningrad-st-petersburg-tbilisi-1991-1993\/georgien-1992-93\/tbilissi-9-april-1993\/\">Tbilissi, 9. April 1993: Loch Ness<\/a><\/li>\n<li class=\"page_item page-item-1423\"><a href=\"http:\/\/jkoehler.diskstation.me\/wordpress\/diaries\/tagebuch-leningrad-st-petersburg-tbilisi-1991-1993\/georgien-1992-93\/tbilissi-11-april-1993\/\">Tbilissi, 11. April 1993: Platons Feuerzeug<\/a><\/li>\n<li class=\"page_item page-item-1426\"><a href=\"http:\/\/jkoehler.diskstation.me\/wordpress\/diaries\/tagebuch-leningrad-st-petersburg-tbilisi-1991-1993\/georgien-1992-93\/tbilissi-14-april-1993\/\">Tbilissi, 14. April 1993: Weltbild und Mensch<\/a><\/li>\n<li class=\"page_item page-item-1429\"><a href=\"http:\/\/jkoehler.diskstation.me\/wordpress\/diaries\/tagebuch-leningrad-st-petersburg-tbilisi-1991-1993\/georgien-1992-93\/tbilissi-18-april-1993\/\">Tbilissi, 18. April 1993: Sturm im Wasserglas<\/a><\/li>\n<li class=\"page_item page-item-1466\"><a href=\"http:\/\/jkoehler.diskstation.me\/wordpress\/diaries\/tagebuch-leningrad-st-petersburg-tbilisi-1991-1993\/georgien-1992-93\/tbilissi-19-april-1993\/\">Tbilissi, 19. April 1993: Stra\u00dfenszenen<\/a><\/li>\n<li class=\"page_item page-item-1472\"><a href=\"http:\/\/jkoehler.diskstation.me\/wordpress\/diaries\/tagebuch-leningrad-st-petersburg-tbilisi-1991-1993\/georgien-1992-93\/tbilissi-20-april-1993\/\">Tbilissi. 20. April 1993: Infos und Granatenspiele an der Uni<\/a><\/li>\n<li class=\"page_item page-item-1476\"><a href=\"http:\/\/jkoehler.diskstation.me\/wordpress\/diaries\/tagebuch-leningrad-st-petersburg-tbilisi-1991-1993\/georgien-1992-93\/tbilissi-23-april-1993\/\">Tbilissi, 23. April 1993: ein Mann soll sein (Inna kommt nach Tbilisi)<\/a><\/li>\n<li class=\"page_item page-item-1479\"><a href=\"http:\/\/jkoehler.diskstation.me\/wordpress\/diaries\/tagebuch-leningrad-st-petersburg-tbilisi-1991-1993\/georgien-1992-93\/tbilissi-25-april-1993\/\">Tbilissi, 25. April 1993: sch\u00f6ne Jugend<\/a><\/li>\n<li class=\"page_item page-item-1482\"><a href=\"http:\/\/jkoehler.diskstation.me\/wordpress\/diaries\/tagebuch-leningrad-st-petersburg-tbilisi-1991-1993\/georgien-1992-93\/tbilissi-28-april-1993\/\">Tbilissi, 28. April 1993: St. Elms Feuer<\/a><\/li>\n<li class=\"page_item page-item-1486\"><a href=\"http:\/\/jkoehler.diskstation.me\/wordpress\/diaries\/tagebuch-leningrad-st-petersburg-tbilisi-1991-1993\/georgien-1992-93\/tbilissi-29-april-1993\/\">Tbilissi, 29. April 1993: Eichen unterhalb Genfs im Jahre 1917<\/a><\/li>\n<li class=\"page_item page-item-1489\"><a href=\"http:\/\/jkoehler.diskstation.me\/wordpress\/diaries\/tagebuch-leningrad-st-petersburg-tbilisi-1991-1993\/georgien-1992-93\/tbilissi-30-april-1993\/\">Tbilissi, 30. April 1993: Gewalt und Schamlosigkeit<\/a><\/li>\n<li class=\"page_item page-item-1492\"><a href=\"http:\/\/jkoehler.diskstation.me\/wordpress\/diaries\/tagebuch-leningrad-st-petersburg-tbilisi-1991-1993\/georgien-1992-93\/tbilissi-11-mai-1993\/\">Tbilissi, 11. Mai 1993: Geschichten aus Deutschland, Georgien und dem russischen Dorf<\/a><\/li>\n<li class=\"page_item page-item-1495\"><a href=\"http:\/\/jkoehler.diskstation.me\/wordpress\/diaries\/tagebuch-leningrad-st-petersburg-tbilisi-1991-1993\/georgien-1992-93\/tbilissi-20-mai-1993\/\">Tbilissi, 20. Mai 1993: Gewalt gegen Frauen<\/a><\/li>\n<li class=\"page_item page-item-1498\"><a href=\"http:\/\/jkoehler.diskstation.me\/wordpress\/diaries\/tagebuch-leningrad-st-petersburg-tbilisi-1991-1993\/georgien-1992-93\/piter-03-07-1993-29-05-tbilissi-auf-dem-weg-nach-swanetien-bis-zum-02-07-petersburg\/\">Piter, 03.07.1993: 29.05 (Tbilissi, auf dem Weg nach Swanetien) bis zum 02.07 (Petersburg)<\/a><\/li>\n\n<\/ul>\n","protected":false},"excerpt":{"rendered":"<p>Erste Ankunft mit Dato Ungeplante Unterbrechung &amp; Reise nach Deutschland Zweiter Anlauf Tbilisi Br\u00fcche mit St. Petersburg und Berlin Erste Freundschaften &amp; Depressionen Reise nach Samtredia Reise nach Moskau und St. Petersburg Reise nach Swanetien Rescue and Recovery durch Inna &#8211;&gt; zum Tagebuch Struktur der Tagebuchsektion (in Teilen passwortgesch\u00fctzt)<\/p>\n","protected":false},"author":1,"featured_media":1078,"parent":214,"menu_order":5,"comment_status":"closed","ping_status":"closed","template":"","meta":{"footnotes":""},"class_list":["post-1077","page","type-page","status-publish","has-post-thumbnail","hentry"],"_links":{"self":[{"href":"http:\/\/jkoehler.diskstation.me\/wordpress\/wp-json\/wp\/v2\/pages\/1077","targetHints":{"allow":["GET"]}}],"collection":[{"href":"http:\/\/jkoehler.diskstation.me\/wordpress\/wp-json\/wp\/v2\/pages"}],"about":[{"href":"http:\/\/jkoehler.diskstation.me\/wordpress\/wp-json\/wp\/v2\/types\/page"}],"author":[{"embeddable":true,"href":"http:\/\/jkoehler.diskstation.me\/wordpress\/wp-json\/wp\/v2\/users\/1"}],"replies":[{"embeddable":true,"href":"http:\/\/jkoehler.diskstation.me\/wordpress\/wp-json\/wp\/v2\/comments?post=1077"}],"version-history":[{"count":2,"href":"http:\/\/jkoehler.diskstation.me\/wordpress\/wp-json\/wp\/v2\/pages\/1077\/revisions"}],"predecessor-version":[{"id":1083,"href":"http:\/\/jkoehler.diskstation.me\/wordpress\/wp-json\/wp\/v2\/pages\/1077\/revisions\/1083"}],"up":[{"embeddable":true,"href":"http:\/\/jkoehler.diskstation.me\/wordpress\/wp-json\/wp\/v2\/pages\/214"}],"wp:featuredmedia":[{"embeddable":true,"href":"http:\/\/jkoehler.diskstation.me\/wordpress\/wp-json\/wp\/v2\/media\/1078"}],"wp:attachment":[{"href":"http:\/\/jkoehler.diskstation.me\/wordpress\/wp-json\/wp\/v2\/media?parent=1077"}],"curies":[{"name":"wp","href":"https:\/\/api.w.org\/{rel}","templated":true}]}}